{"id":1859,"date":"2024-12-09T15:34:45","date_gmt":"2024-12-09T14:34:45","guid":{"rendered":"https:\/\/aezhenn-croisieres.bzh\/training-materials\/"},"modified":"2026-04-09T11:35:27","modified_gmt":"2026-04-09T09:35:27","slug":"training-materials","status":"publish","type":"page","link":"https:\/\/aezhenn-croisieres.bzh\/en\/cruising-courses\/training-materials\/","title":{"rendered":"Training materials"},"content":{"rendered":"\n<figure class=\"wp-block-image aligncenter size-full\"><img loading=\"lazy\" decoding=\"async\" width=\"91\" height=\"90\" src=\"https:\/\/aezhenn-croisieres.bzh\/wp-content\/uploads\/2024\/12\/books.webp\" alt=\"\" class=\"wp-image-1783\"\/><\/figure>\n\n<h1 class=\"wp-block-heading has-text-align-center has-ast-global-color-3-color has-text-color has-link-color has-large-font-size wp-elements-07aceab6da7d8c2a65884ecc9016d0c0\">Training materials<\/h1>\n\n<p>Here you\u2019ll find a collection of training materials and useful websites, organized by theme. <\/p>\n\n<div class=\"wp-block-media-text is-stacked-on-mobile is-vertically-aligned-top\" style=\"grid-template-columns:30% auto\"><figure class=\"wp-block-media-text__media\"><img loading=\"lazy\" decoding=\"async\" width=\"300\" height=\"105\" src=\"https:\/\/aezhenn-croisieres.bzh\/wp-content\/uploads\/2024\/12\/books-5093228_640.webp\" alt=\"Training materials library\" class=\"wp-image-1679 size-full\"\/><\/figure><div class=\"wp-block-media-text__content\">\n<h2 class=\"wp-block-heading has-medium-font-size\"><strong>Chart plotter &#8211; Charts<\/strong><\/h2>\n\n\n\n<ul class=\"wp-block-list\">\n<li><a href=\"https:\/\/opencpn.org\/\">OpenCPN<\/a> &#8211; <a href=\"http:\/\/o-charts.org\/\">O-Charts<\/a><\/li>\n\n\n\n<li><a href=\"https:\/\/www.meltemus.com\/index.php\/fr\/\">qtVlm<\/a> &#8211; <a href=\"https:\/\/www.meltemus.com\/index.php\/fr\/cartes-meltemus\">Meltemus<\/a><\/li>\n\n\n\n<li><a href=\"https:\/\/www.life-marha.fr\/application_Nav%26Co\">Nav &amp; Co<\/a><\/li>\n\n\n\n<li><a href=\"https:\/\/diffusion.shom.fr\/ouvrages\/ouvrages-generaux\/symboles-abreviations-et-termes-utilises-sur-les-cartes-marines.html\">Symbols, abbreviations and terms for paper charts<\/a><\/li>\n\n\n\n<li><a href=\"https:\/\/msi.nga.mil\/Publications\/Chart1\">Nautical Chart Symbols, Abbreviations and Terms on Raster and Electronic Charts<\/a><\/li>\n\n\n\n<li><a href=\"https:\/\/aezhenn-croisieres.bzh\/wp-content\/uploads\/2024\/12\/CATZOC.pdf\">CATZOC<\/a><\/li>\n<\/ul>\n\n\n\n<h2 class=\"wp-block-heading has-medium-font-size\"><strong>Safety<\/strong><\/h2>\n\n\n\n<ul class=\"wp-block-list\">\n<li>France: <a href=\"https:\/\/portail.ping-info-nautique.fr\/avurnav-notice\">Radio navigation warnings and Notices to mariners<\/a><\/li>\n\n\n\n<li>UK: <a href=\"https:\/\/msi.admiralty.co.uk\/RadioNavigationalWarnings\">Radio navigation warnings<\/a>, <a href=\"https:\/\/msi.admiralty.co.uk\/NoticesToMariners\/Weekly\">Notices to mariners<\/a><\/li>\n\n\n\n<li>World: <a href=\"https:\/\/iho.int\/navigation-warnings-on-the-web\">Navigation warnings<\/a>, <a href=\"https:\/\/wwmiws.wmo.int\/\">Met-Ocean Information and Warning<\/a><\/li>\n\n\n\n<li>MAYDAY card (<a href=\"https:\/\/aezhenn-croisieres.bzh\/wp-content\/uploads\/2024\/12\/mayday_card_fr.pdf\">pdf_fr<\/a>, <a href=\"https:\/\/aezhenn-croisieres.bzh\/wp-content\/uploads\/2026\/04\/mayday_card_fr.odt\" type=\"attachment\" id=\"2280\">odt_fr<\/a>, <a href=\"https:\/\/aezhenn-croisieres.bzh\/wp-content\/uploads\/2024\/12\/mayday_card_en.pdf\">pdf_en<\/a>, <a href=\"https:\/\/aezhenn-croisieres.bzh\/wp-content\/uploads\/2026\/04\/mayday_card_en.odt\" type=\"attachment\" id=\"2279\">odt_en<\/a>)<\/li>\n\n\n\n<li>PANPAN card (<a href=\"https:\/\/aezhenn-croisieres.bzh\/wp-content\/uploads\/2024\/12\/panpan_card_fr.pdf\">pdf_fr<\/a>, <a href=\"https:\/\/aezhenn-croisieres.bzh\/wp-content\/uploads\/2026\/04\/panpan_card_fr.odt\" type=\"attachment\" id=\"2282\">odt_fr<\/a>, <a href=\"https:\/\/aezhenn-croisieres.bzh\/wp-content\/uploads\/2024\/12\/panpan_card_en.pdf\">pdf_en<\/a>, <a href=\"https:\/\/aezhenn-croisieres.bzh\/wp-content\/uploads\/2026\/04\/panpan_card_en.odt\" type=\"attachment\" id=\"2281\">odt_en<\/a>)<\/li>\n\n\n\n<li>SECURITE card (<a href=\"https:\/\/aezhenn-croisieres.bzh\/wp-content\/uploads\/2024\/12\/securite_card_fr.pdf\">pdf_fr<\/a>, <a href=\"https:\/\/aezhenn-croisieres.bzh\/wp-content\/uploads\/2026\/04\/securite_card_fr.odt\" type=\"attachment\" id=\"2284\">odt_fr<\/a>, <a href=\"https:\/\/aezhenn-croisieres.bzh\/wp-content\/uploads\/2024\/12\/securite_card_en.pdf\">pdf_en<\/a>, <a href=\"https:\/\/aezhenn-croisieres.bzh\/wp-content\/uploads\/2026\/04\/securite_card_en.odt\" type=\"attachment\" id=\"2283\">odt_en<\/a>)<\/li>\n\n\n\n<li>Medical observation form (<a href=\"https:\/\/www.chu-toulouse.fr\/IMG\/pdf\/ccmm_fiche_observation_medicale_teleconsultation_fr.pdf\">fr<\/a>, <a href=\"https:\/\/www.chu-toulouse.fr\/IMG\/pdf\/ccmm_fiche_observation_medicale_teleconsultation_en.pdf\">en<\/a>)<\/li>\n\n\n\n<li><a href=\"https:\/\/www.bea-mer.developpement-durable.gouv.fr\/contact-a569.html\">BEA Mer Report Template<\/a>, <a href=\"https:\/\/www.gov.uk\/government\/publications\/report-a-marine-accident\">MAIB accident Report Form<\/a><\/li>\n<\/ul>\n\n\n\n<h2 class=\"wp-block-heading has-medium-font-size\"><strong>Navigation<\/strong><\/h2>\n\n\n\n<ul class=\"wp-block-list\">\n<li><a href=\"https:\/\/diffusion.shom.fr\/ouvrages\/ouvrages-generaux\/reglement-international-pour-prevenir-les-abordages-en-mer.html\">COLREGs<\/a><\/li>\n\n\n\n<li><a href=\"https:\/\/diffusion.shom.fr\/ouvrages\/ouvrages-generaux\/signalisation-maritime.html\">Buoyage<\/a><\/li>\n\n\n\n<li><a href=\"https:\/\/msi.nga.mil\/Publications\/APC\">Atlas of Pilot charts<\/a><\/li>\n<\/ul>\n\n\n\n<h2 class=\"wp-block-heading has-medium-font-size\"><strong>Marine Weather<\/strong><\/h2>\n\n\n\n<ul class=\"wp-block-list\">\n<li><a href=\"https:\/\/meteofrance.com\/meteo-marine\">M\u00e9t\u00e9o-France<\/a><\/li>\n\n\n\n<li><a href=\"https:\/\/www.metoffice.gov.uk\/\">MetOffice<\/a>, <a href=\"https:\/\/www.metoffice.gov.uk\/weather\/maps-and-charts\/surface-pressure\">isobaric chart<\/a><\/li>\n\n\n\n<li><a href=\"https:\/\/www.passageweather.com\/\">PassageWeather<\/a><\/li>\n\n\n\n<li><a href=\"https:\/\/aezhenn-croisieres.bzh\/wp-content\/uploads\/2025\/11\/echelle_meteo_00.pdf\">Weather scales<\/a><\/li>\n<\/ul>\n\n\n\n<h2 class=\"wp-block-heading has-medium-font-size\"><strong>Tides<\/strong><\/h2>\n\n\n\n<ul class=\"wp-block-list\">\n<li><a href=\"https:\/\/maree.info\/\">Mar\u00e9e Info<\/a><\/li>\n\n\n\n<li><a href=\"https:\/\/imray.com\/digital\/imray-tides-planner\/\">Imray Tides Planner<\/a><\/li>\n\n\n\n<li><a href=\"https:\/\/aezhenn-croisieres.bzh\/wp-content\/uploads\/2024\/12\/Brest_Tidal_Curve.pdf\">Tide curve for the port of Brest<\/a><\/li>\n<\/ul>\n\n\n\n<h2 class=\"wp-block-heading has-medium-font-size\"><strong>Currents<\/strong><\/h2>\n\n\n\n<ul class=\"wp-block-list\">\n<li><a href=\"https:\/\/data.shom.fr\/\">SHOM<\/a><\/li>\n\n\n\n<li><a href=\"https:\/\/openskiron.org\/en\/openwrf\">GRIB<\/a><\/li>\n<\/ul>\n\n\n\n<h2 class=\"wp-block-heading has-medium-font-size\"><strong>Radio<\/strong><\/h2>\n\n\n\n<ul class=\"wp-block-list\">\n<li><a href=\"https:\/\/www.anfr.fr\/gerer\/radiomaritime\/le-crr\">The SRC (ANFR)<\/a><\/li>\n\n\n\n<li><a href=\"https:\/\/gisis.imo.org\/\">GMDSS master plan<\/a><\/li>\n<\/ul>\n\n\n\n<h2 class=\"wp-block-heading has-medium-font-size\"><strong>Ropework<\/strong><\/h2>\n\n\n\n<ul class=\"wp-block-list\">\n<li><a href=\"https:\/\/aezhenn-croisieres.bzh\/wp-content\/uploads\/2025\/07\/5_noeuds_essentiels.pdf\">5 essential knots<\/a><\/li>\n<\/ul>\n\n\n\n<h2 class=\"wp-block-heading has-medium-font-size\"><strong>Checklists \/ Logbook<\/strong><\/h2>\n\n\n\n<ul class=\"wp-block-list\">\n<li><a href=\"https:\/\/aezhenn-croisieres.bzh\/wp-content\/uploads\/2024\/12\/safety_briefing.pdf\">Safety Briefing<\/a><\/li>\n\n\n\n<li>Inventory (<a href=\"https:\/\/aezhenn-croisieres.bzh\/wp-content\/uploads\/2024\/12\/checklist_fr_v01.pdf\">fr<\/a>, <a href=\"https:\/\/aezhenn-croisieres.bzh\/wp-content\/uploads\/2024\/12\/checklist_en_v01.pdf\">en<\/a>)<\/li>\n\n\n\n<li><a href=\"https:\/\/aezhenn-croisieres.bzh\/wp-content\/uploads\/2024\/12\/logbook_fr.pdf\">Logbook template<\/a><\/li>\n<\/ul>\n<\/div><\/div>\n\n<p><\/p>\n","protected":false},"excerpt":{"rendered":"<p>Training materials Here you\u2019ll find a collection of training materials and useful websites, organized by theme.<\/p>\n","protected":false},"author":1,"featured_media":0,"parent":1968,"menu_order":0,"comment_status":"closed","ping_status":"closed","template":"","meta":{"site-sidebar-layout":"default","site-content-layout":"","ast-site-content-layout":"","site-content-style":"default","site-sidebar-style":"default","ast-global-header-display":"","ast-banner-title-visibility":"","ast-main-header-display":"","ast-hfb-above-header-display":"","ast-hfb-below-header-display":"","ast-hfb-mobile-header-display":"","site-post-title":"disabled","ast-breadcrumbs-content":"","ast-featured-img":"","footer-sml-layout":"","ast-disable-related-posts":"","theme-transparent-header-meta":"","adv-header-id-meta":"","stick-header-meta":"","header-above-stick-meta":"","header-main-stick-meta":"","header-below-stick-meta":"","astra-migrate-meta-layouts":"default","ast-page-background-enabled":"default","ast-page-background-meta":{"desktop":{"background-color":"var(--ast-global-color-4)","background-image":"","background-repeat":"repeat","background-position":"center center","background-size":"auto","background-attachment":"scroll","background-type":"","background-media":"","overlay-type":"","overlay-color":"","overlay-opacity":"","overlay-gradient":""},"tablet":{"background-color":"","background-image":"","background-repeat":"repeat","background-position":"center center","background-size":"auto","background-attachment":"scroll","background-type":"","background-media":"","overlay-type":"","overlay-color":"","overlay-opacity":"","overlay-gradient":""},"mobile":{"background-color":"","background-image":"","background-repeat":"repeat","background-position":"center center","background-size":"auto","background-attachment":"scroll","background-type":"","background-media":"","overlay-type":"","overlay-color":"","overlay-opacity":"","overlay-gradient":""}},"ast-content-background-meta":{"desktop":{"background-color":"var(--ast-global-color-5)","background-image":"","background-repeat":"repeat","background-position":"center center","background-size":"auto","background-attachment":"scroll","background-type":"","background-media":"","overlay-type":"","overlay-color":"","overlay-opacity":"","overlay-gradient":""},"tablet":{"background-color":"var(--ast-global-color-5)","background-image":"","background-repeat":"repeat","background-position":"center center","background-size":"auto","background-attachment":"scroll","background-type":"","background-media":"","overlay-type":"","overlay-color":"","overlay-opacity":"","overlay-gradient":""},"mobile":{"background-color":"var(--ast-global-color-5)","background-image":"","background-repeat":"repeat","background-position":"center center","background-size":"auto","background-attachment":"scroll","background-type":"","background-media":"","overlay-type":"","overlay-color":"","overlay-opacity":"","overlay-gradient":""}},"footnotes":""},"wf_page_folders":[20],"class_list":["post-1859","page","type-page","status-publish","hentry"],"yoast_head":"<!-- This site is optimized with the Yoast SEO plugin v27.6 - https:\/\/yoast.com\/product\/yoast-seo-wordpress\/ -->\n<title>Sailing Course Training Materials - Aezhenn Croisi\u00e8res<\/title>\n<meta name=\"description\" content=\"Access Aezhenn Croisi\u00e8res\u2019 training materials and sailing resources in Brittany.Discover a complete library of educational documents designed to support your navigation training and sailing courses. Whether you\u2019re preparing for a coastal cruise or improving your seamanship skills, our high-quality learning materials will help you sail with confidence along the Brittany coast.\" \/>\n<meta name=\"robots\" content=\"index, follow, max-snippet:-1, max-image-preview:large, max-video-preview:-1\" \/>\n<link rel=\"canonical\" href=\"https:\/\/aezhenn-croisieres.bzh\/en\/cruising-courses\/training-materials\/\" \/>\n<meta property=\"og:locale\" content=\"en_US\" \/>\n<meta property=\"og:type\" content=\"article\" \/>\n<meta property=\"og:title\" content=\"Sailing Course Training Materials - Aezhenn Croisi\u00e8res\" \/>\n<meta property=\"og:description\" content=\"Access Aezhenn Croisi\u00e8res\u2019 training materials and sailing resources in Brittany.Discover a complete library of educational documents designed to support your navigation training and sailing courses. Whether you\u2019re preparing for a coastal cruise or improving your seamanship skills, our high-quality learning materials will help you sail with confidence along the Brittany coast.\" \/>\n<meta property=\"og:url\" content=\"https:\/\/aezhenn-croisieres.bzh\/en\/cruising-courses\/training-materials\/\" \/>\n<meta property=\"og:site_name\" content=\"Croisi\u00e8res et formations maritimes en voilier au d\u00e9part de Brest avec skipper professionnel\" \/>\n<meta property=\"article:modified_time\" content=\"2026-04-09T09:35:27+00:00\" \/>\n<meta property=\"og:image\" content=\"https:\/\/aezhenn-croisieres.bzh\/wp-content\/uploads\/2024\/12\/books.webp\" \/>\n\t<meta property=\"og:image:width\" content=\"91\" \/>\n\t<meta property=\"og:image:height\" content=\"90\" \/>\n\t<meta property=\"og:image:type\" content=\"image\/webp\" \/>\n<meta name=\"twitter:card\" content=\"summary_large_image\" \/>\n<meta name=\"twitter:label1\" content=\"Est. reading time\" \/>\n\t<meta name=\"twitter:data1\" content=\"1 minute\" \/>\n<script type=\"application\/ld+json\" class=\"yoast-schema-graph\">{\"@context\":\"https:\\\/\\\/schema.org\",\"@graph\":[{\"@type\":\"WebPage\",\"@id\":\"https:\\\/\\\/aezhenn-croisieres.bzh\\\/en\\\/cruising-courses\\\/training-materials\\\/\",\"url\":\"https:\\\/\\\/aezhenn-croisieres.bzh\\\/en\\\/cruising-courses\\\/training-materials\\\/\",\"name\":\"Sailing Course Training Materials - Aezhenn Croisi\u00e8res\",\"isPartOf\":{\"@id\":\"https:\\\/\\\/aezhenn-croisieres.bzh\\\/en\\\/#website\"},\"primaryImageOfPage\":{\"@id\":\"https:\\\/\\\/aezhenn-croisieres.bzh\\\/en\\\/cruising-courses\\\/training-materials\\\/#primaryimage\"},\"image\":{\"@id\":\"https:\\\/\\\/aezhenn-croisieres.bzh\\\/en\\\/cruising-courses\\\/training-materials\\\/#primaryimage\"},\"thumbnailUrl\":\"https:\\\/\\\/aezhenn-croisieres.bzh\\\/wp-content\\\/uploads\\\/2024\\\/12\\\/books.webp\",\"datePublished\":\"2024-12-09T14:34:45+00:00\",\"dateModified\":\"2026-04-09T09:35:27+00:00\",\"description\":\"Access Aezhenn Croisi\u00e8res\u2019 training materials and sailing resources in Brittany.Discover a complete library of educational documents designed to support your navigation training and sailing courses. Whether you\u2019re preparing for a coastal cruise or improving your seamanship skills, our high-quality learning materials will help you sail with confidence along the Brittany coast.\",\"breadcrumb\":{\"@id\":\"https:\\\/\\\/aezhenn-croisieres.bzh\\\/en\\\/cruising-courses\\\/training-materials\\\/#breadcrumb\"},\"inLanguage\":\"en-US\",\"potentialAction\":[{\"@type\":\"ReadAction\",\"target\":[\"https:\\\/\\\/aezhenn-croisieres.bzh\\\/en\\\/cruising-courses\\\/training-materials\\\/\"]}]},{\"@type\":\"ImageObject\",\"inLanguage\":\"en-US\",\"@id\":\"https:\\\/\\\/aezhenn-croisieres.bzh\\\/en\\\/cruising-courses\\\/training-materials\\\/#primaryimage\",\"url\":\"https:\\\/\\\/aezhenn-croisieres.bzh\\\/wp-content\\\/uploads\\\/2024\\\/12\\\/books.webp\",\"contentUrl\":\"https:\\\/\\\/aezhenn-croisieres.bzh\\\/wp-content\\\/uploads\\\/2024\\\/12\\\/books.webp\"},{\"@type\":\"BreadcrumbList\",\"@id\":\"https:\\\/\\\/aezhenn-croisieres.bzh\\\/en\\\/cruising-courses\\\/training-materials\\\/#breadcrumb\",\"itemListElement\":[{\"@type\":\"ListItem\",\"position\":1,\"name\":\"Accueil\",\"item\":\"https:\\\/\\\/aezhenn-croisieres.bzh\\\/en\\\/\"},{\"@type\":\"ListItem\",\"position\":2,\"name\":\"Training\",\"item\":\"https:\\\/\\\/aezhenn-croisieres.bzh\\\/en\\\/cruising-courses\\\/\"},{\"@type\":\"ListItem\",\"position\":3,\"name\":\"Training materials\"}]},{\"@type\":\"WebSite\",\"@id\":\"https:\\\/\\\/aezhenn-croisieres.bzh\\\/en\\\/#website\",\"url\":\"https:\\\/\\\/aezhenn-croisieres.bzh\\\/en\\\/\",\"name\":\"Croisi\u00e8res et formations maritimes en voilier au d\u00e9part de Brest avec skipper professionnel\",\"description\":\"Croisi\u00e8res et formations maritimes en voilier au d\u00e9part de Brest avec skipper professionnel\",\"publisher\":{\"@id\":\"https:\\\/\\\/aezhenn-croisieres.bzh\\\/en\\\/#organization\"},\"potentialAction\":[{\"@type\":\"SearchAction\",\"target\":{\"@type\":\"EntryPoint\",\"urlTemplate\":\"https:\\\/\\\/aezhenn-croisieres.bzh\\\/en\\\/?s={search_term_string}\"},\"query-input\":{\"@type\":\"PropertyValueSpecification\",\"valueRequired\":true,\"valueName\":\"search_term_string\"}}],\"inLanguage\":\"en-US\"},{\"@type\":\"Organization\",\"@id\":\"https:\\\/\\\/aezhenn-croisieres.bzh\\\/en\\\/#organization\",\"name\":\"Croisi\u00e8res et formations maritimes en voilier au d\u00e9part de Brest avec skipper professionnel\",\"url\":\"https:\\\/\\\/aezhenn-croisieres.bzh\\\/en\\\/\",\"logo\":{\"@type\":\"ImageObject\",\"inLanguage\":\"en-US\",\"@id\":\"https:\\\/\\\/aezhenn-croisieres.bzh\\\/en\\\/#\\\/schema\\\/logo\\\/image\\\/\",\"url\":\"https:\\\/\\\/aezhenn-croisieres.bzh\\\/wp-content\\\/uploads\\\/2024\\\/11\\\/cropped-aezhenn_glaz_S-1.webp\",\"contentUrl\":\"https:\\\/\\\/aezhenn-croisieres.bzh\\\/wp-content\\\/uploads\\\/2024\\\/11\\\/cropped-aezhenn_glaz_S-1.webp\",\"width\":156,\"height\":90,\"caption\":\"Croisi\u00e8res et formations maritimes en voilier au d\u00e9part de Brest avec skipper professionnel\"},\"image\":{\"@id\":\"https:\\\/\\\/aezhenn-croisieres.bzh\\\/en\\\/#\\\/schema\\\/logo\\\/image\\\/\"}}]}<\/script>\n<!-- \/ Yoast SEO plugin. -->","yoast_head_json":{"title":"Sailing Course Training Materials - Aezhenn Croisi\u00e8res","description":"Access Aezhenn Croisi\u00e8res\u2019 training materials and sailing resources in Brittany.Discover a complete library of educational documents designed to support your navigation training and sailing courses. Whether you\u2019re preparing for a coastal cruise or improving your seamanship skills, our high-quality learning materials will help you sail with confidence along the Brittany coast.","robots":{"index":"index","follow":"follow","max-snippet":"max-snippet:-1","max-image-preview":"max-image-preview:large","max-video-preview":"max-video-preview:-1"},"canonical":"https:\/\/aezhenn-croisieres.bzh\/en\/cruising-courses\/training-materials\/","og_locale":"en_US","og_type":"article","og_title":"Sailing Course Training Materials - Aezhenn Croisi\u00e8res","og_description":"Access Aezhenn Croisi\u00e8res\u2019 training materials and sailing resources in Brittany.Discover a complete library of educational documents designed to support your navigation training and sailing courses. Whether you\u2019re preparing for a coastal cruise or improving your seamanship skills, our high-quality learning materials will help you sail with confidence along the Brittany coast.","og_url":"https:\/\/aezhenn-croisieres.bzh\/en\/cruising-courses\/training-materials\/","og_site_name":"Croisi\u00e8res et formations maritimes en voilier au d\u00e9part de Brest avec skipper professionnel","article_modified_time":"2026-04-09T09:35:27+00:00","og_image":[{"width":91,"height":90,"url":"https:\/\/aezhenn-croisieres.bzh\/wp-content\/uploads\/2024\/12\/books.webp","type":"image\/webp"}],"twitter_card":"summary_large_image","twitter_misc":{"Est. reading time":"1 minute"},"schema":{"@context":"https:\/\/schema.org","@graph":[{"@type":"WebPage","@id":"https:\/\/aezhenn-croisieres.bzh\/en\/cruising-courses\/training-materials\/","url":"https:\/\/aezhenn-croisieres.bzh\/en\/cruising-courses\/training-materials\/","name":"Sailing Course Training Materials - Aezhenn Croisi\u00e8res","isPartOf":{"@id":"https:\/\/aezhenn-croisieres.bzh\/en\/#website"},"primaryImageOfPage":{"@id":"https:\/\/aezhenn-croisieres.bzh\/en\/cruising-courses\/training-materials\/#primaryimage"},"image":{"@id":"https:\/\/aezhenn-croisieres.bzh\/en\/cruising-courses\/training-materials\/#primaryimage"},"thumbnailUrl":"https:\/\/aezhenn-croisieres.bzh\/wp-content\/uploads\/2024\/12\/books.webp","datePublished":"2024-12-09T14:34:45+00:00","dateModified":"2026-04-09T09:35:27+00:00","description":"Access Aezhenn Croisi\u00e8res\u2019 training materials and sailing resources in Brittany.Discover a complete library of educational documents designed to support your navigation training and sailing courses. Whether you\u2019re preparing for a coastal cruise or improving your seamanship skills, our high-quality learning materials will help you sail with confidence along the Brittany coast.","breadcrumb":{"@id":"https:\/\/aezhenn-croisieres.bzh\/en\/cruising-courses\/training-materials\/#breadcrumb"},"inLanguage":"en-US","potentialAction":[{"@type":"ReadAction","target":["https:\/\/aezhenn-croisieres.bzh\/en\/cruising-courses\/training-materials\/"]}]},{"@type":"ImageObject","inLanguage":"en-US","@id":"https:\/\/aezhenn-croisieres.bzh\/en\/cruising-courses\/training-materials\/#primaryimage","url":"https:\/\/aezhenn-croisieres.bzh\/wp-content\/uploads\/2024\/12\/books.webp","contentUrl":"https:\/\/aezhenn-croisieres.bzh\/wp-content\/uploads\/2024\/12\/books.webp"},{"@type":"BreadcrumbList","@id":"https:\/\/aezhenn-croisieres.bzh\/en\/cruising-courses\/training-materials\/#breadcrumb","itemListElement":[{"@type":"ListItem","position":1,"name":"Accueil","item":"https:\/\/aezhenn-croisieres.bzh\/en\/"},{"@type":"ListItem","position":2,"name":"Training","item":"https:\/\/aezhenn-croisieres.bzh\/en\/cruising-courses\/"},{"@type":"ListItem","position":3,"name":"Training materials"}]},{"@type":"WebSite","@id":"https:\/\/aezhenn-croisieres.bzh\/en\/#website","url":"https:\/\/aezhenn-croisieres.bzh\/en\/","name":"Croisi\u00e8res et formations maritimes en voilier au d\u00e9part de Brest avec skipper professionnel","description":"Croisi\u00e8res et formations maritimes en voilier au d\u00e9part de Brest avec skipper professionnel","publisher":{"@id":"https:\/\/aezhenn-croisieres.bzh\/en\/#organization"},"potentialAction":[{"@type":"SearchAction","target":{"@type":"EntryPoint","urlTemplate":"https:\/\/aezhenn-croisieres.bzh\/en\/?s={search_term_string}"},"query-input":{"@type":"PropertyValueSpecification","valueRequired":true,"valueName":"search_term_string"}}],"inLanguage":"en-US"},{"@type":"Organization","@id":"https:\/\/aezhenn-croisieres.bzh\/en\/#organization","name":"Croisi\u00e8res et formations maritimes en voilier au d\u00e9part de Brest avec skipper professionnel","url":"https:\/\/aezhenn-croisieres.bzh\/en\/","logo":{"@type":"ImageObject","inLanguage":"en-US","@id":"https:\/\/aezhenn-croisieres.bzh\/en\/#\/schema\/logo\/image\/","url":"https:\/\/aezhenn-croisieres.bzh\/wp-content\/uploads\/2024\/11\/cropped-aezhenn_glaz_S-1.webp","contentUrl":"https:\/\/aezhenn-croisieres.bzh\/wp-content\/uploads\/2024\/11\/cropped-aezhenn_glaz_S-1.webp","width":156,"height":90,"caption":"Croisi\u00e8res et formations maritimes en voilier au d\u00e9part de Brest avec skipper professionnel"},"image":{"@id":"https:\/\/aezhenn-croisieres.bzh\/en\/#\/schema\/logo\/image\/"}}]}},"_links":{"self":[{"href":"https:\/\/aezhenn-croisieres.bzh\/en\/wp-json\/wp\/v2\/pages\/1859","targetHints":{"allow":["GET"]}}],"collection":[{"href":"https:\/\/aezhenn-croisieres.bzh\/en\/wp-json\/wp\/v2\/pages"}],"about":[{"href":"https:\/\/aezhenn-croisieres.bzh\/en\/wp-json\/wp\/v2\/types\/page"}],"author":[{"embeddable":true,"href":"https:\/\/aezhenn-croisieres.bzh\/en\/wp-json\/wp\/v2\/users\/1"}],"replies":[{"embeddable":true,"href":"https:\/\/aezhenn-croisieres.bzh\/en\/wp-json\/wp\/v2\/comments?post=1859"}],"version-history":[{"count":7,"href":"https:\/\/aezhenn-croisieres.bzh\/en\/wp-json\/wp\/v2\/pages\/1859\/revisions"}],"predecessor-version":[{"id":2288,"href":"https:\/\/aezhenn-croisieres.bzh\/en\/wp-json\/wp\/v2\/pages\/1859\/revisions\/2288"}],"up":[{"embeddable":true,"href":"https:\/\/aezhenn-croisieres.bzh\/en\/wp-json\/wp\/v2\/pages\/1968"}],"wp:attachment":[{"href":"https:\/\/aezhenn-croisieres.bzh\/en\/wp-json\/wp\/v2\/media?parent=1859"}],"wp:term":[{"taxonomy":"wf_page_folders","embeddable":true,"href":"https:\/\/aezhenn-croisieres.bzh\/en\/wp-json\/wp\/v2\/wf_page_folders?post=1859"}],"curies":[{"name":"wp","href":"https:\/\/api.w.org\/{rel}","templated":true}]}}