{"id":1873,"date":"2024-08-06T14:04:04","date_gmt":"2024-08-06T12:04:04","guid":{"rendered":"https:\/\/aezhenn-croisieres.bzh\/sailing-cruise-day-trip-ideas\/"},"modified":"2026-04-02T15:01:49","modified_gmt":"2026-04-02T13:01:49","slug":"sailing-cruise-day-trip-ideas","status":"publish","type":"page","link":"https:\/\/aezhenn-croisieres.bzh\/en\/custom-sailing-cruises-and-excursions-designed-to-suit-your-rhythm\/sailing-cruise-day-trip-ideas\/","title":{"rendered":"Day Trip"},"content":{"rendered":"\n<figure class=\"wp-block-image aligncenter size-full\"><img loading=\"lazy\" decoding=\"async\" width=\"110\" height=\"90\" src=\"https:\/\/aezhenn-croisieres.bzh\/wp-content\/uploads\/2024\/12\/seabird.webp\" alt=\"\" class=\"wp-image-1805\"\/><\/figure>\n\n<h1 class=\"wp-block-heading has-text-align-center has-ast-global-color-3-color has-text-color has-link-color has-large-font-size wp-elements-46113ed1ac7efd9f287c24301bc7809c\">Sailing Day Trip Ideas on a <a href=\"https:\/\/aezhenn-croisieres.bzh\/en\/info\/the-sailboat\/\">Cruising Sailboat<\/a><\/h1>\n\n<div class=\"wp-block-media-text is-stacked-on-mobile is-vertically-aligned-top\" style=\"grid-template-columns:35% auto\"><figure class=\"wp-block-media-text__media\"><img loading=\"lazy\" decoding=\"async\" width=\"800\" height=\"600\" src=\"https:\/\/aezhenn-croisieres.bzh\/wp-content\/uploads\/2024\/11\/p01.jpg\" alt=\"Brest Bay Sailboat Day Trip\" class=\"wp-image-1287 size-full\" srcset=\"https:\/\/aezhenn-croisieres.bzh\/wp-content\/uploads\/2024\/11\/p01.jpg 800w, https:\/\/aezhenn-croisieres.bzh\/wp-content\/uploads\/2024\/11\/p01-300x225.jpg 300w, https:\/\/aezhenn-croisieres.bzh\/wp-content\/uploads\/2024\/11\/p01-768x576.jpg 768w, https:\/\/aezhenn-croisieres.bzh\/wp-content\/uploads\/2024\/11\/p01-600x450.jpg 600w\" sizes=\"auto, (max-width: 800px) 100vw, 800px\" \/><\/figure><div class=\"wp-block-media-text__content\">\n<h2 class=\"wp-block-heading has-ast-global-color-3-color has-text-color has-link-color wp-elements-343a54fba5bcf47f91e31799d929ce76\" style=\"font-size:26px\">Brest Bay<\/h2>\n\n\n\n<p>Covering 180 km\u00b2, this bay is a <a href=\"https:\/\/fr.wikipedia.org\/wiki\/Rade_de_Brest#\/media\/Fichier:Rade_de_Brest.svg\" target=\"_blank\" rel=\"noopener\">wonderfully protected<\/a> stretch of water, with no swell at all, and dotted with numerous islands and islets :<\/p>\n\n\n\n<ul class=\"wp-block-list\">\n<li>Round Island<\/li>\n\n\n\n<li>Tr\u00e9b\u00e9ron and Morts Islands<\/li>\n\n\n\n<li>Arun Island<\/li>\n\n\n\n<li>Tibidy Island&#8230;<\/li>\n<\/ul>\n\n\n\n<p>Thanks to its irregular shoreline, you can always find a well-protected anchorage for a peaceful lunch or dinner on board.<\/p>\n<\/div><\/div>\n\n<div class=\"wp-block-media-text is-stacked-on-mobile is-vertically-aligned-top\" style=\"grid-template-columns:35% auto\"><figure class=\"wp-block-media-text__media\"><img loading=\"lazy\" decoding=\"async\" width=\"300\" height=\"197\" src=\"https:\/\/aezhenn-croisieres.bzh\/wp-content\/uploads\/2024\/11\/tas_de_pois.webp\" alt=\"Sailboat Day Trip to Tas de Pois, Camaret-sur-Mer\" class=\"wp-image-1289 size-full\"\/><\/figure><div class=\"wp-block-media-text__content\">\n<h2 class=\"wp-block-heading has-ast-global-color-3-color has-text-color has-link-color wp-elements-d031911ae71d87570faa240c8479abf8\" style=\"font-size:26px\"><a href=\"https:\/\/osm.org\/go\/erDLd4J--?m=\">The Tas De Pois (Camaret-sur-Mer)<\/a><\/h2>\n\n\n\n<p>With favorable tides and winds, you can depart from Brest\u2019s Moulin Blanc harbour at the start of the morning, navigate between the Tas de Pois, and be back by late afternoon.<\/p>\n\n\n\n<p>After passing Pointe du Toulinguet, the rugged 70-meter Armorican sandstone cliffs of Pointe de Pen Hir and the Tas de Pois present a breathtaking, monumental scenery.<\/p>\n\n\n\n<p>This short trip through the Iroise Marine Park offers a magnificent view of the wild and jagged shores of northern Brittany.<\/p>\n<\/div><\/div>\n\n<div class=\"wp-block-media-text is-stacked-on-mobile is-vertically-aligned-top\" style=\"grid-template-columns:35% auto\"><figure class=\"wp-block-media-text__media\"><img loading=\"lazy\" decoding=\"async\" width=\"300\" height=\"155\" src=\"https:\/\/aezhenn-croisieres.bzh\/wp-content\/uploads\/2024\/11\/Fort_de_bertheaume.webp\" alt=\"Sailboat Day Trip to Bertheaume Plougonvelin\" class=\"wp-image-1291 size-full\"\/><\/figure><div class=\"wp-block-media-text__content\">\n<h2 class=\"wp-block-heading has-ast-global-color-3-color has-text-color has-link-color wp-elements-d9ac7d7ae1ea5ce5c643895f30b4e428\" style=\"font-size:26px\"><a href=\"https:\/\/osm.org\/go\/erDN1PeF-?m=\">Fort De Bertheaume<\/a> (Plougonvelin)<\/h2>\n\n\n\n<p>With favorable tides and winds, you can depart from Brest\u2019s Moulin Blanc harbour at the start of the morning, have lunch at the base of the fort, and be back by late afternoon.<\/p>\n\n\n\n<p>Built on a solitary rock as a first defensive line for Brest harbour, this Vauban fort offers a magnificent backdrop for lunch.<\/p>\n\n\n\n<p>You can enjoy a swim before or after lunch, either from the sailboat or from the nearby fine sandy beach.<\/p>\n<\/div><\/div>\n","protected":false},"excerpt":{"rendered":"<p>Sailing Day Trip Ideas on a Cruising Sailboat The Tas De Pois (Camaret-sur-Mer) With favorable tides and winds, you can [&hellip;]<\/p>\n","protected":false},"author":1,"featured_media":0,"parent":1879,"menu_order":0,"comment_status":"closed","ping_status":"closed","template":"","meta":{"site-sidebar-layout":"default","site-content-layout":"","ast-site-content-layout":"default","site-content-style":"default","site-sidebar-style":"default","ast-global-header-display":"","ast-banner-title-visibility":"","ast-main-header-display":"","ast-hfb-above-header-display":"","ast-hfb-below-header-display":"","ast-hfb-mobile-header-display":"","site-post-title":"disabled","ast-breadcrumbs-content":"","ast-featured-img":"","footer-sml-layout":"","ast-disable-related-posts":"","theme-transparent-header-meta":"","adv-header-id-meta":"","stick-header-meta":"","header-above-stick-meta":"","header-main-stick-meta":"","header-below-stick-meta":"","astra-migrate-meta-layouts":"default","ast-page-background-enabled":"default","ast-page-background-meta":{"desktop":{"background-color":"var(--ast-global-color-4)","background-image":"","background-repeat":"repeat","background-position":"center center","background-size":"auto","background-attachment":"scroll","background-type":"","background-media":"","overlay-type":"","overlay-color":"","overlay-opacity":"","overlay-gradient":""},"tablet":{"background-color":"","background-image":"","background-repeat":"repeat","background-position":"center center","background-size":"auto","background-attachment":"scroll","background-type":"","background-media":"","overlay-type":"","overlay-color":"","overlay-opacity":"","overlay-gradient":""},"mobile":{"background-color":"","background-image":"","background-repeat":"repeat","background-position":"center center","background-size":"auto","background-attachment":"scroll","background-type":"","background-media":"","overlay-type":"","overlay-color":"","overlay-opacity":"","overlay-gradient":""}},"ast-content-background-meta":{"desktop":{"background-color":"var(--ast-global-color-5)","background-image":"","background-repeat":"repeat","background-position":"center center","background-size":"auto","background-attachment":"scroll","background-type":"","background-media":"","overlay-type":"","overlay-color":"","overlay-opacity":"","overlay-gradient":""},"tablet":{"background-color":"var(--ast-global-color-5)","background-image":"","background-repeat":"repeat","background-position":"center center","background-size":"auto","background-attachment":"scroll","background-type":"","background-media":"","overlay-type":"","overlay-color":"","overlay-opacity":"","overlay-gradient":""},"mobile":{"background-color":"var(--ast-global-color-5)","background-image":"","background-repeat":"repeat","background-position":"center center","background-size":"auto","background-attachment":"scroll","background-type":"","background-media":"","overlay-type":"","overlay-color":"","overlay-opacity":"","overlay-gradient":""}},"footnotes":""},"wf_page_folders":[19],"class_list":["post-1873","page","type-page","status-publish","hentry"],"yoast_head":"<!-- This site is optimized with the Yoast SEO plugin v27.5 - https:\/\/yoast.com\/product\/yoast-seo-wordpress\/ -->\n<title>Sailing Day Trips in Brest - Aezhenn Croisi\u00e8res<\/title>\n<meta name=\"description\" content=\"Experience unforgettable sailing day trips from Brest with Aezhenn Croisi\u00e8res. Explore the beauty of Brest bay, sail between the Tas de Pois, or have lunch at the foot of Fort de Bertheaume.\" \/>\n<meta name=\"robots\" content=\"index, follow, max-snippet:-1, max-image-preview:large, max-video-preview:-1\" \/>\n<link rel=\"canonical\" href=\"https:\/\/aezhenn-croisieres.bzh\/en\/custom-sailing-cruises-and-excursions-designed-to-suit-your-rhythm\/sailing-cruise-day-trip-ideas\/\" \/>\n<meta property=\"og:locale\" content=\"en_US\" \/>\n<meta property=\"og:type\" content=\"article\" \/>\n<meta property=\"og:title\" content=\"Sailing Day Trips in Brest - Aezhenn Croisi\u00e8res\" \/>\n<meta property=\"og:description\" content=\"Experience unforgettable sailing day trips from Brest with Aezhenn Croisi\u00e8res. Explore the beauty of Brest bay, sail between the Tas de Pois, or have lunch at the foot of Fort de Bertheaume.\" \/>\n<meta property=\"og:url\" content=\"https:\/\/aezhenn-croisieres.bzh\/en\/custom-sailing-cruises-and-excursions-designed-to-suit-your-rhythm\/sailing-cruise-day-trip-ideas\/\" \/>\n<meta property=\"og:site_name\" content=\"Croisi\u00e8res et formations maritimes en voilier au d\u00e9part de Brest avec skipper professionnel\" \/>\n<meta property=\"article:modified_time\" content=\"2026-04-02T13:01:49+00:00\" \/>\n<meta property=\"og:image\" content=\"https:\/\/aezhenn-croisieres.bzh\/wp-content\/uploads\/2024\/12\/seabird.webp\" \/>\n\t<meta property=\"og:image:width\" content=\"110\" \/>\n\t<meta property=\"og:image:height\" content=\"90\" \/>\n\t<meta property=\"og:image:type\" content=\"image\/webp\" \/>\n<meta name=\"twitter:card\" content=\"summary_large_image\" \/>\n<meta name=\"twitter:label1\" content=\"Est. reading time\" \/>\n\t<meta name=\"twitter:data1\" content=\"1 minute\" \/>\n<script type=\"application\/ld+json\" class=\"yoast-schema-graph\">{\"@context\":\"https:\\\/\\\/schema.org\",\"@graph\":[{\"@type\":\"WebPage\",\"@id\":\"https:\\\/\\\/aezhenn-croisieres.bzh\\\/en\\\/custom-sailing-cruises-and-excursions-designed-to-suit-your-rhythm\\\/sailing-cruise-day-trip-ideas\\\/\",\"url\":\"https:\\\/\\\/aezhenn-croisieres.bzh\\\/en\\\/custom-sailing-cruises-and-excursions-designed-to-suit-your-rhythm\\\/sailing-cruise-day-trip-ideas\\\/\",\"name\":\"Sailing Day Trips in Brest - Aezhenn Croisi\u00e8res\",\"isPartOf\":{\"@id\":\"https:\\\/\\\/aezhenn-croisieres.bzh\\\/en\\\/#website\"},\"primaryImageOfPage\":{\"@id\":\"https:\\\/\\\/aezhenn-croisieres.bzh\\\/en\\\/custom-sailing-cruises-and-excursions-designed-to-suit-your-rhythm\\\/sailing-cruise-day-trip-ideas\\\/#primaryimage\"},\"image\":{\"@id\":\"https:\\\/\\\/aezhenn-croisieres.bzh\\\/en\\\/custom-sailing-cruises-and-excursions-designed-to-suit-your-rhythm\\\/sailing-cruise-day-trip-ideas\\\/#primaryimage\"},\"thumbnailUrl\":\"https:\\\/\\\/aezhenn-croisieres.bzh\\\/wp-content\\\/uploads\\\/2024\\\/12\\\/seabird.webp\",\"datePublished\":\"2024-08-06T12:04:04+00:00\",\"dateModified\":\"2026-04-02T13:01:49+00:00\",\"description\":\"Experience unforgettable sailing day trips from Brest with Aezhenn Croisi\u00e8res. Explore the beauty of Brest bay, sail between the Tas de Pois, or have lunch at the foot of Fort de Bertheaume.\",\"breadcrumb\":{\"@id\":\"https:\\\/\\\/aezhenn-croisieres.bzh\\\/en\\\/custom-sailing-cruises-and-excursions-designed-to-suit-your-rhythm\\\/sailing-cruise-day-trip-ideas\\\/#breadcrumb\"},\"inLanguage\":\"en-US\",\"potentialAction\":[{\"@type\":\"ReadAction\",\"target\":[\"https:\\\/\\\/aezhenn-croisieres.bzh\\\/en\\\/custom-sailing-cruises-and-excursions-designed-to-suit-your-rhythm\\\/sailing-cruise-day-trip-ideas\\\/\"]}]},{\"@type\":\"ImageObject\",\"inLanguage\":\"en-US\",\"@id\":\"https:\\\/\\\/aezhenn-croisieres.bzh\\\/en\\\/custom-sailing-cruises-and-excursions-designed-to-suit-your-rhythm\\\/sailing-cruise-day-trip-ideas\\\/#primaryimage\",\"url\":\"https:\\\/\\\/aezhenn-croisieres.bzh\\\/wp-content\\\/uploads\\\/2024\\\/12\\\/seabird.webp\",\"contentUrl\":\"https:\\\/\\\/aezhenn-croisieres.bzh\\\/wp-content\\\/uploads\\\/2024\\\/12\\\/seabird.webp\"},{\"@type\":\"BreadcrumbList\",\"@id\":\"https:\\\/\\\/aezhenn-croisieres.bzh\\\/en\\\/custom-sailing-cruises-and-excursions-designed-to-suit-your-rhythm\\\/sailing-cruise-day-trip-ideas\\\/#breadcrumb\",\"itemListElement\":[{\"@type\":\"ListItem\",\"position\":1,\"name\":\"Accueil\",\"item\":\"https:\\\/\\\/aezhenn-croisieres.bzh\\\/en\\\/\"},{\"@type\":\"ListItem\",\"position\":2,\"name\":\"Cruises\",\"item\":\"https:\\\/\\\/aezhenn-croisieres.bzh\\\/en\\\/custom-sailing-cruises-and-excursions-designed-to-suit-your-rhythm\\\/\"},{\"@type\":\"ListItem\",\"position\":3,\"name\":\"Day Trip\"}]},{\"@type\":\"WebSite\",\"@id\":\"https:\\\/\\\/aezhenn-croisieres.bzh\\\/en\\\/#website\",\"url\":\"https:\\\/\\\/aezhenn-croisieres.bzh\\\/en\\\/\",\"name\":\"Croisi\u00e8res et formations maritimes en voilier au d\u00e9part de Brest avec skipper professionnel\",\"description\":\"Croisi\u00e8res et formations maritimes en voilier au d\u00e9part de Brest avec skipper professionnel\",\"publisher\":{\"@id\":\"https:\\\/\\\/aezhenn-croisieres.bzh\\\/en\\\/#organization\"},\"potentialAction\":[{\"@type\":\"SearchAction\",\"target\":{\"@type\":\"EntryPoint\",\"urlTemplate\":\"https:\\\/\\\/aezhenn-croisieres.bzh\\\/en\\\/?s={search_term_string}\"},\"query-input\":{\"@type\":\"PropertyValueSpecification\",\"valueRequired\":true,\"valueName\":\"search_term_string\"}}],\"inLanguage\":\"en-US\"},{\"@type\":\"Organization\",\"@id\":\"https:\\\/\\\/aezhenn-croisieres.bzh\\\/en\\\/#organization\",\"name\":\"Croisi\u00e8res et formations maritimes en voilier au d\u00e9part de Brest avec skipper professionnel\",\"url\":\"https:\\\/\\\/aezhenn-croisieres.bzh\\\/en\\\/\",\"logo\":{\"@type\":\"ImageObject\",\"inLanguage\":\"en-US\",\"@id\":\"https:\\\/\\\/aezhenn-croisieres.bzh\\\/en\\\/#\\\/schema\\\/logo\\\/image\\\/\",\"url\":\"https:\\\/\\\/aezhenn-croisieres.bzh\\\/wp-content\\\/uploads\\\/2024\\\/11\\\/cropped-aezhenn_glaz_S-1.webp\",\"contentUrl\":\"https:\\\/\\\/aezhenn-croisieres.bzh\\\/wp-content\\\/uploads\\\/2024\\\/11\\\/cropped-aezhenn_glaz_S-1.webp\",\"width\":156,\"height\":90,\"caption\":\"Croisi\u00e8res et formations maritimes en voilier au d\u00e9part de Brest avec skipper professionnel\"},\"image\":{\"@id\":\"https:\\\/\\\/aezhenn-croisieres.bzh\\\/en\\\/#\\\/schema\\\/logo\\\/image\\\/\"}}]}<\/script>\n<!-- \/ Yoast SEO plugin. -->","yoast_head_json":{"title":"Sailing Day Trips in Brest - Aezhenn Croisi\u00e8res","description":"Experience unforgettable sailing day trips from Brest with Aezhenn Croisi\u00e8res. Explore the beauty of Brest bay, sail between the Tas de Pois, or have lunch at the foot of Fort de Bertheaume.","robots":{"index":"index","follow":"follow","max-snippet":"max-snippet:-1","max-image-preview":"max-image-preview:large","max-video-preview":"max-video-preview:-1"},"canonical":"https:\/\/aezhenn-croisieres.bzh\/en\/custom-sailing-cruises-and-excursions-designed-to-suit-your-rhythm\/sailing-cruise-day-trip-ideas\/","og_locale":"en_US","og_type":"article","og_title":"Sailing Day Trips in Brest - Aezhenn Croisi\u00e8res","og_description":"Experience unforgettable sailing day trips from Brest with Aezhenn Croisi\u00e8res. Explore the beauty of Brest bay, sail between the Tas de Pois, or have lunch at the foot of Fort de Bertheaume.","og_url":"https:\/\/aezhenn-croisieres.bzh\/en\/custom-sailing-cruises-and-excursions-designed-to-suit-your-rhythm\/sailing-cruise-day-trip-ideas\/","og_site_name":"Croisi\u00e8res et formations maritimes en voilier au d\u00e9part de Brest avec skipper professionnel","article_modified_time":"2026-04-02T13:01:49+00:00","og_image":[{"width":110,"height":90,"url":"https:\/\/aezhenn-croisieres.bzh\/wp-content\/uploads\/2024\/12\/seabird.webp","type":"image\/webp"}],"twitter_card":"summary_large_image","twitter_misc":{"Est. reading time":"1 minute"},"schema":{"@context":"https:\/\/schema.org","@graph":[{"@type":"WebPage","@id":"https:\/\/aezhenn-croisieres.bzh\/en\/custom-sailing-cruises-and-excursions-designed-to-suit-your-rhythm\/sailing-cruise-day-trip-ideas\/","url":"https:\/\/aezhenn-croisieres.bzh\/en\/custom-sailing-cruises-and-excursions-designed-to-suit-your-rhythm\/sailing-cruise-day-trip-ideas\/","name":"Sailing Day Trips in Brest - Aezhenn Croisi\u00e8res","isPartOf":{"@id":"https:\/\/aezhenn-croisieres.bzh\/en\/#website"},"primaryImageOfPage":{"@id":"https:\/\/aezhenn-croisieres.bzh\/en\/custom-sailing-cruises-and-excursions-designed-to-suit-your-rhythm\/sailing-cruise-day-trip-ideas\/#primaryimage"},"image":{"@id":"https:\/\/aezhenn-croisieres.bzh\/en\/custom-sailing-cruises-and-excursions-designed-to-suit-your-rhythm\/sailing-cruise-day-trip-ideas\/#primaryimage"},"thumbnailUrl":"https:\/\/aezhenn-croisieres.bzh\/wp-content\/uploads\/2024\/12\/seabird.webp","datePublished":"2024-08-06T12:04:04+00:00","dateModified":"2026-04-02T13:01:49+00:00","description":"Experience unforgettable sailing day trips from Brest with Aezhenn Croisi\u00e8res. Explore the beauty of Brest bay, sail between the Tas de Pois, or have lunch at the foot of Fort de Bertheaume.","breadcrumb":{"@id":"https:\/\/aezhenn-croisieres.bzh\/en\/custom-sailing-cruises-and-excursions-designed-to-suit-your-rhythm\/sailing-cruise-day-trip-ideas\/#breadcrumb"},"inLanguage":"en-US","potentialAction":[{"@type":"ReadAction","target":["https:\/\/aezhenn-croisieres.bzh\/en\/custom-sailing-cruises-and-excursions-designed-to-suit-your-rhythm\/sailing-cruise-day-trip-ideas\/"]}]},{"@type":"ImageObject","inLanguage":"en-US","@id":"https:\/\/aezhenn-croisieres.bzh\/en\/custom-sailing-cruises-and-excursions-designed-to-suit-your-rhythm\/sailing-cruise-day-trip-ideas\/#primaryimage","url":"https:\/\/aezhenn-croisieres.bzh\/wp-content\/uploads\/2024\/12\/seabird.webp","contentUrl":"https:\/\/aezhenn-croisieres.bzh\/wp-content\/uploads\/2024\/12\/seabird.webp"},{"@type":"BreadcrumbList","@id":"https:\/\/aezhenn-croisieres.bzh\/en\/custom-sailing-cruises-and-excursions-designed-to-suit-your-rhythm\/sailing-cruise-day-trip-ideas\/#breadcrumb","itemListElement":[{"@type":"ListItem","position":1,"name":"Accueil","item":"https:\/\/aezhenn-croisieres.bzh\/en\/"},{"@type":"ListItem","position":2,"name":"Cruises","item":"https:\/\/aezhenn-croisieres.bzh\/en\/custom-sailing-cruises-and-excursions-designed-to-suit-your-rhythm\/"},{"@type":"ListItem","position":3,"name":"Day Trip"}]},{"@type":"WebSite","@id":"https:\/\/aezhenn-croisieres.bzh\/en\/#website","url":"https:\/\/aezhenn-croisieres.bzh\/en\/","name":"Croisi\u00e8res et formations maritimes en voilier au d\u00e9part de Brest avec skipper professionnel","description":"Croisi\u00e8res et formations maritimes en voilier au d\u00e9part de Brest avec skipper professionnel","publisher":{"@id":"https:\/\/aezhenn-croisieres.bzh\/en\/#organization"},"potentialAction":[{"@type":"SearchAction","target":{"@type":"EntryPoint","urlTemplate":"https:\/\/aezhenn-croisieres.bzh\/en\/?s={search_term_string}"},"query-input":{"@type":"PropertyValueSpecification","valueRequired":true,"valueName":"search_term_string"}}],"inLanguage":"en-US"},{"@type":"Organization","@id":"https:\/\/aezhenn-croisieres.bzh\/en\/#organization","name":"Croisi\u00e8res et formations maritimes en voilier au d\u00e9part de Brest avec skipper professionnel","url":"https:\/\/aezhenn-croisieres.bzh\/en\/","logo":{"@type":"ImageObject","inLanguage":"en-US","@id":"https:\/\/aezhenn-croisieres.bzh\/en\/#\/schema\/logo\/image\/","url":"https:\/\/aezhenn-croisieres.bzh\/wp-content\/uploads\/2024\/11\/cropped-aezhenn_glaz_S-1.webp","contentUrl":"https:\/\/aezhenn-croisieres.bzh\/wp-content\/uploads\/2024\/11\/cropped-aezhenn_glaz_S-1.webp","width":156,"height":90,"caption":"Croisi\u00e8res et formations maritimes en voilier au d\u00e9part de Brest avec skipper professionnel"},"image":{"@id":"https:\/\/aezhenn-croisieres.bzh\/en\/#\/schema\/logo\/image\/"}}]}},"_links":{"self":[{"href":"https:\/\/aezhenn-croisieres.bzh\/en\/wp-json\/wp\/v2\/pages\/1873","targetHints":{"allow":["GET"]}}],"collection":[{"href":"https:\/\/aezhenn-croisieres.bzh\/en\/wp-json\/wp\/v2\/pages"}],"about":[{"href":"https:\/\/aezhenn-croisieres.bzh\/en\/wp-json\/wp\/v2\/types\/page"}],"author":[{"embeddable":true,"href":"https:\/\/aezhenn-croisieres.bzh\/en\/wp-json\/wp\/v2\/users\/1"}],"replies":[{"embeddable":true,"href":"https:\/\/aezhenn-croisieres.bzh\/en\/wp-json\/wp\/v2\/comments?post=1873"}],"version-history":[{"count":17,"href":"https:\/\/aezhenn-croisieres.bzh\/en\/wp-json\/wp\/v2\/pages\/1873\/revisions"}],"predecessor-version":[{"id":2216,"href":"https:\/\/aezhenn-croisieres.bzh\/en\/wp-json\/wp\/v2\/pages\/1873\/revisions\/2216"}],"up":[{"embeddable":true,"href":"https:\/\/aezhenn-croisieres.bzh\/en\/wp-json\/wp\/v2\/pages\/1879"}],"wp:attachment":[{"href":"https:\/\/aezhenn-croisieres.bzh\/en\/wp-json\/wp\/v2\/media?parent=1873"}],"wp:term":[{"taxonomy":"wf_page_folders","embeddable":true,"href":"https:\/\/aezhenn-croisieres.bzh\/en\/wp-json\/wp\/v2\/wf_page_folders?post=1873"}],"curies":[{"name":"wp","href":"https:\/\/api.w.org\/{rel}","templated":true}]}}