{"id":1879,"date":"2024-05-09T14:04:45","date_gmt":"2024-05-09T12:04:45","guid":{"rendered":"https:\/\/aezhenn-croisieres.bzh\/custom-sailing-cruises-and-excursions-designed-to-suit-your-rhythm\/"},"modified":"2025-10-22T16:45:16","modified_gmt":"2025-10-22T14:45:16","slug":"custom-sailing-cruises-and-excursions-designed-to-suit-your-rhythm","status":"publish","type":"page","link":"https:\/\/aezhenn-croisieres.bzh\/en\/custom-sailing-cruises-and-excursions-designed-to-suit-your-rhythm\/","title":{"rendered":"Cruises"},"content":{"rendered":"\n<figure class=\"wp-block-image aligncenter size-full\"><img loading=\"lazy\" decoding=\"async\" width=\"93\" height=\"90\" src=\"https:\/\/aezhenn-croisieres.bzh\/wp-content\/uploads\/2024\/12\/lotus_flower.webp\" alt=\"\" class=\"wp-image-1803\"\/><\/figure>\n\n<h1 class=\"wp-block-heading has-text-align-center has-ast-global-color-3-color has-text-color has-link-color has-large-font-size wp-elements-b1bdf240538b827534da1ad2d99c1eee\"><strong>Custom sailing cruises and excursions designed to suit your rhythm<\/strong><\/h1>\n\n<div class=\"wp-block-media-text is-stacked-on-mobile is-vertically-aligned-top\" style=\"grid-template-columns:26% auto\"><figure class=\"wp-block-media-text__media\"><img loading=\"lazy\" decoding=\"async\" width=\"303\" height=\"324\" src=\"https:\/\/aezhenn-croisieres.bzh\/wp-content\/uploads\/2024\/11\/alwena_02.webp\" alt=\"Tailored sailboat cruises and outings\" class=\"wp-image-1285 size-full\" srcset=\"https:\/\/aezhenn-croisieres.bzh\/wp-content\/uploads\/2024\/11\/alwena_02.webp 303w, https:\/\/aezhenn-croisieres.bzh\/wp-content\/uploads\/2024\/11\/alwena_02-281x300.webp 281w\" sizes=\"auto, (max-width: 303px) 100vw, 303px\" \/><\/figure><div class=\"wp-block-media-text__content\">\n<p>Aboard <a href=\"https:\/\/aezhenn-croisieres.bzh\/infos\/voilier-alwena\/\">Alwena<\/a>, I provide custom sailboat cruises departing from <a href=\"https:\/\/www.brest-metropole-tourisme.fr\/\">Brest <\/a>in <a href=\"https:\/\/www.tourismebretagne.com\/\">Brittany<\/a>, according to your preferences, to discover the islands and the Breton coast:<\/p>\n\n\n\n<ul class=\"wp-block-list\">\n<li><a href=\"https:\/\/aezhenn-croisieres.bzh\/en\/custom-sailing-cruises-and-excursions-designed-to-suit-your-rhythm\/sailing-cruise-day-trip-ideas\/\">day trip ideas<\/a><\/li>\n\n\n\n<li>A <a href=\"https:\/\/aezhenn-croisieres.bzh\/croisieres\/sejours-voilier-bretagne\/\">3-day itinerary<\/a> is suggested, with a day spent on land to explore on foot, by bike, or by kayak, appreciate the landscapes, enjoy local food, experience the local ambiance, and breathe the invigorating sea air.<\/li>\n\n\n\n<li><a href=\"https:\/\/aezhenn-croisieres.bzh\/croisieres\/escapades-voile-bretagne\/\">5-day sailing escapes<\/a><\/li>\n\n\n\n<li>or venture further to \u00cele d\u2019Yeu, \u00cele de R\u00e9, Fort Boyard, \u00cele d\u2019Aix, and Ol\u00e9ron\u2026<\/li>\n<\/ul>\n\n\n\n<p>To ensure your comfort, each day trip accommodates no more than 5 passengers. For multi-day cruises with at least one night on board, no more than 4 passengers are accommodated.<\/p>\n\n\n\n<p>Letting the wind and currents guide us, and moving in tune with nature, I sail you to the destinations of your choice at a pace that suits you, for truly unforgettable experiences.<\/p>\n<\/div><\/div>\n","protected":false},"excerpt":{"rendered":"<p>Custom sailing cruises and excursions designed to suit your rhythm<\/p>\n","protected":false},"author":1,"featured_media":0,"parent":0,"menu_order":0,"comment_status":"closed","ping_status":"closed","template":"","meta":{"site-sidebar-layout":"default","site-content-layout":"","ast-site-content-layout":"default","site-content-style":"default","site-sidebar-style":"default","ast-global-header-display":"","ast-banner-title-visibility":"","ast-main-header-display":"","ast-hfb-above-header-display":"","ast-hfb-below-header-display":"","ast-hfb-mobile-header-display":"","site-post-title":"disabled","ast-breadcrumbs-content":"","ast-featured-img":"","footer-sml-layout":"","ast-disable-related-posts":"","theme-transparent-header-meta":"","adv-header-id-meta":"","stick-header-meta":"","header-above-stick-meta":"","header-main-stick-meta":"","header-below-stick-meta":"","astra-migrate-meta-layouts":"default","ast-page-background-enabled":"default","ast-page-background-meta":{"desktop":{"background-color":"var(--ast-global-color-4)","background-image":"","background-repeat":"repeat","background-position":"center center","background-size":"auto","background-attachment":"scroll","background-type":"","background-media":"","overlay-type":"","overlay-color":"","overlay-opacity":"","overlay-gradient":""},"tablet":{"background-color":"","background-image":"","background-repeat":"repeat","background-position":"center center","background-size":"auto","background-attachment":"scroll","background-type":"","background-media":"","overlay-type":"","overlay-color":"","overlay-opacity":"","overlay-gradient":""},"mobile":{"background-color":"","background-image":"","background-repeat":"repeat","background-position":"center center","background-size":"auto","background-attachment":"scroll","background-type":"","background-media":"","overlay-type":"","overlay-color":"","overlay-opacity":"","overlay-gradient":""}},"ast-content-background-meta":{"desktop":{"background-color":"var(--ast-global-color-5)","background-image":"","background-repeat":"repeat","background-position":"center center","background-size":"auto","background-attachment":"scroll","background-type":"","background-media":"","overlay-type":"","overlay-color":"","overlay-opacity":"","overlay-gradient":""},"tablet":{"background-color":"var(--ast-global-color-5)","background-image":"","background-repeat":"repeat","background-position":"center center","background-size":"auto","background-attachment":"scroll","background-type":"","background-media":"","overlay-type":"","overlay-color":"","overlay-opacity":"","overlay-gradient":""},"mobile":{"background-color":"var(--ast-global-color-5)","background-image":"","background-repeat":"repeat","background-position":"center center","background-size":"auto","background-attachment":"scroll","background-type":"","background-media":"","overlay-type":"","overlay-color":"","overlay-opacity":"","overlay-gradient":""}},"footnotes":""},"wf_page_folders":[19],"class_list":["post-1879","page","type-page","status-publish","hentry"],"yoast_head":"<!-- This site is optimized with the Yoast SEO plugin v27.5 - https:\/\/yoast.com\/product\/yoast-seo-wordpress\/ -->\n<title>Custom Sailboat Cruises in Brittany - Aezhenn Croisi\u00e8res<\/title>\n<meta name=\"description\" content=\"Explore custom sailboat cruises and excursions from Brest in Brittany, guided by a professional skipper. Tailor your stay to visit the islands and the coast of Brittany, enjoying a mix of nature, leisure, and adventure.\" \/>\n<meta name=\"robots\" content=\"index, follow, max-snippet:-1, max-image-preview:large, max-video-preview:-1\" \/>\n<link rel=\"canonical\" href=\"https:\/\/aezhenn-croisieres.bzh\/en\/custom-sailing-cruises-and-excursions-designed-to-suit-your-rhythm\/\" \/>\n<meta property=\"og:locale\" content=\"en_US\" \/>\n<meta property=\"og:type\" content=\"article\" \/>\n<meta property=\"og:title\" content=\"Custom Sailboat Cruises in Brittany - Aezhenn Croisi\u00e8res\" \/>\n<meta property=\"og:description\" content=\"Explore custom sailboat cruises and excursions from Brest in Brittany, guided by a professional skipper. Tailor your stay to visit the islands and the coast of Brittany, enjoying a mix of nature, leisure, and adventure.\" \/>\n<meta property=\"og:url\" content=\"https:\/\/aezhenn-croisieres.bzh\/en\/custom-sailing-cruises-and-excursions-designed-to-suit-your-rhythm\/\" \/>\n<meta property=\"og:site_name\" content=\"Croisi\u00e8res et formations maritimes en voilier au d\u00e9part de Brest avec skipper professionnel\" \/>\n<meta property=\"article:modified_time\" content=\"2025-10-22T14:45:16+00:00\" \/>\n<meta property=\"og:image\" content=\"https:\/\/aezhenn-croisieres.bzh\/wp-content\/uploads\/2024\/12\/lotus_flower.webp\" \/>\n\t<meta property=\"og:image:width\" content=\"93\" \/>\n\t<meta property=\"og:image:height\" content=\"90\" \/>\n\t<meta property=\"og:image:type\" content=\"image\/webp\" \/>\n<meta name=\"twitter:card\" content=\"summary_large_image\" \/>\n<meta name=\"twitter:label1\" content=\"Est. reading time\" \/>\n\t<meta name=\"twitter:data1\" content=\"1 minute\" \/>\n<script type=\"application\/ld+json\" class=\"yoast-schema-graph\">{\"@context\":\"https:\\\/\\\/schema.org\",\"@graph\":[{\"@type\":\"WebPage\",\"@id\":\"https:\\\/\\\/aezhenn-croisieres.bzh\\\/en\\\/custom-sailing-cruises-and-excursions-designed-to-suit-your-rhythm\\\/\",\"url\":\"https:\\\/\\\/aezhenn-croisieres.bzh\\\/en\\\/custom-sailing-cruises-and-excursions-designed-to-suit-your-rhythm\\\/\",\"name\":\"Custom Sailboat Cruises in Brittany - Aezhenn Croisi\u00e8res\",\"isPartOf\":{\"@id\":\"https:\\\/\\\/aezhenn-croisieres.bzh\\\/en\\\/#website\"},\"primaryImageOfPage\":{\"@id\":\"https:\\\/\\\/aezhenn-croisieres.bzh\\\/en\\\/custom-sailing-cruises-and-excursions-designed-to-suit-your-rhythm\\\/#primaryimage\"},\"image\":{\"@id\":\"https:\\\/\\\/aezhenn-croisieres.bzh\\\/en\\\/custom-sailing-cruises-and-excursions-designed-to-suit-your-rhythm\\\/#primaryimage\"},\"thumbnailUrl\":\"https:\\\/\\\/aezhenn-croisieres.bzh\\\/wp-content\\\/uploads\\\/2024\\\/12\\\/lotus_flower.webp\",\"datePublished\":\"2024-05-09T12:04:45+00:00\",\"dateModified\":\"2025-10-22T14:45:16+00:00\",\"description\":\"Explore custom sailboat cruises and excursions from Brest in Brittany, guided by a professional skipper. Tailor your stay to visit the islands and the coast of Brittany, enjoying a mix of nature, leisure, and adventure.\",\"breadcrumb\":{\"@id\":\"https:\\\/\\\/aezhenn-croisieres.bzh\\\/en\\\/custom-sailing-cruises-and-excursions-designed-to-suit-your-rhythm\\\/#breadcrumb\"},\"inLanguage\":\"en-US\",\"potentialAction\":[{\"@type\":\"ReadAction\",\"target\":[\"https:\\\/\\\/aezhenn-croisieres.bzh\\\/en\\\/custom-sailing-cruises-and-excursions-designed-to-suit-your-rhythm\\\/\"]}]},{\"@type\":\"ImageObject\",\"inLanguage\":\"en-US\",\"@id\":\"https:\\\/\\\/aezhenn-croisieres.bzh\\\/en\\\/custom-sailing-cruises-and-excursions-designed-to-suit-your-rhythm\\\/#primaryimage\",\"url\":\"https:\\\/\\\/aezhenn-croisieres.bzh\\\/wp-content\\\/uploads\\\/2024\\\/12\\\/lotus_flower.webp\",\"contentUrl\":\"https:\\\/\\\/aezhenn-croisieres.bzh\\\/wp-content\\\/uploads\\\/2024\\\/12\\\/lotus_flower.webp\"},{\"@type\":\"BreadcrumbList\",\"@id\":\"https:\\\/\\\/aezhenn-croisieres.bzh\\\/en\\\/custom-sailing-cruises-and-excursions-designed-to-suit-your-rhythm\\\/#breadcrumb\",\"itemListElement\":[{\"@type\":\"ListItem\",\"position\":1,\"name\":\"Accueil\",\"item\":\"https:\\\/\\\/aezhenn-croisieres.bzh\\\/en\\\/\"},{\"@type\":\"ListItem\",\"position\":2,\"name\":\"Cruises\"}]},{\"@type\":\"WebSite\",\"@id\":\"https:\\\/\\\/aezhenn-croisieres.bzh\\\/en\\\/#website\",\"url\":\"https:\\\/\\\/aezhenn-croisieres.bzh\\\/en\\\/\",\"name\":\"Croisi\u00e8res et formations maritimes en voilier au d\u00e9part de Brest avec skipper professionnel\",\"description\":\"Croisi\u00e8res et formations maritimes en voilier au d\u00e9part de Brest avec skipper professionnel\",\"publisher\":{\"@id\":\"https:\\\/\\\/aezhenn-croisieres.bzh\\\/en\\\/#organization\"},\"potentialAction\":[{\"@type\":\"SearchAction\",\"target\":{\"@type\":\"EntryPoint\",\"urlTemplate\":\"https:\\\/\\\/aezhenn-croisieres.bzh\\\/en\\\/?s={search_term_string}\"},\"query-input\":{\"@type\":\"PropertyValueSpecification\",\"valueRequired\":true,\"valueName\":\"search_term_string\"}}],\"inLanguage\":\"en-US\"},{\"@type\":\"Organization\",\"@id\":\"https:\\\/\\\/aezhenn-croisieres.bzh\\\/en\\\/#organization\",\"name\":\"Croisi\u00e8res et formations maritimes en voilier au d\u00e9part de Brest avec skipper professionnel\",\"url\":\"https:\\\/\\\/aezhenn-croisieres.bzh\\\/en\\\/\",\"logo\":{\"@type\":\"ImageObject\",\"inLanguage\":\"en-US\",\"@id\":\"https:\\\/\\\/aezhenn-croisieres.bzh\\\/en\\\/#\\\/schema\\\/logo\\\/image\\\/\",\"url\":\"https:\\\/\\\/aezhenn-croisieres.bzh\\\/wp-content\\\/uploads\\\/2024\\\/11\\\/cropped-aezhenn_glaz_S-1.webp\",\"contentUrl\":\"https:\\\/\\\/aezhenn-croisieres.bzh\\\/wp-content\\\/uploads\\\/2024\\\/11\\\/cropped-aezhenn_glaz_S-1.webp\",\"width\":156,\"height\":90,\"caption\":\"Croisi\u00e8res et formations maritimes en voilier au d\u00e9part de Brest avec skipper professionnel\"},\"image\":{\"@id\":\"https:\\\/\\\/aezhenn-croisieres.bzh\\\/en\\\/#\\\/schema\\\/logo\\\/image\\\/\"}}]}<\/script>\n<!-- \/ Yoast SEO plugin. -->","yoast_head_json":{"title":"Custom Sailboat Cruises in Brittany - Aezhenn Croisi\u00e8res","description":"Explore custom sailboat cruises and excursions from Brest in Brittany, guided by a professional skipper. Tailor your stay to visit the islands and the coast of Brittany, enjoying a mix of nature, leisure, and adventure.","robots":{"index":"index","follow":"follow","max-snippet":"max-snippet:-1","max-image-preview":"max-image-preview:large","max-video-preview":"max-video-preview:-1"},"canonical":"https:\/\/aezhenn-croisieres.bzh\/en\/custom-sailing-cruises-and-excursions-designed-to-suit-your-rhythm\/","og_locale":"en_US","og_type":"article","og_title":"Custom Sailboat Cruises in Brittany - Aezhenn Croisi\u00e8res","og_description":"Explore custom sailboat cruises and excursions from Brest in Brittany, guided by a professional skipper. Tailor your stay to visit the islands and the coast of Brittany, enjoying a mix of nature, leisure, and adventure.","og_url":"https:\/\/aezhenn-croisieres.bzh\/en\/custom-sailing-cruises-and-excursions-designed-to-suit-your-rhythm\/","og_site_name":"Croisi\u00e8res et formations maritimes en voilier au d\u00e9part de Brest avec skipper professionnel","article_modified_time":"2025-10-22T14:45:16+00:00","og_image":[{"width":93,"height":90,"url":"https:\/\/aezhenn-croisieres.bzh\/wp-content\/uploads\/2024\/12\/lotus_flower.webp","type":"image\/webp"}],"twitter_card":"summary_large_image","twitter_misc":{"Est. reading time":"1 minute"},"schema":{"@context":"https:\/\/schema.org","@graph":[{"@type":"WebPage","@id":"https:\/\/aezhenn-croisieres.bzh\/en\/custom-sailing-cruises-and-excursions-designed-to-suit-your-rhythm\/","url":"https:\/\/aezhenn-croisieres.bzh\/en\/custom-sailing-cruises-and-excursions-designed-to-suit-your-rhythm\/","name":"Custom Sailboat Cruises in Brittany - Aezhenn Croisi\u00e8res","isPartOf":{"@id":"https:\/\/aezhenn-croisieres.bzh\/en\/#website"},"primaryImageOfPage":{"@id":"https:\/\/aezhenn-croisieres.bzh\/en\/custom-sailing-cruises-and-excursions-designed-to-suit-your-rhythm\/#primaryimage"},"image":{"@id":"https:\/\/aezhenn-croisieres.bzh\/en\/custom-sailing-cruises-and-excursions-designed-to-suit-your-rhythm\/#primaryimage"},"thumbnailUrl":"https:\/\/aezhenn-croisieres.bzh\/wp-content\/uploads\/2024\/12\/lotus_flower.webp","datePublished":"2024-05-09T12:04:45+00:00","dateModified":"2025-10-22T14:45:16+00:00","description":"Explore custom sailboat cruises and excursions from Brest in Brittany, guided by a professional skipper. Tailor your stay to visit the islands and the coast of Brittany, enjoying a mix of nature, leisure, and adventure.","breadcrumb":{"@id":"https:\/\/aezhenn-croisieres.bzh\/en\/custom-sailing-cruises-and-excursions-designed-to-suit-your-rhythm\/#breadcrumb"},"inLanguage":"en-US","potentialAction":[{"@type":"ReadAction","target":["https:\/\/aezhenn-croisieres.bzh\/en\/custom-sailing-cruises-and-excursions-designed-to-suit-your-rhythm\/"]}]},{"@type":"ImageObject","inLanguage":"en-US","@id":"https:\/\/aezhenn-croisieres.bzh\/en\/custom-sailing-cruises-and-excursions-designed-to-suit-your-rhythm\/#primaryimage","url":"https:\/\/aezhenn-croisieres.bzh\/wp-content\/uploads\/2024\/12\/lotus_flower.webp","contentUrl":"https:\/\/aezhenn-croisieres.bzh\/wp-content\/uploads\/2024\/12\/lotus_flower.webp"},{"@type":"BreadcrumbList","@id":"https:\/\/aezhenn-croisieres.bzh\/en\/custom-sailing-cruises-and-excursions-designed-to-suit-your-rhythm\/#breadcrumb","itemListElement":[{"@type":"ListItem","position":1,"name":"Accueil","item":"https:\/\/aezhenn-croisieres.bzh\/en\/"},{"@type":"ListItem","position":2,"name":"Cruises"}]},{"@type":"WebSite","@id":"https:\/\/aezhenn-croisieres.bzh\/en\/#website","url":"https:\/\/aezhenn-croisieres.bzh\/en\/","name":"Croisi\u00e8res et formations maritimes en voilier au d\u00e9part de Brest avec skipper professionnel","description":"Croisi\u00e8res et formations maritimes en voilier au d\u00e9part de Brest avec skipper professionnel","publisher":{"@id":"https:\/\/aezhenn-croisieres.bzh\/en\/#organization"},"potentialAction":[{"@type":"SearchAction","target":{"@type":"EntryPoint","urlTemplate":"https:\/\/aezhenn-croisieres.bzh\/en\/?s={search_term_string}"},"query-input":{"@type":"PropertyValueSpecification","valueRequired":true,"valueName":"search_term_string"}}],"inLanguage":"en-US"},{"@type":"Organization","@id":"https:\/\/aezhenn-croisieres.bzh\/en\/#organization","name":"Croisi\u00e8res et formations maritimes en voilier au d\u00e9part de Brest avec skipper professionnel","url":"https:\/\/aezhenn-croisieres.bzh\/en\/","logo":{"@type":"ImageObject","inLanguage":"en-US","@id":"https:\/\/aezhenn-croisieres.bzh\/en\/#\/schema\/logo\/image\/","url":"https:\/\/aezhenn-croisieres.bzh\/wp-content\/uploads\/2024\/11\/cropped-aezhenn_glaz_S-1.webp","contentUrl":"https:\/\/aezhenn-croisieres.bzh\/wp-content\/uploads\/2024\/11\/cropped-aezhenn_glaz_S-1.webp","width":156,"height":90,"caption":"Croisi\u00e8res et formations maritimes en voilier au d\u00e9part de Brest avec skipper professionnel"},"image":{"@id":"https:\/\/aezhenn-croisieres.bzh\/en\/#\/schema\/logo\/image\/"}}]}},"_links":{"self":[{"href":"https:\/\/aezhenn-croisieres.bzh\/en\/wp-json\/wp\/v2\/pages\/1879","targetHints":{"allow":["GET"]}}],"collection":[{"href":"https:\/\/aezhenn-croisieres.bzh\/en\/wp-json\/wp\/v2\/pages"}],"about":[{"href":"https:\/\/aezhenn-croisieres.bzh\/en\/wp-json\/wp\/v2\/types\/page"}],"author":[{"embeddable":true,"href":"https:\/\/aezhenn-croisieres.bzh\/en\/wp-json\/wp\/v2\/users\/1"}],"replies":[{"embeddable":true,"href":"https:\/\/aezhenn-croisieres.bzh\/en\/wp-json\/wp\/v2\/comments?post=1879"}],"version-history":[{"count":5,"href":"https:\/\/aezhenn-croisieres.bzh\/en\/wp-json\/wp\/v2\/pages\/1879\/revisions"}],"predecessor-version":[{"id":1888,"href":"https:\/\/aezhenn-croisieres.bzh\/en\/wp-json\/wp\/v2\/pages\/1879\/revisions\/1888"}],"wp:attachment":[{"href":"https:\/\/aezhenn-croisieres.bzh\/en\/wp-json\/wp\/v2\/media?parent=1879"}],"wp:term":[{"taxonomy":"wf_page_folders","embeddable":true,"href":"https:\/\/aezhenn-croisieres.bzh\/en\/wp-json\/wp\/v2\/wf_page_folders?post=1879"}],"curies":[{"name":"wp","href":"https:\/\/api.w.org\/{rel}","templated":true}]}}