{"id":1950,"date":"2024-08-19T14:47:30","date_gmt":"2024-08-19T12:47:30","guid":{"rendered":"https:\/\/aezhenn-croisieres.bzh\/custom-sailing-cruises-and-excursions-designed-to-suit-your-rhythm\/5-day-sea-sailing-adventures\/"},"modified":"2026-03-26T10:01:07","modified_gmt":"2026-03-26T09:01:07","slug":"5-day-sea-sailing-adventures","status":"publish","type":"page","link":"https:\/\/aezhenn-croisieres.bzh\/en\/custom-sailing-cruises-and-excursions-designed-to-suit-your-rhythm\/5-day-sea-sailing-adventures\/","title":{"rendered":"5-day Trip"},"content":{"rendered":"\n<figure class=\"wp-block-image aligncenter size-full\"><img loading=\"lazy\" decoding=\"async\" width=\"79\" height=\"90\" src=\"https:\/\/aezhenn-croisieres.bzh\/wp-content\/uploads\/2024\/12\/island.webp\" alt=\"\" class=\"wp-image-1789\"\/><\/figure>\n\n<h1 class=\"wp-block-heading has-text-align-center has-ast-global-color-3-color has-text-color has-link-color has-large-font-size wp-elements-0c43780930ebb48776da2e62abe28853\">5-day sea <a href=\"https:\/\/aezhenn-croisieres.bzh\/en\/info\/the-sailboat\/\">sailing <\/a>adventures<\/h1>\n\n<div class=\"wp-block-media-text is-stacked-on-mobile is-vertically-aligned-top\" style=\"padding-top:var(--wp--preset--spacing--20);padding-bottom:var(--wp--preset--spacing--20);grid-template-columns:35% auto\"><figure class=\"wp-block-media-text__media\"><img loading=\"lazy\" decoding=\"async\" width=\"400\" height=\"431\" src=\"https:\/\/aezhenn-croisieres.bzh\/wp-content\/uploads\/2024\/11\/Channel_Islands_01.webp\" alt=\"sailing getaway to the Channel Islands\" class=\"wp-image-1451 size-full\" srcset=\"https:\/\/aezhenn-croisieres.bzh\/wp-content\/uploads\/2024\/11\/Channel_Islands_01.webp 400w, https:\/\/aezhenn-croisieres.bzh\/wp-content\/uploads\/2024\/11\/Channel_Islands_01-278x300.webp 278w\" sizes=\"auto, (max-width: 400px) 100vw, 400px\" \/><\/figure><div class=\"wp-block-media-text__content\">\n<h2 class=\"wp-block-heading has-ast-global-color-3-color has-text-color has-link-color wp-elements-d776a7aa5d8534f5f495fba59afad1c0\" style=\"font-size:26px\"><a href=\"https:\/\/www.visitchannelislands.com\/\">Channel Islands<\/a><\/h2>\n\n\n\n<p>The archipelago consists of 5 accessible islands (Jersey, Guernsey, Alderney, Herm, and Sark).<\/p>\n\n\n\n<p>Navigating these waters is very technical due to the significant tidal range and powerful tidal currents.<\/p>\n\n\n\n<p>What an incredible sight! Each of these islands has its own character and British traditions. A change of scenery and unique atmospheres guaranteed!<\/p>\n\n\n\n<p>Please note that a passport is required for all travel.<\/p>\n<\/div><\/div>\n\n<div class=\"wp-block-media-text is-stacked-on-mobile is-vertically-aligned-top\" style=\"padding-top:var(--wp--preset--spacing--20);padding-bottom:var(--wp--preset--spacing--20);grid-template-columns:35% auto\"><figure class=\"wp-block-media-text__media\"><img loading=\"lazy\" decoding=\"async\" width=\"400\" height=\"274\" src=\"https:\/\/aezhenn-croisieres.bzh\/wp-content\/uploads\/2024\/11\/Cote_de_granit_rose.webp\" alt=\"sailing getaway in North Brittany\" class=\"wp-image-1328 size-full\" srcset=\"https:\/\/aezhenn-croisieres.bzh\/wp-content\/uploads\/2024\/11\/Cote_de_granit_rose.webp 400w, https:\/\/aezhenn-croisieres.bzh\/wp-content\/uploads\/2024\/11\/Cote_de_granit_rose-300x206.webp 300w\" sizes=\"auto, (max-width: 400px) 100vw, 400px\" \/><\/figure><div class=\"wp-block-media-text__content\">\n<h2 class=\"wp-block-heading has-ast-global-color-3-color has-text-color has-link-color wp-elements-c359b1c38a7532c4bdd36311464828ab\" style=\"font-size:26px\">Coastal cruising along the north coast of Brittany<\/h2>\n\n\n\n<p>The north coast of Brittany is full of splendid and very varied landscapes.<\/p>\n\n\n\n<p>Among these: \u00cele Vierge, \u00cele de Batz, Tr\u00e9gastel, the Sept-\u00celes archipelago, Ploumanac&#8217;h and its Pink Granite Coast, \u00cele de Br\u00e9hat&#8230;<\/p>\n<\/div><\/div>\n\n<div class=\"wp-block-media-text is-stacked-on-mobile is-vertically-aligned-top\" style=\"padding-top:var(--wp--preset--spacing--20);padding-bottom:var(--wp--preset--spacing--20);grid-template-columns:35% auto\"><figure class=\"wp-block-media-text__media\"><img loading=\"lazy\" decoding=\"async\" width=\"400\" height=\"295\" src=\"https:\/\/aezhenn-croisieres.bzh\/wp-content\/uploads\/2024\/11\/glenan.webp\" alt=\"sailing getaway in South Brittany\" class=\"wp-image-1329 size-full\" srcset=\"https:\/\/aezhenn-croisieres.bzh\/wp-content\/uploads\/2024\/11\/glenan.webp 400w, https:\/\/aezhenn-croisieres.bzh\/wp-content\/uploads\/2024\/11\/glenan-300x221.webp 300w\" sizes=\"auto, (max-width: 400px) 100vw, 400px\" \/><\/figure><div class=\"wp-block-media-text__content\">\n<h2 class=\"wp-block-heading has-ast-global-color-3-color has-text-color has-link-color wp-elements-cd654a76f1cd692265ae78e91d121eec\" style=\"font-size:26px\">Coastal cruising along the south coast of Brittany<\/h2>\n\n\n\n<p>The south coast of Brittany is one of the most beautiful coastlines in France.<\/p>\n\n\n\n<p>Some must-see places to discover: the Gl\u00e9nan archipelago, Groix, Quiberon Bay, Belle-\u00cele, the Gulf of Morbihan, Houat, Ho\u00ebdic&#8230;<\/p>\n<\/div><\/div>\n","protected":false},"excerpt":{"rendered":"<p>5-day sea sailing adventures Channel Islands The archipelago consists of 5 accessible islands (Jersey, Guernsey, Alderney, Herm, and Sark). Navigating [&hellip;]<\/p>\n","protected":false},"author":1,"featured_media":0,"parent":1879,"menu_order":0,"comment_status":"closed","ping_status":"closed","template":"","meta":{"site-sidebar-layout":"default","site-content-layout":"","ast-site-content-layout":"default","site-content-style":"default","site-sidebar-style":"default","ast-global-header-display":"","ast-banner-title-visibility":"","ast-main-header-display":"","ast-hfb-above-header-display":"","ast-hfb-below-header-display":"","ast-hfb-mobile-header-display":"","site-post-title":"disabled","ast-breadcrumbs-content":"","ast-featured-img":"","footer-sml-layout":"","ast-disable-related-posts":"","theme-transparent-header-meta":"","adv-header-id-meta":"","stick-header-meta":"","header-above-stick-meta":"","header-main-stick-meta":"","header-below-stick-meta":"","astra-migrate-meta-layouts":"default","ast-page-background-enabled":"default","ast-page-background-meta":{"desktop":{"background-color":"var(--ast-global-color-4)","background-image":"","background-repeat":"repeat","background-position":"center center","background-size":"auto","background-attachment":"scroll","background-type":"","background-media":"","overlay-type":"","overlay-color":"","overlay-opacity":"","overlay-gradient":""},"tablet":{"background-color":"","background-image":"","background-repeat":"repeat","background-position":"center center","background-size":"auto","background-attachment":"scroll","background-type":"","background-media":"","overlay-type":"","overlay-color":"","overlay-opacity":"","overlay-gradient":""},"mobile":{"background-color":"","background-image":"","background-repeat":"repeat","background-position":"center center","background-size":"auto","background-attachment":"scroll","background-type":"","background-media":"","overlay-type":"","overlay-color":"","overlay-opacity":"","overlay-gradient":""}},"ast-content-background-meta":{"desktop":{"background-color":"var(--ast-global-color-5)","background-image":"","background-repeat":"repeat","background-position":"center center","background-size":"auto","background-attachment":"scroll","background-type":"","background-media":"","overlay-type":"","overlay-color":"","overlay-opacity":"","overlay-gradient":""},"tablet":{"background-color":"var(--ast-global-color-5)","background-image":"","background-repeat":"repeat","background-position":"center center","background-size":"auto","background-attachment":"scroll","background-type":"","background-media":"","overlay-type":"","overlay-color":"","overlay-opacity":"","overlay-gradient":""},"mobile":{"background-color":"var(--ast-global-color-5)","background-image":"","background-repeat":"repeat","background-position":"center center","background-size":"auto","background-attachment":"scroll","background-type":"","background-media":"","overlay-type":"","overlay-color":"","overlay-opacity":"","overlay-gradient":""}},"footnotes":""},"wf_page_folders":[19],"class_list":["post-1950","page","type-page","status-publish","hentry"],"yoast_head":"<!-- This site is optimized with the Yoast SEO plugin v27.6 - https:\/\/yoast.com\/product\/yoast-seo-wordpress\/ -->\n<title>Sailing getaways in Brittany - Aezhenn Croisi\u00e8res<\/title>\n<meta name=\"description\" content=\"Experience unforgettable sailing getaways in Brittany with Aezhenn Croisi\u00e8res. Explore the islands, bays, and treasures of the Breton coast and the Channel Islands by sailboat in a friendly atmosphere.\" \/>\n<meta name=\"robots\" content=\"index, follow, max-snippet:-1, max-image-preview:large, max-video-preview:-1\" \/>\n<link rel=\"canonical\" href=\"https:\/\/aezhenn-croisieres.bzh\/en\/custom-sailing-cruises-and-excursions-designed-to-suit-your-rhythm\/5-day-sea-sailing-adventures\/\" \/>\n<meta property=\"og:locale\" content=\"en_US\" \/>\n<meta property=\"og:type\" content=\"article\" \/>\n<meta property=\"og:title\" content=\"Sailing getaways in Brittany - Aezhenn Croisi\u00e8res\" \/>\n<meta property=\"og:description\" content=\"Experience unforgettable sailing getaways in Brittany with Aezhenn Croisi\u00e8res. Explore the islands, bays, and treasures of the Breton coast and the Channel Islands by sailboat in a friendly atmosphere.\" \/>\n<meta property=\"og:url\" content=\"https:\/\/aezhenn-croisieres.bzh\/en\/custom-sailing-cruises-and-excursions-designed-to-suit-your-rhythm\/5-day-sea-sailing-adventures\/\" \/>\n<meta property=\"og:site_name\" content=\"Croisi\u00e8res et formations maritimes en voilier au d\u00e9part de Brest avec skipper professionnel\" \/>\n<meta property=\"article:modified_time\" content=\"2026-03-26T09:01:07+00:00\" \/>\n<meta property=\"og:image\" content=\"https:\/\/aezhenn-croisieres.bzh\/wp-content\/uploads\/2024\/12\/island.webp\" \/>\n\t<meta property=\"og:image:width\" content=\"79\" \/>\n\t<meta property=\"og:image:height\" content=\"90\" \/>\n\t<meta property=\"og:image:type\" content=\"image\/webp\" \/>\n<meta name=\"twitter:card\" content=\"summary_large_image\" \/>\n<meta name=\"twitter:label1\" content=\"Est. reading time\" \/>\n\t<meta name=\"twitter:data1\" content=\"1 minute\" \/>\n<script type=\"application\/ld+json\" class=\"yoast-schema-graph\">{\"@context\":\"https:\\\/\\\/schema.org\",\"@graph\":[{\"@type\":\"WebPage\",\"@id\":\"https:\\\/\\\/aezhenn-croisieres.bzh\\\/en\\\/custom-sailing-cruises-and-excursions-designed-to-suit-your-rhythm\\\/5-day-sea-sailing-adventures\\\/\",\"url\":\"https:\\\/\\\/aezhenn-croisieres.bzh\\\/en\\\/custom-sailing-cruises-and-excursions-designed-to-suit-your-rhythm\\\/5-day-sea-sailing-adventures\\\/\",\"name\":\"Sailing getaways in Brittany - Aezhenn Croisi\u00e8res\",\"isPartOf\":{\"@id\":\"https:\\\/\\\/aezhenn-croisieres.bzh\\\/en\\\/#website\"},\"primaryImageOfPage\":{\"@id\":\"https:\\\/\\\/aezhenn-croisieres.bzh\\\/en\\\/custom-sailing-cruises-and-excursions-designed-to-suit-your-rhythm\\\/5-day-sea-sailing-adventures\\\/#primaryimage\"},\"image\":{\"@id\":\"https:\\\/\\\/aezhenn-croisieres.bzh\\\/en\\\/custom-sailing-cruises-and-excursions-designed-to-suit-your-rhythm\\\/5-day-sea-sailing-adventures\\\/#primaryimage\"},\"thumbnailUrl\":\"https:\\\/\\\/aezhenn-croisieres.bzh\\\/wp-content\\\/uploads\\\/2024\\\/12\\\/island.webp\",\"datePublished\":\"2024-08-19T12:47:30+00:00\",\"dateModified\":\"2026-03-26T09:01:07+00:00\",\"description\":\"Experience unforgettable sailing getaways in Brittany with Aezhenn Croisi\u00e8res. Explore the islands, bays, and treasures of the Breton coast and the Channel Islands by sailboat in a friendly atmosphere.\",\"breadcrumb\":{\"@id\":\"https:\\\/\\\/aezhenn-croisieres.bzh\\\/en\\\/custom-sailing-cruises-and-excursions-designed-to-suit-your-rhythm\\\/5-day-sea-sailing-adventures\\\/#breadcrumb\"},\"inLanguage\":\"en-US\",\"potentialAction\":[{\"@type\":\"ReadAction\",\"target\":[\"https:\\\/\\\/aezhenn-croisieres.bzh\\\/en\\\/custom-sailing-cruises-and-excursions-designed-to-suit-your-rhythm\\\/5-day-sea-sailing-adventures\\\/\"]}]},{\"@type\":\"ImageObject\",\"inLanguage\":\"en-US\",\"@id\":\"https:\\\/\\\/aezhenn-croisieres.bzh\\\/en\\\/custom-sailing-cruises-and-excursions-designed-to-suit-your-rhythm\\\/5-day-sea-sailing-adventures\\\/#primaryimage\",\"url\":\"https:\\\/\\\/aezhenn-croisieres.bzh\\\/wp-content\\\/uploads\\\/2024\\\/12\\\/island.webp\",\"contentUrl\":\"https:\\\/\\\/aezhenn-croisieres.bzh\\\/wp-content\\\/uploads\\\/2024\\\/12\\\/island.webp\"},{\"@type\":\"BreadcrumbList\",\"@id\":\"https:\\\/\\\/aezhenn-croisieres.bzh\\\/en\\\/custom-sailing-cruises-and-excursions-designed-to-suit-your-rhythm\\\/5-day-sea-sailing-adventures\\\/#breadcrumb\",\"itemListElement\":[{\"@type\":\"ListItem\",\"position\":1,\"name\":\"Accueil\",\"item\":\"https:\\\/\\\/aezhenn-croisieres.bzh\\\/en\\\/\"},{\"@type\":\"ListItem\",\"position\":2,\"name\":\"Cruises\",\"item\":\"https:\\\/\\\/aezhenn-croisieres.bzh\\\/en\\\/custom-sailing-cruises-and-excursions-designed-to-suit-your-rhythm\\\/\"},{\"@type\":\"ListItem\",\"position\":3,\"name\":\"5-day Trip\"}]},{\"@type\":\"WebSite\",\"@id\":\"https:\\\/\\\/aezhenn-croisieres.bzh\\\/en\\\/#website\",\"url\":\"https:\\\/\\\/aezhenn-croisieres.bzh\\\/en\\\/\",\"name\":\"Croisi\u00e8res et formations maritimes en voilier au d\u00e9part de Brest avec skipper professionnel\",\"description\":\"Croisi\u00e8res et formations maritimes en voilier au d\u00e9part de Brest avec skipper professionnel\",\"publisher\":{\"@id\":\"https:\\\/\\\/aezhenn-croisieres.bzh\\\/en\\\/#organization\"},\"potentialAction\":[{\"@type\":\"SearchAction\",\"target\":{\"@type\":\"EntryPoint\",\"urlTemplate\":\"https:\\\/\\\/aezhenn-croisieres.bzh\\\/en\\\/?s={search_term_string}\"},\"query-input\":{\"@type\":\"PropertyValueSpecification\",\"valueRequired\":true,\"valueName\":\"search_term_string\"}}],\"inLanguage\":\"en-US\"},{\"@type\":\"Organization\",\"@id\":\"https:\\\/\\\/aezhenn-croisieres.bzh\\\/en\\\/#organization\",\"name\":\"Croisi\u00e8res et formations maritimes en voilier au d\u00e9part de Brest avec skipper professionnel\",\"url\":\"https:\\\/\\\/aezhenn-croisieres.bzh\\\/en\\\/\",\"logo\":{\"@type\":\"ImageObject\",\"inLanguage\":\"en-US\",\"@id\":\"https:\\\/\\\/aezhenn-croisieres.bzh\\\/en\\\/#\\\/schema\\\/logo\\\/image\\\/\",\"url\":\"https:\\\/\\\/aezhenn-croisieres.bzh\\\/wp-content\\\/uploads\\\/2024\\\/11\\\/cropped-aezhenn_glaz_S-1.webp\",\"contentUrl\":\"https:\\\/\\\/aezhenn-croisieres.bzh\\\/wp-content\\\/uploads\\\/2024\\\/11\\\/cropped-aezhenn_glaz_S-1.webp\",\"width\":156,\"height\":90,\"caption\":\"Croisi\u00e8res et formations maritimes en voilier au d\u00e9part de Brest avec skipper professionnel\"},\"image\":{\"@id\":\"https:\\\/\\\/aezhenn-croisieres.bzh\\\/en\\\/#\\\/schema\\\/logo\\\/image\\\/\"}}]}<\/script>\n<!-- \/ Yoast SEO plugin. -->","yoast_head_json":{"title":"Sailing getaways in Brittany - Aezhenn Croisi\u00e8res","description":"Experience unforgettable sailing getaways in Brittany with Aezhenn Croisi\u00e8res. Explore the islands, bays, and treasures of the Breton coast and the Channel Islands by sailboat in a friendly atmosphere.","robots":{"index":"index","follow":"follow","max-snippet":"max-snippet:-1","max-image-preview":"max-image-preview:large","max-video-preview":"max-video-preview:-1"},"canonical":"https:\/\/aezhenn-croisieres.bzh\/en\/custom-sailing-cruises-and-excursions-designed-to-suit-your-rhythm\/5-day-sea-sailing-adventures\/","og_locale":"en_US","og_type":"article","og_title":"Sailing getaways in Brittany - Aezhenn Croisi\u00e8res","og_description":"Experience unforgettable sailing getaways in Brittany with Aezhenn Croisi\u00e8res. Explore the islands, bays, and treasures of the Breton coast and the Channel Islands by sailboat in a friendly atmosphere.","og_url":"https:\/\/aezhenn-croisieres.bzh\/en\/custom-sailing-cruises-and-excursions-designed-to-suit-your-rhythm\/5-day-sea-sailing-adventures\/","og_site_name":"Croisi\u00e8res et formations maritimes en voilier au d\u00e9part de Brest avec skipper professionnel","article_modified_time":"2026-03-26T09:01:07+00:00","og_image":[{"width":79,"height":90,"url":"https:\/\/aezhenn-croisieres.bzh\/wp-content\/uploads\/2024\/12\/island.webp","type":"image\/webp"}],"twitter_card":"summary_large_image","twitter_misc":{"Est. reading time":"1 minute"},"schema":{"@context":"https:\/\/schema.org","@graph":[{"@type":"WebPage","@id":"https:\/\/aezhenn-croisieres.bzh\/en\/custom-sailing-cruises-and-excursions-designed-to-suit-your-rhythm\/5-day-sea-sailing-adventures\/","url":"https:\/\/aezhenn-croisieres.bzh\/en\/custom-sailing-cruises-and-excursions-designed-to-suit-your-rhythm\/5-day-sea-sailing-adventures\/","name":"Sailing getaways in Brittany - Aezhenn Croisi\u00e8res","isPartOf":{"@id":"https:\/\/aezhenn-croisieres.bzh\/en\/#website"},"primaryImageOfPage":{"@id":"https:\/\/aezhenn-croisieres.bzh\/en\/custom-sailing-cruises-and-excursions-designed-to-suit-your-rhythm\/5-day-sea-sailing-adventures\/#primaryimage"},"image":{"@id":"https:\/\/aezhenn-croisieres.bzh\/en\/custom-sailing-cruises-and-excursions-designed-to-suit-your-rhythm\/5-day-sea-sailing-adventures\/#primaryimage"},"thumbnailUrl":"https:\/\/aezhenn-croisieres.bzh\/wp-content\/uploads\/2024\/12\/island.webp","datePublished":"2024-08-19T12:47:30+00:00","dateModified":"2026-03-26T09:01:07+00:00","description":"Experience unforgettable sailing getaways in Brittany with Aezhenn Croisi\u00e8res. Explore the islands, bays, and treasures of the Breton coast and the Channel Islands by sailboat in a friendly atmosphere.","breadcrumb":{"@id":"https:\/\/aezhenn-croisieres.bzh\/en\/custom-sailing-cruises-and-excursions-designed-to-suit-your-rhythm\/5-day-sea-sailing-adventures\/#breadcrumb"},"inLanguage":"en-US","potentialAction":[{"@type":"ReadAction","target":["https:\/\/aezhenn-croisieres.bzh\/en\/custom-sailing-cruises-and-excursions-designed-to-suit-your-rhythm\/5-day-sea-sailing-adventures\/"]}]},{"@type":"ImageObject","inLanguage":"en-US","@id":"https:\/\/aezhenn-croisieres.bzh\/en\/custom-sailing-cruises-and-excursions-designed-to-suit-your-rhythm\/5-day-sea-sailing-adventures\/#primaryimage","url":"https:\/\/aezhenn-croisieres.bzh\/wp-content\/uploads\/2024\/12\/island.webp","contentUrl":"https:\/\/aezhenn-croisieres.bzh\/wp-content\/uploads\/2024\/12\/island.webp"},{"@type":"BreadcrumbList","@id":"https:\/\/aezhenn-croisieres.bzh\/en\/custom-sailing-cruises-and-excursions-designed-to-suit-your-rhythm\/5-day-sea-sailing-adventures\/#breadcrumb","itemListElement":[{"@type":"ListItem","position":1,"name":"Accueil","item":"https:\/\/aezhenn-croisieres.bzh\/en\/"},{"@type":"ListItem","position":2,"name":"Cruises","item":"https:\/\/aezhenn-croisieres.bzh\/en\/custom-sailing-cruises-and-excursions-designed-to-suit-your-rhythm\/"},{"@type":"ListItem","position":3,"name":"5-day Trip"}]},{"@type":"WebSite","@id":"https:\/\/aezhenn-croisieres.bzh\/en\/#website","url":"https:\/\/aezhenn-croisieres.bzh\/en\/","name":"Croisi\u00e8res et formations maritimes en voilier au d\u00e9part de Brest avec skipper professionnel","description":"Croisi\u00e8res et formations maritimes en voilier au d\u00e9part de Brest avec skipper professionnel","publisher":{"@id":"https:\/\/aezhenn-croisieres.bzh\/en\/#organization"},"potentialAction":[{"@type":"SearchAction","target":{"@type":"EntryPoint","urlTemplate":"https:\/\/aezhenn-croisieres.bzh\/en\/?s={search_term_string}"},"query-input":{"@type":"PropertyValueSpecification","valueRequired":true,"valueName":"search_term_string"}}],"inLanguage":"en-US"},{"@type":"Organization","@id":"https:\/\/aezhenn-croisieres.bzh\/en\/#organization","name":"Croisi\u00e8res et formations maritimes en voilier au d\u00e9part de Brest avec skipper professionnel","url":"https:\/\/aezhenn-croisieres.bzh\/en\/","logo":{"@type":"ImageObject","inLanguage":"en-US","@id":"https:\/\/aezhenn-croisieres.bzh\/en\/#\/schema\/logo\/image\/","url":"https:\/\/aezhenn-croisieres.bzh\/wp-content\/uploads\/2024\/11\/cropped-aezhenn_glaz_S-1.webp","contentUrl":"https:\/\/aezhenn-croisieres.bzh\/wp-content\/uploads\/2024\/11\/cropped-aezhenn_glaz_S-1.webp","width":156,"height":90,"caption":"Croisi\u00e8res et formations maritimes en voilier au d\u00e9part de Brest avec skipper professionnel"},"image":{"@id":"https:\/\/aezhenn-croisieres.bzh\/en\/#\/schema\/logo\/image\/"}}]}},"_links":{"self":[{"href":"https:\/\/aezhenn-croisieres.bzh\/en\/wp-json\/wp\/v2\/pages\/1950","targetHints":{"allow":["GET"]}}],"collection":[{"href":"https:\/\/aezhenn-croisieres.bzh\/en\/wp-json\/wp\/v2\/pages"}],"about":[{"href":"https:\/\/aezhenn-croisieres.bzh\/en\/wp-json\/wp\/v2\/types\/page"}],"author":[{"embeddable":true,"href":"https:\/\/aezhenn-croisieres.bzh\/en\/wp-json\/wp\/v2\/users\/1"}],"replies":[{"embeddable":true,"href":"https:\/\/aezhenn-croisieres.bzh\/en\/wp-json\/wp\/v2\/comments?post=1950"}],"version-history":[{"count":5,"href":"https:\/\/aezhenn-croisieres.bzh\/en\/wp-json\/wp\/v2\/pages\/1950\/revisions"}],"predecessor-version":[{"id":2003,"href":"https:\/\/aezhenn-croisieres.bzh\/en\/wp-json\/wp\/v2\/pages\/1950\/revisions\/2003"}],"up":[{"embeddable":true,"href":"https:\/\/aezhenn-croisieres.bzh\/en\/wp-json\/wp\/v2\/pages\/1879"}],"wp:attachment":[{"href":"https:\/\/aezhenn-croisieres.bzh\/en\/wp-json\/wp\/v2\/media?parent=1950"}],"wp:term":[{"taxonomy":"wf_page_folders","embeddable":true,"href":"https:\/\/aezhenn-croisieres.bzh\/en\/wp-json\/wp\/v2\/wf_page_folders?post=1950"}],"curies":[{"name":"wp","href":"https:\/\/api.w.org\/{rel}","templated":true}]}}