{"id":1955,"date":"2024-06-26T15:52:14","date_gmt":"2024-06-26T13:52:14","guid":{"rendered":"https:\/\/aezhenn-croisieres.bzh\/cruise-training-and-service-prices\/"},"modified":"2026-04-02T15:23:58","modified_gmt":"2026-04-02T13:23:58","slug":"cruise-training-and-service-prices","status":"publish","type":"page","link":"https:\/\/aezhenn-croisieres.bzh\/en\/info\/cruise-training-and-service-prices\/","title":{"rendered":"Price list"},"content":{"rendered":"\n<figure class=\"wp-block-image aligncenter size-full\"><img loading=\"lazy\" decoding=\"async\" width=\"69\" height=\"90\" src=\"https:\/\/aezhenn-croisieres.bzh\/wp-content\/uploads\/2024\/12\/board_list_01.webp\" alt=\"\" class=\"wp-image-1765\"\/><\/figure>\n\n<h1 class=\"wp-block-heading has-text-align-center has-ast-global-color-3-color has-text-color has-link-color has-large-font-size wp-elements-f48c400c4b42d687bf14c8bec9b6a4f0\">Price list for cruises, training and services<\/h1>\n\n<div class=\"wp-block-media-text is-stacked-on-mobile is-vertically-aligned-top\" style=\"grid-template-columns:22% auto\"><figure class=\"wp-block-media-text__media\"><img loading=\"lazy\" decoding=\"async\" width=\"200\" height=\"266\" src=\"https:\/\/aezhenn-croisieres.bzh\/wp-content\/uploads\/2024\/11\/Alwena_01-1.webp\" alt=\"price list for cruises, training and services\" class=\"wp-image-1414 size-full\"\/><\/figure><div class=\"wp-block-media-text__content\">\n<h2 class=\"wp-block-heading has-ast-global-color-3-color has-text-color has-link-color wp-elements-d58b4f7b4161f1b15637fccfc9f15457\" style=\"font-size:26px\">Sailing trips<\/h2>\n\n\n\n<p class=\"has-text-align-left\">For your comfort, day trips are limited to a maximum of 5 passengers. <\/p>\n\n\n\n<p>For cruises or onboard training courses including at least one overnight stay, I take a maximum of four people on board. A shared kitty is set up to cover common expenses (food, gas, drinks, fuel, harbour fees, etc.). Typically, each person contributes around \u20ac20 per day to this kitty. Please refer to the <a href=\"https:\/\/aezhenn-croisieres.bzh\/en\/info\/provisioning-aboard-alwena\/\">provisioning<\/a> page for more information.   <\/p>\n\n\n\n<p><\/p>\n\n\n\n<figure class=\"wp-block-table is-style-regular\"><table style=\"border-width:1px\"><thead><tr><th>Cruises (min. 2 passengers)<\/th><th class=\"has-text-align-center\" data-align=\"center\">Maximum number of passengers<\/th><th class=\"has-text-align-right\" data-align=\"right\"><strong>Prices incl. VAT per passenger <\/strong><\/th><\/tr><\/thead><tbody><tr><td>1 day<\/td><td class=\"has-text-align-center\" data-align=\"center\">5<\/td><td class=\"has-text-align-right\" data-align=\"right\">\u20ac175<\/td><\/tr><tr><td>2 days<\/td><td class=\"has-text-align-center\" data-align=\"center\">4<\/td><td class=\"has-text-align-right\" data-align=\"right\">\u20ac350<\/td><\/tr><tr><td>3 days<\/td><td class=\"has-text-align-center\" data-align=\"center\">4<\/td><td class=\"has-text-align-right\" data-align=\"right\">\u20ac525<\/td><\/tr><tr><td>4 days<\/td><td class=\"has-text-align-center\" data-align=\"center\">4<\/td><td class=\"has-text-align-right\" data-align=\"right\">\u20ac700<\/td><\/tr><tr><td>5 days<\/td><td class=\"has-text-align-center\" data-align=\"center\">4<\/td><td class=\"has-text-align-right\" data-align=\"right\">\u20ac875<\/td><\/tr><tr><td>6 days<\/td><td class=\"has-text-align-center\" data-align=\"center\">4<\/td><td class=\"has-text-align-right\" data-align=\"right\">\u20ac1,050<\/td><\/tr><tr><td>7 days<\/td><td class=\"has-text-align-center\" data-align=\"center\">4<\/td><td class=\"has-text-align-right\" data-align=\"right\">\u20ac1,225<\/td><\/tr><\/tbody><\/table><figcaption class=\"wp-element-caption\">For a longer duration, please contact me to discuss it. I will provide you with a personalised quote. <\/figcaption><\/figure>\n\n\n\n<p><\/p>\n\n\n\n<figure class=\"wp-block-table is-style-regular\"><table style=\"border-width:1px\"><thead><tr><th>Private <strong>cruises<\/strong> aboard <a href=\"https:\/\/aezhenn-croisieres.bzh\/en\/info\/the-sailboat\/\">Alwena<\/a><\/th><th class=\"has-text-align-center\" data-align=\"center\">Maximum number of passengers<\/th><th class=\"has-text-align-right\" data-align=\"right\"><strong>Prices incl. VAT <\/strong><\/th><\/tr><\/thead><tbody><tr><td>1 day<\/td><td class=\"has-text-align-center\" data-align=\"center\">5<\/td><td class=\"has-text-align-right\" data-align=\"right\">\u20ac420<\/td><\/tr><tr><td>2 days<\/td><td class=\"has-text-align-center\" data-align=\"center\">4<\/td><td class=\"has-text-align-right\" data-align=\"right\">\u20ac840<\/td><\/tr><tr><td>3 days<\/td><td class=\"has-text-align-center\" data-align=\"center\">4<\/td><td class=\"has-text-align-right\" data-align=\"right\">\u20ac1,260<\/td><\/tr><tr><td>4 days<\/td><td class=\"has-text-align-center\" data-align=\"center\">4<\/td><td class=\"has-text-align-right\" data-align=\"right\">\u20ac1,680<\/td><\/tr><tr><td>5 days<\/td><td class=\"has-text-align-center\" data-align=\"center\">4<\/td><td class=\"has-text-align-right\" data-align=\"right\">\u20ac2,100<\/td><\/tr><tr><td>6 days<\/td><td class=\"has-text-align-center\" data-align=\"center\">4<\/td><td class=\"has-text-align-right\" data-align=\"right\">\u20ac2,520<\/td><\/tr><tr><td>7 days<\/td><td class=\"has-text-align-center\" data-align=\"center\">4<\/td><td class=\"has-text-align-right\" data-align=\"right\">\u20ac2,940<\/td><\/tr><\/tbody><\/table><figcaption class=\"wp-element-caption\">For a longer duration, please contact me to discuss it. I will provide you with a personalised quote. <\/figcaption><\/figure>\n\n\n\n<p><\/p>\n\n\n\n<h2 class=\"wp-block-heading has-ast-global-color-3-color has-text-color has-link-color wp-elements-6e68324c8f2fa1699ae4993da2ee749e\" style=\"font-size:26px\">Cruising sail training<\/h2>\n\n\n\n<figure class=\"wp-block-table is-style-regular\"><table style=\"border-width:1px\"><thead><tr><th>Dockside training<\/th><th class=\"has-text-align-right\" data-align=\"right\"><strong>Prices incl. VAT per person<\/strong><\/th><\/tr><\/thead><tbody><tr><td><a href=\"https:\/\/aezhenn-croisieres.bzh\/en\/cruising-courses\/shorebased-courses\/short-range-certificate-src\/\">Short Range Certificate<\/a> &#8211; 6 hours<\/td><td class=\"has-text-align-right\" data-align=\"right\">\u20ac120<\/td><\/tr><tr><td><a href=\"https:\/\/aezhenn-croisieres.bzh\/en\/cruising-courses\/shorebased-courses\/nautical-chart-navigation\/\">Chart navigation<\/a> &#8211; 14 hours<\/td><td class=\"has-text-align-right\" data-align=\"right\">\u20ac300<\/td><\/tr><tr><td><a href=\"https:\/\/aezhenn-croisieres.bzh\/en\/cruising-courses\/shorebased-courses\/essential-navigation-and-seamanship\/\">Essential navigation and seamanship<\/a> &#8211; 16 hours<\/td><td class=\"has-text-align-right\" data-align=\"right\">\u20ac300<\/td><\/tr><tr><td><a href=\"https:\/\/aezhenn-croisieres.bzh\/en\/cruising-courses\/shorebased-courses\/day-skipper\/\">Day skipper<\/a> &#8211; 40 hours<\/td><td class=\"has-text-align-right\" data-align=\"right\">\u20ac600<\/td><\/tr><tr><td><a href=\"https:\/\/aezhenn-croisieres.bzh\/en\/cruising-courses\/shorebased-courses\/coastal-and-offshore-skipper\/\">Coastal and offshore skipper<\/a> &#8211; 40 hours<\/td><td class=\"has-text-align-right\" data-align=\"right\">\u20ac600<\/td><\/tr><tr><td><a href=\"https:\/\/aezhenn-croisieres.bzh\/en\/cruising-courses\/shorebased-courses\/ocean-skipper\/\">Ocean skipper<\/a> &#8211; 40 hours<\/td><td class=\"has-text-align-right\" data-align=\"right\">\u20ac600<\/td><\/tr><\/tbody><\/table><figcaption class=\"wp-element-caption\">These courses can be delivered over a continuous period or split up to suit your availability.<\/figcaption><\/figure>\n\n\n\n<p><\/p>\n\n\n\n<figure class=\"wp-block-table is-style-regular\"><table style=\"border-width:1px\"><thead><tr><th>Onboard training (min. 2 trainees)<\/th><th class=\"has-text-align-right\" data-align=\"right\"><strong>Prices incl. VAT per person<\/strong><\/th><\/tr><\/thead><tbody><tr><td><a href=\"https:\/\/aezhenn-croisieres.bzh\/en\/cruising-courses\/onboard-training-course\/#securite\">Safety course<\/a> &#8211; 8 hours<\/td><td class=\"has-text-align-right\" data-align=\"right\">\u20ac160<\/td><\/tr><tr><td><a href=\"https:\/\/aezhenn-croisieres.bzh\/en\/cruising-courses\/onboard-training-course\/start-sailing-level-1\/\">Getting started in sailing (level 1)<\/a> &#8211; 16 hours<\/td><td class=\"has-text-align-right\" data-align=\"right\">\u20ac360<\/td><\/tr><tr><td><a href=\"https:\/\/aezhenn-croisieres.bzh\/en\/cruising-courses\/onboard-training-course\/basics-skills-level-2\/\">Sailing basics (level 2)<\/a> &#8211; 16 hours<\/td><td class=\"has-text-align-right\" data-align=\"right\">\u20ac360<\/td><\/tr><tr><td><a href=\"https:\/\/aezhenn-croisieres.bzh\/en\/cruising-courses\/onboard-training-course\/competent-crew\/\">Competent crew<\/a> &#8211; 5 days<\/td><td class=\"has-text-align-right\" data-align=\"right\">\u20ac900<\/td><\/tr><tr><td><a href=\"https:\/\/aezhenn-croisieres.bzh\/en\/cruising-courses\/onboard-training-course\/day-skipper-practical\/\">Day skipper<\/a> &#8211; 5 days<\/td><td class=\"has-text-align-right\" data-align=\"right\">\u20ac900<\/td><\/tr><tr><td>Harbour manoeuvres &#8211; 8 hours<\/td><td class=\"has-text-align-right\" data-align=\"right\">\u20ac160<\/td><\/tr><tr><td><a href=\"https:\/\/aezhenn-croisieres.bzh\/en\/cruising-courses\/onboard-training-course\/coastal-and-offshore-skipper-practical\/\">Coastal and offshore skipper<\/a> &#8211; 5 days<\/td><td class=\"has-text-align-right\" data-align=\"right\">\u20ac900<\/td><\/tr><\/tbody><\/table><figcaption class=\"wp-element-caption\">If you are a complete beginner, you can start with the first courses or the <a href=\"https:\/\/aezhenn-croisieres.bzh\/en\/cruising-courses\/onboard-training-course\/competent-crew\/\">qualified crew member<\/a> course. Also, depending on your current skills, you can self-assess by reviewing the course programmes and then choose the most suitable one to help you progress. <\/figcaption><\/figure>\n\n\n\n<p><\/p>\n\n\n\n<h2 class=\"wp-block-heading has-ast-global-color-3-color has-text-color has-link-color wp-elements-69d4a782431606f2c12cc4bcde0d45f0\" style=\"font-size:26px\">Maritime services<\/h2>\n\n\n\n<figure class=\"wp-block-table is-style-regular\"><table style=\"border-width:1px\"><thead><tr><th>Services<\/th><th class=\"has-text-align-right\" data-align=\"right\"><strong>Prices incl. VAT<\/strong><\/th><\/tr><\/thead><tbody><tr><td>Delivery<\/td><td class=\"has-text-align-right\" data-align=\"right\">\u20ac4\/mile<\/td><\/tr><tr><td>Support for a cruise<\/td><td class=\"has-text-align-right\" data-align=\"right\">Quote on request<\/td><\/tr><\/tbody><\/table><\/figure>\n<\/div><\/div>\n\n<h2 class=\"wp-block-heading has-text-align-center has-ast-global-color-3-color has-text-color has-link-color has-large-font-size wp-elements-ae27108a74705b6d75bae0dadcc62c08\" style=\"margin-top:var(--wp--preset--spacing--20);margin-bottom:var(--wp--preset--spacing--20)\">Payment terms<\/h2>\n\n<figure class=\"wp-block-image aligncenter size-full\"><img loading=\"lazy\" decoding=\"async\" width=\"585\" height=\"134\" src=\"https:\/\/aezhenn-croisieres.bzh\/wp-content\/uploads\/2024\/11\/modalites_paiements_01.webp\" alt=\"\" class=\"wp-image-1475\" srcset=\"https:\/\/aezhenn-croisieres.bzh\/wp-content\/uploads\/2024\/11\/modalites_paiements_01.webp 585w, https:\/\/aezhenn-croisieres.bzh\/wp-content\/uploads\/2024\/11\/modalites_paiements_01-300x69.webp 300w\" sizes=\"auto, (max-width: 585px) 100vw, 585px\" \/><\/figure>\n","protected":false},"excerpt":{"rendered":"<p>Price list for cruises, training and services Sailing trips For your comfort, day trips are limited to a maximum of [&hellip;]<\/p>\n","protected":false},"author":1,"featured_media":0,"parent":1957,"menu_order":0,"comment_status":"closed","ping_status":"closed","template":"","meta":{"site-sidebar-layout":"default","site-content-layout":"","ast-site-content-layout":"default","site-content-style":"default","site-sidebar-style":"default","ast-global-header-display":"","ast-banner-title-visibility":"","ast-main-header-display":"","ast-hfb-above-header-display":"","ast-hfb-below-header-display":"","ast-hfb-mobile-header-display":"","site-post-title":"disabled","ast-breadcrumbs-content":"","ast-featured-img":"","footer-sml-layout":"","ast-disable-related-posts":"","theme-transparent-header-meta":"","adv-header-id-meta":"","stick-header-meta":"","header-above-stick-meta":"","header-main-stick-meta":"","header-below-stick-meta":"","astra-migrate-meta-layouts":"default","ast-page-background-enabled":"default","ast-page-background-meta":{"desktop":{"background-color":"var(--ast-global-color-4)","background-image":"","background-repeat":"repeat","background-position":"center center","background-size":"auto","background-attachment":"scroll","background-type":"","background-media":"","overlay-type":"","overlay-color":"","overlay-opacity":"","overlay-gradient":""},"tablet":{"background-color":"","background-image":"","background-repeat":"repeat","background-position":"center center","background-size":"auto","background-attachment":"scroll","background-type":"","background-media":"","overlay-type":"","overlay-color":"","overlay-opacity":"","overlay-gradient":""},"mobile":{"background-color":"","background-image":"","background-repeat":"repeat","background-position":"center center","background-size":"auto","background-attachment":"scroll","background-type":"","background-media":"","overlay-type":"","overlay-color":"","overlay-opacity":"","overlay-gradient":""}},"ast-content-background-meta":{"desktop":{"background-color":"var(--ast-global-color-5)","background-image":"","background-repeat":"repeat","background-position":"center center","background-size":"auto","background-attachment":"scroll","background-type":"","background-media":"","overlay-type":"","overlay-color":"","overlay-opacity":"","overlay-gradient":""},"tablet":{"background-color":"var(--ast-global-color-5)","background-image":"","background-repeat":"repeat","background-position":"center center","background-size":"auto","background-attachment":"scroll","background-type":"","background-media":"","overlay-type":"","overlay-color":"","overlay-opacity":"","overlay-gradient":""},"mobile":{"background-color":"var(--ast-global-color-5)","background-image":"","background-repeat":"repeat","background-position":"center center","background-size":"auto","background-attachment":"scroll","background-type":"","background-media":"","overlay-type":"","overlay-color":"","overlay-opacity":"","overlay-gradient":""}},"footnotes":""},"wf_page_folders":[23],"class_list":["post-1955","page","type-page","status-publish","hentry"],"yoast_head":"<!-- This site is optimized with the Yoast SEO plugin v27.6 - https:\/\/yoast.com\/product\/yoast-seo-wordpress\/ -->\n<title>Prices for sailing cruises, training and services - Aezhenn Croisi\u00e8res<\/title>\n<meta name=\"description\" content=\"Check our prices for cruises, training and services in cruising sailboats. Offers tailored to your sailing plans and your budget.\" \/>\n<meta name=\"robots\" content=\"index, follow, max-snippet:-1, max-image-preview:large, max-video-preview:-1\" \/>\n<link rel=\"canonical\" href=\"https:\/\/aezhenn-croisieres.bzh\/en\/info\/cruise-training-and-service-prices\/\" \/>\n<meta property=\"og:locale\" content=\"en_US\" \/>\n<meta property=\"og:type\" content=\"article\" \/>\n<meta property=\"og:title\" content=\"Prices for sailing cruises, training and services - Aezhenn Croisi\u00e8res\" \/>\n<meta property=\"og:description\" content=\"Check our prices for cruises, training and services in cruising sailboats. Offers tailored to your sailing plans and your budget.\" \/>\n<meta property=\"og:url\" content=\"https:\/\/aezhenn-croisieres.bzh\/en\/info\/cruise-training-and-service-prices\/\" \/>\n<meta property=\"og:site_name\" content=\"Croisi\u00e8res et formations maritimes en voilier au d\u00e9part de Brest avec skipper professionnel\" \/>\n<meta property=\"article:modified_time\" content=\"2026-04-02T13:23:58+00:00\" \/>\n<meta property=\"og:image\" content=\"https:\/\/aezhenn-croisieres.bzh\/wp-content\/uploads\/2024\/12\/board_list_01.webp\" \/>\n\t<meta property=\"og:image:width\" content=\"69\" \/>\n\t<meta property=\"og:image:height\" content=\"90\" \/>\n\t<meta property=\"og:image:type\" content=\"image\/webp\" \/>\n<meta name=\"twitter:card\" content=\"summary_large_image\" \/>\n<meta name=\"twitter:label1\" content=\"Est. reading time\" \/>\n\t<meta name=\"twitter:data1\" content=\"2 minutes\" \/>\n<script type=\"application\/ld+json\" class=\"yoast-schema-graph\">{\"@context\":\"https:\\\/\\\/schema.org\",\"@graph\":[{\"@type\":\"WebPage\",\"@id\":\"https:\\\/\\\/aezhenn-croisieres.bzh\\\/en\\\/info\\\/cruise-training-and-service-prices\\\/\",\"url\":\"https:\\\/\\\/aezhenn-croisieres.bzh\\\/en\\\/info\\\/cruise-training-and-service-prices\\\/\",\"name\":\"Prices for sailing cruises, training and services - Aezhenn Croisi\u00e8res\",\"isPartOf\":{\"@id\":\"https:\\\/\\\/aezhenn-croisieres.bzh\\\/en\\\/#website\"},\"primaryImageOfPage\":{\"@id\":\"https:\\\/\\\/aezhenn-croisieres.bzh\\\/en\\\/info\\\/cruise-training-and-service-prices\\\/#primaryimage\"},\"image\":{\"@id\":\"https:\\\/\\\/aezhenn-croisieres.bzh\\\/en\\\/info\\\/cruise-training-and-service-prices\\\/#primaryimage\"},\"thumbnailUrl\":\"https:\\\/\\\/aezhenn-croisieres.bzh\\\/wp-content\\\/uploads\\\/2024\\\/12\\\/board_list_01.webp\",\"datePublished\":\"2024-06-26T13:52:14+00:00\",\"dateModified\":\"2026-04-02T13:23:58+00:00\",\"description\":\"Check our prices for cruises, training and services in cruising sailboats. Offers tailored to your sailing plans and your budget.\",\"breadcrumb\":{\"@id\":\"https:\\\/\\\/aezhenn-croisieres.bzh\\\/en\\\/info\\\/cruise-training-and-service-prices\\\/#breadcrumb\"},\"inLanguage\":\"en-US\",\"potentialAction\":[{\"@type\":\"ReadAction\",\"target\":[\"https:\\\/\\\/aezhenn-croisieres.bzh\\\/en\\\/info\\\/cruise-training-and-service-prices\\\/\"]}]},{\"@type\":\"ImageObject\",\"inLanguage\":\"en-US\",\"@id\":\"https:\\\/\\\/aezhenn-croisieres.bzh\\\/en\\\/info\\\/cruise-training-and-service-prices\\\/#primaryimage\",\"url\":\"https:\\\/\\\/aezhenn-croisieres.bzh\\\/wp-content\\\/uploads\\\/2024\\\/12\\\/board_list_01.webp\",\"contentUrl\":\"https:\\\/\\\/aezhenn-croisieres.bzh\\\/wp-content\\\/uploads\\\/2024\\\/12\\\/board_list_01.webp\"},{\"@type\":\"BreadcrumbList\",\"@id\":\"https:\\\/\\\/aezhenn-croisieres.bzh\\\/en\\\/info\\\/cruise-training-and-service-prices\\\/#breadcrumb\",\"itemListElement\":[{\"@type\":\"ListItem\",\"position\":1,\"name\":\"Accueil\",\"item\":\"https:\\\/\\\/aezhenn-croisieres.bzh\\\/en\\\/\"},{\"@type\":\"ListItem\",\"position\":2,\"name\":\"Info\",\"item\":\"https:\\\/\\\/aezhenn-croisieres.bzh\\\/en\\\/info\\\/\"},{\"@type\":\"ListItem\",\"position\":3,\"name\":\"Price list\"}]},{\"@type\":\"WebSite\",\"@id\":\"https:\\\/\\\/aezhenn-croisieres.bzh\\\/en\\\/#website\",\"url\":\"https:\\\/\\\/aezhenn-croisieres.bzh\\\/en\\\/\",\"name\":\"Croisi\u00e8res et formations maritimes en voilier au d\u00e9part de Brest avec skipper professionnel\",\"description\":\"Croisi\u00e8res et formations maritimes en voilier au d\u00e9part de Brest avec skipper professionnel\",\"publisher\":{\"@id\":\"https:\\\/\\\/aezhenn-croisieres.bzh\\\/en\\\/#organization\"},\"potentialAction\":[{\"@type\":\"SearchAction\",\"target\":{\"@type\":\"EntryPoint\",\"urlTemplate\":\"https:\\\/\\\/aezhenn-croisieres.bzh\\\/en\\\/?s={search_term_string}\"},\"query-input\":{\"@type\":\"PropertyValueSpecification\",\"valueRequired\":true,\"valueName\":\"search_term_string\"}}],\"inLanguage\":\"en-US\"},{\"@type\":\"Organization\",\"@id\":\"https:\\\/\\\/aezhenn-croisieres.bzh\\\/en\\\/#organization\",\"name\":\"Croisi\u00e8res et formations maritimes en voilier au d\u00e9part de Brest avec skipper professionnel\",\"url\":\"https:\\\/\\\/aezhenn-croisieres.bzh\\\/en\\\/\",\"logo\":{\"@type\":\"ImageObject\",\"inLanguage\":\"en-US\",\"@id\":\"https:\\\/\\\/aezhenn-croisieres.bzh\\\/en\\\/#\\\/schema\\\/logo\\\/image\\\/\",\"url\":\"https:\\\/\\\/aezhenn-croisieres.bzh\\\/wp-content\\\/uploads\\\/2024\\\/11\\\/cropped-aezhenn_glaz_S-1.webp\",\"contentUrl\":\"https:\\\/\\\/aezhenn-croisieres.bzh\\\/wp-content\\\/uploads\\\/2024\\\/11\\\/cropped-aezhenn_glaz_S-1.webp\",\"width\":156,\"height\":90,\"caption\":\"Croisi\u00e8res et formations maritimes en voilier au d\u00e9part de Brest avec skipper professionnel\"},\"image\":{\"@id\":\"https:\\\/\\\/aezhenn-croisieres.bzh\\\/en\\\/#\\\/schema\\\/logo\\\/image\\\/\"}}]}<\/script>\n<!-- \/ Yoast SEO plugin. -->","yoast_head_json":{"title":"Prices for sailing cruises, training and services - Aezhenn Croisi\u00e8res","description":"Check our prices for cruises, training and services in cruising sailboats. Offers tailored to your sailing plans and your budget.","robots":{"index":"index","follow":"follow","max-snippet":"max-snippet:-1","max-image-preview":"max-image-preview:large","max-video-preview":"max-video-preview:-1"},"canonical":"https:\/\/aezhenn-croisieres.bzh\/en\/info\/cruise-training-and-service-prices\/","og_locale":"en_US","og_type":"article","og_title":"Prices for sailing cruises, training and services - Aezhenn Croisi\u00e8res","og_description":"Check our prices for cruises, training and services in cruising sailboats. Offers tailored to your sailing plans and your budget.","og_url":"https:\/\/aezhenn-croisieres.bzh\/en\/info\/cruise-training-and-service-prices\/","og_site_name":"Croisi\u00e8res et formations maritimes en voilier au d\u00e9part de Brest avec skipper professionnel","article_modified_time":"2026-04-02T13:23:58+00:00","og_image":[{"width":69,"height":90,"url":"https:\/\/aezhenn-croisieres.bzh\/wp-content\/uploads\/2024\/12\/board_list_01.webp","type":"image\/webp"}],"twitter_card":"summary_large_image","twitter_misc":{"Est. reading time":"2 minutes"},"schema":{"@context":"https:\/\/schema.org","@graph":[{"@type":"WebPage","@id":"https:\/\/aezhenn-croisieres.bzh\/en\/info\/cruise-training-and-service-prices\/","url":"https:\/\/aezhenn-croisieres.bzh\/en\/info\/cruise-training-and-service-prices\/","name":"Prices for sailing cruises, training and services - Aezhenn Croisi\u00e8res","isPartOf":{"@id":"https:\/\/aezhenn-croisieres.bzh\/en\/#website"},"primaryImageOfPage":{"@id":"https:\/\/aezhenn-croisieres.bzh\/en\/info\/cruise-training-and-service-prices\/#primaryimage"},"image":{"@id":"https:\/\/aezhenn-croisieres.bzh\/en\/info\/cruise-training-and-service-prices\/#primaryimage"},"thumbnailUrl":"https:\/\/aezhenn-croisieres.bzh\/wp-content\/uploads\/2024\/12\/board_list_01.webp","datePublished":"2024-06-26T13:52:14+00:00","dateModified":"2026-04-02T13:23:58+00:00","description":"Check our prices for cruises, training and services in cruising sailboats. Offers tailored to your sailing plans and your budget.","breadcrumb":{"@id":"https:\/\/aezhenn-croisieres.bzh\/en\/info\/cruise-training-and-service-prices\/#breadcrumb"},"inLanguage":"en-US","potentialAction":[{"@type":"ReadAction","target":["https:\/\/aezhenn-croisieres.bzh\/en\/info\/cruise-training-and-service-prices\/"]}]},{"@type":"ImageObject","inLanguage":"en-US","@id":"https:\/\/aezhenn-croisieres.bzh\/en\/info\/cruise-training-and-service-prices\/#primaryimage","url":"https:\/\/aezhenn-croisieres.bzh\/wp-content\/uploads\/2024\/12\/board_list_01.webp","contentUrl":"https:\/\/aezhenn-croisieres.bzh\/wp-content\/uploads\/2024\/12\/board_list_01.webp"},{"@type":"BreadcrumbList","@id":"https:\/\/aezhenn-croisieres.bzh\/en\/info\/cruise-training-and-service-prices\/#breadcrumb","itemListElement":[{"@type":"ListItem","position":1,"name":"Accueil","item":"https:\/\/aezhenn-croisieres.bzh\/en\/"},{"@type":"ListItem","position":2,"name":"Info","item":"https:\/\/aezhenn-croisieres.bzh\/en\/info\/"},{"@type":"ListItem","position":3,"name":"Price list"}]},{"@type":"WebSite","@id":"https:\/\/aezhenn-croisieres.bzh\/en\/#website","url":"https:\/\/aezhenn-croisieres.bzh\/en\/","name":"Croisi\u00e8res et formations maritimes en voilier au d\u00e9part de Brest avec skipper professionnel","description":"Croisi\u00e8res et formations maritimes en voilier au d\u00e9part de Brest avec skipper professionnel","publisher":{"@id":"https:\/\/aezhenn-croisieres.bzh\/en\/#organization"},"potentialAction":[{"@type":"SearchAction","target":{"@type":"EntryPoint","urlTemplate":"https:\/\/aezhenn-croisieres.bzh\/en\/?s={search_term_string}"},"query-input":{"@type":"PropertyValueSpecification","valueRequired":true,"valueName":"search_term_string"}}],"inLanguage":"en-US"},{"@type":"Organization","@id":"https:\/\/aezhenn-croisieres.bzh\/en\/#organization","name":"Croisi\u00e8res et formations maritimes en voilier au d\u00e9part de Brest avec skipper professionnel","url":"https:\/\/aezhenn-croisieres.bzh\/en\/","logo":{"@type":"ImageObject","inLanguage":"en-US","@id":"https:\/\/aezhenn-croisieres.bzh\/en\/#\/schema\/logo\/image\/","url":"https:\/\/aezhenn-croisieres.bzh\/wp-content\/uploads\/2024\/11\/cropped-aezhenn_glaz_S-1.webp","contentUrl":"https:\/\/aezhenn-croisieres.bzh\/wp-content\/uploads\/2024\/11\/cropped-aezhenn_glaz_S-1.webp","width":156,"height":90,"caption":"Croisi\u00e8res et formations maritimes en voilier au d\u00e9part de Brest avec skipper professionnel"},"image":{"@id":"https:\/\/aezhenn-croisieres.bzh\/en\/#\/schema\/logo\/image\/"}}]}},"_links":{"self":[{"href":"https:\/\/aezhenn-croisieres.bzh\/en\/wp-json\/wp\/v2\/pages\/1955","targetHints":{"allow":["GET"]}}],"collection":[{"href":"https:\/\/aezhenn-croisieres.bzh\/en\/wp-json\/wp\/v2\/pages"}],"about":[{"href":"https:\/\/aezhenn-croisieres.bzh\/en\/wp-json\/wp\/v2\/types\/page"}],"author":[{"embeddable":true,"href":"https:\/\/aezhenn-croisieres.bzh\/en\/wp-json\/wp\/v2\/users\/1"}],"replies":[{"embeddable":true,"href":"https:\/\/aezhenn-croisieres.bzh\/en\/wp-json\/wp\/v2\/comments?post=1955"}],"version-history":[{"count":27,"href":"https:\/\/aezhenn-croisieres.bzh\/en\/wp-json\/wp\/v2\/pages\/1955\/revisions"}],"predecessor-version":[{"id":2225,"href":"https:\/\/aezhenn-croisieres.bzh\/en\/wp-json\/wp\/v2\/pages\/1955\/revisions\/2225"}],"up":[{"embeddable":true,"href":"https:\/\/aezhenn-croisieres.bzh\/en\/wp-json\/wp\/v2\/pages\/1957"}],"wp:attachment":[{"href":"https:\/\/aezhenn-croisieres.bzh\/en\/wp-json\/wp\/v2\/media?parent=1955"}],"wp:term":[{"taxonomy":"wf_page_folders","embeddable":true,"href":"https:\/\/aezhenn-croisieres.bzh\/en\/wp-json\/wp\/v2\/wf_page_folders?post=1955"}],"curies":[{"name":"wp","href":"https:\/\/api.w.org\/{rel}","templated":true}]}}