{"id":1980,"date":"2024-05-09T16:14:49","date_gmt":"2024-05-09T14:14:49","guid":{"rendered":"https:\/\/aezhenn-croisieres.bzh\/info\/the-sailboat\/"},"modified":"2026-03-25T18:23:47","modified_gmt":"2026-03-25T17:23:47","slug":"the-sailboat","status":"publish","type":"page","link":"https:\/\/aezhenn-croisieres.bzh\/en\/info\/the-sailboat\/","title":{"rendered":"The Sailboat"},"content":{"rendered":"\n<figure class=\"wp-block-image aligncenter size-full\"><img loading=\"lazy\" decoding=\"async\" width=\"99\" height=\"90\" src=\"https:\/\/aezhenn-croisieres.bzh\/wp-content\/uploads\/2024\/12\/sailboat.webp\" alt=\"\" class=\"wp-image-1759\"\/><\/figure>\n\n<h1 class=\"wp-block-heading has-text-align-center has-ast-global-color-3-color has-text-color has-link-color has-large-font-size wp-elements-5b05c80bd3f82a0609b13fa552a374ae\">Alwena, sailing yacht with professional skipper<\/h1>\n\n<div class=\"wp-block-media-text has-media-on-the-right is-stacked-on-mobile\" style=\"grid-template-columns:auto 32%\"><div class=\"wp-block-media-text__content\">\n<p>Alwena is a 3-cabin version Bavaria 36 Cruiser built in 2004.<\/p>\n\n\n\n<p>This sailing yacht is ideal for cruising and training; it is robust, comfortable, and high-performing.<\/p>\n\n\n\n<p>Over the last 3 years, extensive safety work, modernization, and equipment upgrades have been carried out. In early 2024, following an inspection by the Brest Ship Safety Center, Alwena was granted its NUC (Commercial Use Vessel) navigation permit by the Maritime Affairs in the 3rd international category (GMDSS Area A1). <\/p>\n<\/div><figure class=\"wp-block-media-text__media\"><img loading=\"lazy\" decoding=\"async\" width=\"400\" height=\"300\" src=\"https:\/\/aezhenn-croisieres.bzh\/wp-content\/uploads\/2024\/11\/02_02.webp\" alt=\"Alwena, Small commercial vessels-certified sailing yacht with professional skipper\" class=\"wp-image-1352 size-full\" srcset=\"https:\/\/aezhenn-croisieres.bzh\/wp-content\/uploads\/2024\/11\/02_02.webp 400w, https:\/\/aezhenn-croisieres.bzh\/wp-content\/uploads\/2024\/11\/02_02-300x225.webp 300w\" sizes=\"auto, (max-width: 400px) 100vw, 400px\" \/><\/figure><\/div>\n\n<div class=\"wp-block-media-text is-stacked-on-mobile\" style=\"grid-template-columns:19% auto\"><figure class=\"wp-block-media-text__media\"><img loading=\"lazy\" decoding=\"async\" width=\"203\" height=\"600\" src=\"https:\/\/aezhenn-croisieres.bzh\/wp-content\/uploads\/2024\/11\/alwena_plan.webp\" alt=\"Alwena sailing yacht with skipper Bavaria 36 layout \" class=\"wp-image-1353 size-full\" srcset=\"https:\/\/aezhenn-croisieres.bzh\/wp-content\/uploads\/2024\/11\/alwena_plan.webp 203w, https:\/\/aezhenn-croisieres.bzh\/wp-content\/uploads\/2024\/11\/alwena_plan-102x300.webp 102w\" sizes=\"auto, (max-width: 203px) 100vw, 203px\" \/><\/figure><div class=\"wp-block-media-text__content\">\n<p>To facilitate learning and ensure more comfort on board, the number of passengers is limited to 5 for day trips and 4 for longer voyages. This way, each passenger has their own berth and storage in a spacious cabin equipped with blackout blinds. <\/p>\n\n\n\n<div class=\"wp-block-columns is-layout-flex wp-container-core-columns-is-layout-28f84493 wp-block-columns-is-layout-flex\">\n<div class=\"wp-block-column is-layout-flow wp-block-column-is-layout-flow\">\n<figure class=\"wp-block-image size-full\"><img loading=\"lazy\" decoding=\"async\" width=\"400\" height=\"533\" src=\"https:\/\/aezhenn-croisieres.bzh\/wp-content\/uploads\/2024\/11\/cab_tribord.webp\" alt=\"Alwena sailing yacht with skipper starboard cabin\" class=\"wp-image-1354\" srcset=\"https:\/\/aezhenn-croisieres.bzh\/wp-content\/uploads\/2024\/11\/cab_tribord.webp 400w, https:\/\/aezhenn-croisieres.bzh\/wp-content\/uploads\/2024\/11\/cab_tribord-225x300.webp 225w\" sizes=\"auto, (max-width: 400px) 100vw, 400px\" \/><\/figure>\n<\/div>\n\n\n\n<div class=\"wp-block-column is-layout-flow wp-block-column-is-layout-flow\">\n<figure class=\"wp-block-image size-full\"><img loading=\"lazy\" decoding=\"async\" width=\"400\" height=\"533\" src=\"https:\/\/aezhenn-croisieres.bzh\/wp-content\/uploads\/2024\/11\/cab_babord.webp\" alt=\"Alwena sailing yacht with skipper port cabin\" class=\"wp-image-1355\" srcset=\"https:\/\/aezhenn-croisieres.bzh\/wp-content\/uploads\/2024\/11\/cab_babord.webp 400w, https:\/\/aezhenn-croisieres.bzh\/wp-content\/uploads\/2024\/11\/cab_babord-225x300.webp 225w\" sizes=\"auto, (max-width: 400px) 100vw, 400px\" \/><\/figure>\n<\/div>\n<\/div>\n\n\n\n<p>No one sleeps in the saloon.<\/p>\n<\/div><\/div>\n\n<div class=\"wp-block-media-text has-media-on-the-right is-stacked-on-mobile\" style=\"grid-template-columns:auto 16%\"><div class=\"wp-block-media-text__content\">\n<p>Its 2021 sail wardrobe consists of a fully battened mainsail with 2 automatic reefing points, a furling genoa, a reefable solent on a removable forestay, an asymmetric spinnaker on a bowsprit, and a storm jib.<\/p>\n<\/div><figure class=\"wp-block-media-text__media\"><img loading=\"lazy\" decoding=\"async\" width=\"200\" height=\"266\" src=\"https:\/\/aezhenn-croisieres.bzh\/wp-content\/uploads\/2024\/11\/Alwena_01.webp\" alt=\"Alwena Bavaria 36 with professional skipper\" class=\"wp-image-1356 size-full\"\/><\/figure><\/div>\n\n<div class=\"wp-block-media-text is-stacked-on-mobile is-vertically-aligned-top\" style=\"grid-template-columns:36% auto\"><figure class=\"wp-block-media-text__media\"><img loading=\"lazy\" decoding=\"async\" width=\"400\" height=\"307\" src=\"https:\/\/aezhenn-croisieres.bzh\/wp-content\/uploads\/2024\/11\/alwena_schema.webp\" alt=\"Alwena sailing yacht electronic installation diagram\" class=\"wp-image-1357 size-full\" srcset=\"https:\/\/aezhenn-croisieres.bzh\/wp-content\/uploads\/2024\/11\/alwena_schema.webp 400w, https:\/\/aezhenn-croisieres.bzh\/wp-content\/uploads\/2024\/11\/alwena_schema-300x230.webp 300w\" sizes=\"auto, (max-width: 400px) 100vw, 400px\" \/><\/figure><div class=\"wp-block-media-text__content\">\n<p>The navigation equipment is very comprehensive: paper charts, almanac, Portland and Cras plotters, tide curves, bearing compass, sextant, <a href=\"https:\/\/opencpn.org\/\">OpenCPN<\/a> or <a href=\"https:\/\/www.meltemus.com\/\">qtVlm<\/a> chartplotters, AIS transponder&#8230;<\/p>\n\n\n\n<div class=\"wp-block-media-text has-media-on-the-right is-stacked-on-mobile\" style=\"grid-template-columns:auto 15%\"><div class=\"wp-block-media-text__content\">\n<p class=\"has-text-align-center\" style=\"padding-top:0;padding-bottom:0\">Thanks to the AIS transponder, your loved ones can follow the <a href=\"https:\/\/www.myshiptracking.com\/vessels\/227565570\">yacht&#8217;s progress<\/a>.<\/p>\n<\/div><figure class=\"wp-block-media-text__media\"><a href=\"https:\/\/www.myshiptracking.com\/fr\/?mmsi=227565570\"><img loading=\"lazy\" decoding=\"async\" width=\"100\" height=\"100\" src=\"https:\/\/aezhenn-croisieres.bzh\/wp-content\/uploads\/2024\/11\/location-1724293_640.webp\" alt=\"Alwena transpondeur AIS\" class=\"wp-image-1358 size-full\"\/><\/a><\/figure><\/div>\n\n\n\n<p>The navigation system, connected to the log\/speedometer, thermometer, depth sounder, wind vane, anemometer, GNSS receiver, and AIS, manages a very reliable and quiet autopilot attached to the rudder stock.<\/p>\n\n\n\n<p>At anchor, an electric windlass makes operations easier, and a motorized inflatable dinghy allows you to reach the shore easily and quickly.<\/p>\n\n\n\n<p class=\"has-text-align-left\">For your safety, Alwena is equipped with an offshore life raft (over 24 hours), 2 fixed and portable DSC VHF radios, an EPIRB-GNSS-AIS beacon, lightweight automatic 165N life jackets, and lifelines.<\/p>\n<\/div><\/div>\n\n<div class=\"wp-block-media-text has-media-on-the-right is-stacked-on-mobile\" style=\"grid-template-columns:auto 22%\"><div class=\"wp-block-media-text__content\">\n<p>The galley is equipped with a 3-burner gas stove with an oven and a refrigerator.<\/p>\n\n\n\n<p>To protect the marine environment, the head is equipped with a holding tank.<\/p>\n\n\n\n<p>Access for swimming is via the ladder attached to the transom, and you can shower immediately after with hot water thanks to the deck shower. However, to save water, showers are preferably taken at the port. <\/p>\n\n\n\n<p>A sprayhood protects you from the wind and bad weather.<\/p>\n<\/div><figure class=\"wp-block-media-text__media\"><img loading=\"lazy\" decoding=\"async\" width=\"300\" height=\"404\" src=\"https:\/\/aezhenn-croisieres.bzh\/wp-content\/uploads\/2024\/11\/alwena_cuisine.webp\" alt=\"Alwena sailing yacht fitted galley\" class=\"wp-image-1360 size-full\" srcset=\"https:\/\/aezhenn-croisieres.bzh\/wp-content\/uploads\/2024\/11\/alwena_cuisine.webp 300w, https:\/\/aezhenn-croisieres.bzh\/wp-content\/uploads\/2024\/11\/alwena_cuisine-223x300.webp 223w\" sizes=\"auto, (max-width: 300px) 100vw, 300px\" \/><\/figure><\/div>\n\n<div class=\"wp-block-media-text is-stacked-on-mobile\" style=\"grid-template-columns:21% auto\"><figure class=\"wp-block-media-text__media\"><img loading=\"lazy\" decoding=\"async\" width=\"300\" height=\"225\" src=\"https:\/\/aezhenn-croisieres.bzh\/wp-content\/uploads\/2024\/11\/cockpit_table.webp\" alt=\"Alwena sailing yacht cockpit table\" class=\"wp-image-1362 size-full\"\/><\/figure><div class=\"wp-block-media-text__content\">\n<p>Finally, a cockpit table allows you to enjoy meals while taking in the scenery.<\/p>\n<\/div><\/div>\n\n<h2 class=\"wp-block-heading has-text-align-center has-ast-global-color-3-color has-text-color has-link-color wp-elements-b3c813df92754db1dd868dff05094acf\" style=\"font-size:26px\">General specifications<\/h2>\n\n<figure class=\"wp-block-table\"><table><tbody><tr><td>Year built<\/td><td class=\"has-text-align-right\" data-align=\"right\">2004<\/td><\/tr><tr><td>MMSI<\/td><td class=\"has-text-align-right\" data-align=\"right\"><a href=\"https:\/\/www.myshiptracking.com\/vessels\/227565570\">227 565 570<\/a><\/td><\/tr><tr><td>Length overall<\/td><td class=\"has-text-align-right\" data-align=\"right\">11.40 m<\/td><\/tr><tr><td>Hull length<\/td><td class=\"has-text-align-right\" data-align=\"right\">10.96 m<\/td><\/tr><tr><td>Beam<\/td><td class=\"has-text-align-right\" data-align=\"right\">3.60 m<\/td><\/tr><tr><td>Draft<\/td><td class=\"has-text-align-right\" data-align=\"right\">1.60 m<\/td><\/tr><tr><td>Air draft<\/td><td class=\"has-text-align-right\" data-align=\"right\">16.20 m<\/td><\/tr><tr><td>Fuel tank capacity<\/td><td class=\"has-text-align-right\" data-align=\"right\">150 L<\/td><\/tr><tr><td>Fresh water capacity<\/td><td class=\"has-text-align-right\" data-align=\"right\">2 x 150 L<\/td><\/tr><tr><td>Design category<\/td><td class=\"has-text-align-right\" data-align=\"right\">A<\/td><\/tr><tr><td>Safety and security equipment<\/td><td class=\"has-text-align-right\" data-align=\"right\">3rd international category (Division 241)<\/td><\/tr><tr><td>Number of cabins<\/td><td class=\"has-text-align-right\" data-align=\"right\">3<\/td><\/tr><tr><td>Number of berths<\/td><td class=\"has-text-align-right\" data-align=\"right\">8<\/td><\/tr><tr><td>Engine power (Volvo Penta MD2030-D)<\/td><td class=\"has-text-align-right\" data-align=\"right\">29 hp<\/td><\/tr><\/tbody><\/table><\/figure>\n","protected":false},"excerpt":{"rendered":"<p>Alwena, sailing yacht with professional skipper Alwena is a 3-cabin version Bavaria 36 Cruiser built in 2004. This sailing yacht [&hellip;]<\/p>\n","protected":false},"author":1,"featured_media":0,"parent":1957,"menu_order":0,"comment_status":"closed","ping_status":"closed","template":"","meta":{"site-sidebar-layout":"default","site-content-layout":"","ast-site-content-layout":"default","site-content-style":"default","site-sidebar-style":"default","ast-global-header-display":"","ast-banner-title-visibility":"","ast-main-header-display":"","ast-hfb-above-header-display":"","ast-hfb-below-header-display":"","ast-hfb-mobile-header-display":"","site-post-title":"disabled","ast-breadcrumbs-content":"","ast-featured-img":"","footer-sml-layout":"","ast-disable-related-posts":"","theme-transparent-header-meta":"","adv-header-id-meta":"","stick-header-meta":"","header-above-stick-meta":"","header-main-stick-meta":"","header-below-stick-meta":"","astra-migrate-meta-layouts":"default","ast-page-background-enabled":"default","ast-page-background-meta":{"desktop":{"background-color":"var(--ast-global-color-4)","background-image":"","background-repeat":"repeat","background-position":"center center","background-size":"auto","background-attachment":"scroll","background-type":"","background-media":"","overlay-type":"","overlay-color":"","overlay-opacity":"","overlay-gradient":""},"tablet":{"background-color":"","background-image":"","background-repeat":"repeat","background-position":"center center","background-size":"auto","background-attachment":"scroll","background-type":"","background-media":"","overlay-type":"","overlay-color":"","overlay-opacity":"","overlay-gradient":""},"mobile":{"background-color":"","background-image":"","background-repeat":"repeat","background-position":"center center","background-size":"auto","background-attachment":"scroll","background-type":"","background-media":"","overlay-type":"","overlay-color":"","overlay-opacity":"","overlay-gradient":""}},"ast-content-background-meta":{"desktop":{"background-color":"var(--ast-global-color-5)","background-image":"","background-repeat":"repeat","background-position":"center center","background-size":"auto","background-attachment":"scroll","background-type":"","background-media":"","overlay-type":"","overlay-color":"","overlay-opacity":"","overlay-gradient":""},"tablet":{"background-color":"var(--ast-global-color-5)","background-image":"","background-repeat":"repeat","background-position":"center center","background-size":"auto","background-attachment":"scroll","background-type":"","background-media":"","overlay-type":"","overlay-color":"","overlay-opacity":"","overlay-gradient":""},"mobile":{"background-color":"var(--ast-global-color-5)","background-image":"","background-repeat":"repeat","background-position":"center center","background-size":"auto","background-attachment":"scroll","background-type":"","background-media":"","overlay-type":"","overlay-color":"","overlay-opacity":"","overlay-gradient":""}},"footnotes":""},"wf_page_folders":[23],"class_list":["post-1980","page","type-page","status-publish","hentry"],"yoast_head":"<!-- This site is optimized with the Yoast SEO plugin v27.6 - https:\/\/yoast.com\/product\/yoast-seo-wordpress\/ -->\n<title>Sailing yacht with professional skipper in Brittany - Aezhenn Croisi\u00e8res<\/title>\n<meta name=\"description\" content=\"Sail with confidence in Brittany with a sailing yacht and a professional skipper. Aezhenn Croisi\u00e8res offers tailor-made cruises, maritime getaways, and secure boat deliveries.\" \/>\n<meta name=\"robots\" content=\"index, follow, max-snippet:-1, max-image-preview:large, max-video-preview:-1\" \/>\n<link rel=\"canonical\" href=\"https:\/\/aezhenn-croisieres.bzh\/en\/info\/the-sailboat\/\" \/>\n<meta property=\"og:locale\" content=\"en_US\" \/>\n<meta property=\"og:type\" content=\"article\" \/>\n<meta property=\"og:title\" content=\"Sailing yacht with professional skipper in Brittany - Aezhenn Croisi\u00e8res\" \/>\n<meta property=\"og:description\" content=\"Sail with confidence in Brittany with a sailing yacht and a professional skipper. Aezhenn Croisi\u00e8res offers tailor-made cruises, maritime getaways, and secure boat deliveries.\" \/>\n<meta property=\"og:url\" content=\"https:\/\/aezhenn-croisieres.bzh\/en\/info\/the-sailboat\/\" \/>\n<meta property=\"og:site_name\" content=\"Croisi\u00e8res et formations maritimes en voilier au d\u00e9part de Brest avec skipper professionnel\" \/>\n<meta property=\"article:modified_time\" content=\"2026-03-25T17:23:47+00:00\" \/>\n<meta property=\"og:image\" content=\"https:\/\/aezhenn-croisieres.bzh\/wp-content\/uploads\/2024\/12\/sailboat.webp\" \/>\n\t<meta property=\"og:image:width\" content=\"99\" \/>\n\t<meta property=\"og:image:height\" content=\"90\" \/>\n\t<meta property=\"og:image:type\" content=\"image\/webp\" \/>\n<meta name=\"twitter:card\" content=\"summary_large_image\" \/>\n<meta name=\"twitter:label1\" content=\"Est. reading time\" \/>\n\t<meta name=\"twitter:data1\" content=\"2 minutes\" \/>\n<script type=\"application\/ld+json\" class=\"yoast-schema-graph\">{\"@context\":\"https:\\\/\\\/schema.org\",\"@graph\":[{\"@type\":\"WebPage\",\"@id\":\"https:\\\/\\\/aezhenn-croisieres.bzh\\\/en\\\/info\\\/the-sailboat\\\/\",\"url\":\"https:\\\/\\\/aezhenn-croisieres.bzh\\\/en\\\/info\\\/the-sailboat\\\/\",\"name\":\"Sailing yacht with professional skipper in Brittany - Aezhenn Croisi\u00e8res\",\"isPartOf\":{\"@id\":\"https:\\\/\\\/aezhenn-croisieres.bzh\\\/en\\\/#website\"},\"primaryImageOfPage\":{\"@id\":\"https:\\\/\\\/aezhenn-croisieres.bzh\\\/en\\\/info\\\/the-sailboat\\\/#primaryimage\"},\"image\":{\"@id\":\"https:\\\/\\\/aezhenn-croisieres.bzh\\\/en\\\/info\\\/the-sailboat\\\/#primaryimage\"},\"thumbnailUrl\":\"https:\\\/\\\/aezhenn-croisieres.bzh\\\/wp-content\\\/uploads\\\/2024\\\/12\\\/sailboat.webp\",\"datePublished\":\"2024-05-09T14:14:49+00:00\",\"dateModified\":\"2026-03-25T17:23:47+00:00\",\"description\":\"Sail with confidence in Brittany with a sailing yacht and a professional skipper. Aezhenn Croisi\u00e8res offers tailor-made cruises, maritime getaways, and secure boat deliveries.\",\"breadcrumb\":{\"@id\":\"https:\\\/\\\/aezhenn-croisieres.bzh\\\/en\\\/info\\\/the-sailboat\\\/#breadcrumb\"},\"inLanguage\":\"en-US\",\"potentialAction\":[{\"@type\":\"ReadAction\",\"target\":[\"https:\\\/\\\/aezhenn-croisieres.bzh\\\/en\\\/info\\\/the-sailboat\\\/\"]}]},{\"@type\":\"ImageObject\",\"inLanguage\":\"en-US\",\"@id\":\"https:\\\/\\\/aezhenn-croisieres.bzh\\\/en\\\/info\\\/the-sailboat\\\/#primaryimage\",\"url\":\"https:\\\/\\\/aezhenn-croisieres.bzh\\\/wp-content\\\/uploads\\\/2024\\\/12\\\/sailboat.webp\",\"contentUrl\":\"https:\\\/\\\/aezhenn-croisieres.bzh\\\/wp-content\\\/uploads\\\/2024\\\/12\\\/sailboat.webp\"},{\"@type\":\"BreadcrumbList\",\"@id\":\"https:\\\/\\\/aezhenn-croisieres.bzh\\\/en\\\/info\\\/the-sailboat\\\/#breadcrumb\",\"itemListElement\":[{\"@type\":\"ListItem\",\"position\":1,\"name\":\"Accueil\",\"item\":\"https:\\\/\\\/aezhenn-croisieres.bzh\\\/en\\\/\"},{\"@type\":\"ListItem\",\"position\":2,\"name\":\"Info\",\"item\":\"https:\\\/\\\/aezhenn-croisieres.bzh\\\/en\\\/info\\\/\"},{\"@type\":\"ListItem\",\"position\":3,\"name\":\"The Sailboat\"}]},{\"@type\":\"WebSite\",\"@id\":\"https:\\\/\\\/aezhenn-croisieres.bzh\\\/en\\\/#website\",\"url\":\"https:\\\/\\\/aezhenn-croisieres.bzh\\\/en\\\/\",\"name\":\"Croisi\u00e8res et formations maritimes en voilier au d\u00e9part de Brest avec skipper professionnel\",\"description\":\"Croisi\u00e8res et formations maritimes en voilier au d\u00e9part de Brest avec skipper professionnel\",\"publisher\":{\"@id\":\"https:\\\/\\\/aezhenn-croisieres.bzh\\\/en\\\/#organization\"},\"potentialAction\":[{\"@type\":\"SearchAction\",\"target\":{\"@type\":\"EntryPoint\",\"urlTemplate\":\"https:\\\/\\\/aezhenn-croisieres.bzh\\\/en\\\/?s={search_term_string}\"},\"query-input\":{\"@type\":\"PropertyValueSpecification\",\"valueRequired\":true,\"valueName\":\"search_term_string\"}}],\"inLanguage\":\"en-US\"},{\"@type\":\"Organization\",\"@id\":\"https:\\\/\\\/aezhenn-croisieres.bzh\\\/en\\\/#organization\",\"name\":\"Croisi\u00e8res et formations maritimes en voilier au d\u00e9part de Brest avec skipper professionnel\",\"url\":\"https:\\\/\\\/aezhenn-croisieres.bzh\\\/en\\\/\",\"logo\":{\"@type\":\"ImageObject\",\"inLanguage\":\"en-US\",\"@id\":\"https:\\\/\\\/aezhenn-croisieres.bzh\\\/en\\\/#\\\/schema\\\/logo\\\/image\\\/\",\"url\":\"https:\\\/\\\/aezhenn-croisieres.bzh\\\/wp-content\\\/uploads\\\/2024\\\/11\\\/cropped-aezhenn_glaz_S-1.webp\",\"contentUrl\":\"https:\\\/\\\/aezhenn-croisieres.bzh\\\/wp-content\\\/uploads\\\/2024\\\/11\\\/cropped-aezhenn_glaz_S-1.webp\",\"width\":156,\"height\":90,\"caption\":\"Croisi\u00e8res et formations maritimes en voilier au d\u00e9part de Brest avec skipper professionnel\"},\"image\":{\"@id\":\"https:\\\/\\\/aezhenn-croisieres.bzh\\\/en\\\/#\\\/schema\\\/logo\\\/image\\\/\"}}]}<\/script>\n<!-- \/ Yoast SEO plugin. -->","yoast_head_json":{"title":"Sailing yacht with professional skipper in Brittany - Aezhenn Croisi\u00e8res","description":"Sail with confidence in Brittany with a sailing yacht and a professional skipper. Aezhenn Croisi\u00e8res offers tailor-made cruises, maritime getaways, and secure boat deliveries.","robots":{"index":"index","follow":"follow","max-snippet":"max-snippet:-1","max-image-preview":"max-image-preview:large","max-video-preview":"max-video-preview:-1"},"canonical":"https:\/\/aezhenn-croisieres.bzh\/en\/info\/the-sailboat\/","og_locale":"en_US","og_type":"article","og_title":"Sailing yacht with professional skipper in Brittany - Aezhenn Croisi\u00e8res","og_description":"Sail with confidence in Brittany with a sailing yacht and a professional skipper. Aezhenn Croisi\u00e8res offers tailor-made cruises, maritime getaways, and secure boat deliveries.","og_url":"https:\/\/aezhenn-croisieres.bzh\/en\/info\/the-sailboat\/","og_site_name":"Croisi\u00e8res et formations maritimes en voilier au d\u00e9part de Brest avec skipper professionnel","article_modified_time":"2026-03-25T17:23:47+00:00","og_image":[{"width":99,"height":90,"url":"https:\/\/aezhenn-croisieres.bzh\/wp-content\/uploads\/2024\/12\/sailboat.webp","type":"image\/webp"}],"twitter_card":"summary_large_image","twitter_misc":{"Est. reading time":"2 minutes"},"schema":{"@context":"https:\/\/schema.org","@graph":[{"@type":"WebPage","@id":"https:\/\/aezhenn-croisieres.bzh\/en\/info\/the-sailboat\/","url":"https:\/\/aezhenn-croisieres.bzh\/en\/info\/the-sailboat\/","name":"Sailing yacht with professional skipper in Brittany - Aezhenn Croisi\u00e8res","isPartOf":{"@id":"https:\/\/aezhenn-croisieres.bzh\/en\/#website"},"primaryImageOfPage":{"@id":"https:\/\/aezhenn-croisieres.bzh\/en\/info\/the-sailboat\/#primaryimage"},"image":{"@id":"https:\/\/aezhenn-croisieres.bzh\/en\/info\/the-sailboat\/#primaryimage"},"thumbnailUrl":"https:\/\/aezhenn-croisieres.bzh\/wp-content\/uploads\/2024\/12\/sailboat.webp","datePublished":"2024-05-09T14:14:49+00:00","dateModified":"2026-03-25T17:23:47+00:00","description":"Sail with confidence in Brittany with a sailing yacht and a professional skipper. Aezhenn Croisi\u00e8res offers tailor-made cruises, maritime getaways, and secure boat deliveries.","breadcrumb":{"@id":"https:\/\/aezhenn-croisieres.bzh\/en\/info\/the-sailboat\/#breadcrumb"},"inLanguage":"en-US","potentialAction":[{"@type":"ReadAction","target":["https:\/\/aezhenn-croisieres.bzh\/en\/info\/the-sailboat\/"]}]},{"@type":"ImageObject","inLanguage":"en-US","@id":"https:\/\/aezhenn-croisieres.bzh\/en\/info\/the-sailboat\/#primaryimage","url":"https:\/\/aezhenn-croisieres.bzh\/wp-content\/uploads\/2024\/12\/sailboat.webp","contentUrl":"https:\/\/aezhenn-croisieres.bzh\/wp-content\/uploads\/2024\/12\/sailboat.webp"},{"@type":"BreadcrumbList","@id":"https:\/\/aezhenn-croisieres.bzh\/en\/info\/the-sailboat\/#breadcrumb","itemListElement":[{"@type":"ListItem","position":1,"name":"Accueil","item":"https:\/\/aezhenn-croisieres.bzh\/en\/"},{"@type":"ListItem","position":2,"name":"Info","item":"https:\/\/aezhenn-croisieres.bzh\/en\/info\/"},{"@type":"ListItem","position":3,"name":"The Sailboat"}]},{"@type":"WebSite","@id":"https:\/\/aezhenn-croisieres.bzh\/en\/#website","url":"https:\/\/aezhenn-croisieres.bzh\/en\/","name":"Croisi\u00e8res et formations maritimes en voilier au d\u00e9part de Brest avec skipper professionnel","description":"Croisi\u00e8res et formations maritimes en voilier au d\u00e9part de Brest avec skipper professionnel","publisher":{"@id":"https:\/\/aezhenn-croisieres.bzh\/en\/#organization"},"potentialAction":[{"@type":"SearchAction","target":{"@type":"EntryPoint","urlTemplate":"https:\/\/aezhenn-croisieres.bzh\/en\/?s={search_term_string}"},"query-input":{"@type":"PropertyValueSpecification","valueRequired":true,"valueName":"search_term_string"}}],"inLanguage":"en-US"},{"@type":"Organization","@id":"https:\/\/aezhenn-croisieres.bzh\/en\/#organization","name":"Croisi\u00e8res et formations maritimes en voilier au d\u00e9part de Brest avec skipper professionnel","url":"https:\/\/aezhenn-croisieres.bzh\/en\/","logo":{"@type":"ImageObject","inLanguage":"en-US","@id":"https:\/\/aezhenn-croisieres.bzh\/en\/#\/schema\/logo\/image\/","url":"https:\/\/aezhenn-croisieres.bzh\/wp-content\/uploads\/2024\/11\/cropped-aezhenn_glaz_S-1.webp","contentUrl":"https:\/\/aezhenn-croisieres.bzh\/wp-content\/uploads\/2024\/11\/cropped-aezhenn_glaz_S-1.webp","width":156,"height":90,"caption":"Croisi\u00e8res et formations maritimes en voilier au d\u00e9part de Brest avec skipper professionnel"},"image":{"@id":"https:\/\/aezhenn-croisieres.bzh\/en\/#\/schema\/logo\/image\/"}}]}},"_links":{"self":[{"href":"https:\/\/aezhenn-croisieres.bzh\/en\/wp-json\/wp\/v2\/pages\/1980","targetHints":{"allow":["GET"]}}],"collection":[{"href":"https:\/\/aezhenn-croisieres.bzh\/en\/wp-json\/wp\/v2\/pages"}],"about":[{"href":"https:\/\/aezhenn-croisieres.bzh\/en\/wp-json\/wp\/v2\/types\/page"}],"author":[{"embeddable":true,"href":"https:\/\/aezhenn-croisieres.bzh\/en\/wp-json\/wp\/v2\/users\/1"}],"replies":[{"embeddable":true,"href":"https:\/\/aezhenn-croisieres.bzh\/en\/wp-json\/wp\/v2\/comments?post=1980"}],"version-history":[{"count":3,"href":"https:\/\/aezhenn-croisieres.bzh\/en\/wp-json\/wp\/v2\/pages\/1980\/revisions"}],"predecessor-version":[{"id":1987,"href":"https:\/\/aezhenn-croisieres.bzh\/en\/wp-json\/wp\/v2\/pages\/1980\/revisions\/1987"}],"up":[{"embeddable":true,"href":"https:\/\/aezhenn-croisieres.bzh\/en\/wp-json\/wp\/v2\/pages\/1957"}],"wp:attachment":[{"href":"https:\/\/aezhenn-croisieres.bzh\/en\/wp-json\/wp\/v2\/media?parent=1980"}],"wp:term":[{"taxonomy":"wf_page_folders","embeddable":true,"href":"https:\/\/aezhenn-croisieres.bzh\/en\/wp-json\/wp\/v2\/wf_page_folders?post=1980"}],"curies":[{"name":"wp","href":"https:\/\/api.w.org\/{rel}","templated":true}]}}