{"id":1988,"date":"2024-05-09T14:11:35","date_gmt":"2024-05-09T12:11:35","guid":{"rendered":"https:\/\/aezhenn-croisieres.bzh\/info\/contact-form\/"},"modified":"2026-03-25T18:25:11","modified_gmt":"2026-03-25T17:25:11","slug":"contact-form","status":"publish","type":"page","link":"https:\/\/aezhenn-croisieres.bzh\/en\/info\/contact-form\/","title":{"rendered":"Contact Form"},"content":{"rendered":"\n<figure class=\"wp-block-image aligncenter size-full\"><img loading=\"lazy\" decoding=\"async\" width=\"119\" height=\"90\" src=\"https:\/\/aezhenn-croisieres.bzh\/wp-content\/uploads\/2024\/12\/email.webp\" alt=\"\" class=\"wp-image-1747\"\/><\/figure>\n\n<h1 class=\"wp-block-heading has-text-align-center has-ast-global-color-3-color has-text-color has-link-color has-large-font-size wp-elements-0a5dd9b1ee043f9f6f747d3daa154432\">Contact Form<\/h1>\n\n<div class=\"wp-block-columns is-layout-flex wp-container-core-columns-is-layout-a5331a9e wp-block-columns-is-layout-flex\" style=\"padding-top:0;padding-right:0;padding-bottom:0;padding-left:0\">\n<div class=\"wp-block-column is-layout-flow wp-block-column-is-layout-flow\">\n<div class=\"wp-block-media-text is-stacked-on-mobile is-vertically-aligned-top\" style=\"grid-template-columns:31% auto\"><figure class=\"wp-block-media-text__media\"><img loading=\"lazy\" decoding=\"async\" width=\"156\" height=\"90\" src=\"https:\/\/aezhenn-croisieres.bzh\/wp-content\/uploads\/2024\/11\/aezhenn_glaz_S-1.webp\" alt=\"\" class=\"wp-image-1426 size-full\"\/><\/figure><div class=\"wp-block-media-text__content\">\n<p class=\"has-text-align-left\"><strong>Aezhenn Glaz<br\/><\/strong>7 rue Augustin de Boisanger<br\/>29800 Landerneau, France<br\/><a href=\"mailto:contact@aezhenn-croisieres.bzh\">contact@aezhenn-croisieres.bzh<\/a><br\/>+33 6 52 34 07 86<br\/>SAS with a capital of 5000 euros<br\/>SIRET: 900757477 00014 RCS BREST<br\/>APE Code: 7721Z<\/p>\n<\/div><\/div>\n\n\n\n<style>\np {text-align: center;}\n<\/style>\n<p>\n<iframe loading=\"lazy\" width=\"460\" height=\"350\" src=\"https:\/\/www.openstreetmap.org\/export\/embed.html?bbox=-4.434683918952943%2C48.39224985844731%2C-4.426106214523316%2C48.39559101761558&#038;layer=mapnik&#038;marker=48.39392046545687%2C-4.430395066738129\" style=\"border: 1px solid black\"><\/iframe><br\/><small><a href=\"https:\/\/www.openstreetmap.org\/?mlat=48.39392&#038;mlon=-4.43040#map=18\/48.39392\/-4.43040\">View Larger Map<\/a><\/small><\/p>\n<\/div>\n\n\n\n<div class=\"wp-block-column is-layout-flow wp-block-column-is-layout-flow\">\n<div class=\"forminator-guttenberg\"><div class=\"forminator-ui forminator-custom-form forminator-custom-form-495 forminator-design--material  forminator_ajax\" data-forminator-render=\"0\" data-form=\"forminator-module-495\" data-uid=\"6a07c216a1f30\"><br\/><\/div><form\n\t\t\t\tid=\"forminator-module-495\"\n\t\t\t\tclass=\"forminator-ui forminator-custom-form forminator-custom-form-495 forminator-design--material  forminator_ajax\"\n\t\t\t\tmethod=\"post\"\n\t\t\t\tdata-forminator-render=\"0\"\n\t\t\t\tdata-form-id=\"495\"\n\t\t\t\t data-color-option=\"default\" data-design=\"material\" data-grid=\"open\" style=\"display: none;\"\n\t\t\t\tdata-uid=\"6a07c216a1f30\"\n\t\t\t><div role=\"alert\" aria-live=\"polite\" class=\"forminator-response-message forminator-error\" aria-hidden=\"true\"><\/div><div class=\"forminator-row\"><div id=\"name-1\" class=\"forminator-field-name forminator-col forminator-col-12 \"><div class=\"forminator-field\"><label for=\"forminator-field-name-1_6a07c216a1f30\" id=\"forminator-field-name-1_6a07c216a1f30-label\" class=\"forminator-label\">Pr\u00e9nom NOM <span class=\"forminator-required\">*<\/span><\/label><input type=\"text\" name=\"name-1\" value=\"\" placeholder=\"Par exemple\u00a0: Jean MARTIN\" id=\"forminator-field-name-1_6a07c216a1f30\" class=\"forminator-input forminator-name--field\" aria-required=\"true\" autocomplete=\"name\" \/><\/div><\/div><\/div><div class=\"forminator-row\"><div id=\"email-1\" class=\"forminator-field-email forminator-col forminator-col-12 \"><div class=\"forminator-field\"><label for=\"forminator-field-email-1_6a07c216a1f30\" id=\"forminator-field-email-1_6a07c216a1f30-label\" class=\"forminator-label\">Adresse de messagerie <span class=\"forminator-required\">*<\/span><\/label><input type=\"email\" name=\"email-1\" value=\"\" placeholder=\"Par exemple\u00a0: jean@martin.com\" id=\"forminator-field-email-1_6a07c216a1f30\" class=\"forminator-input forminator-email--field\" data-required=\"true\" aria-required=\"true\" autocomplete=\"email\" \/><\/div><\/div><\/div><div class=\"forminator-row\"><div id=\"phone-1\" class=\"forminator-field-phone forminator-col forminator-col-12 \"><div class=\"forminator-field\"><label for=\"forminator-field-phone-1_6a07c216a1f30\" id=\"forminator-field-phone-1_6a07c216a1f30-label\" class=\"forminator-label\">Num\u00e9ro de t\u00e9l\u00e9phone<\/label><input type=\"text\" name=\"phone-1\" value=\"\" placeholder=\"Par exemple\u00a0: +33 6 01 02 03 04\" id=\"forminator-field-phone-1_6a07c216a1f30\" class=\"forminator-input forminator-field--phone\" data-required=\"\" aria-required=\"false\" autocomplete=\"off\" \/><\/div><\/div><\/div><div class=\"forminator-row\"><div id=\"textarea-1\" class=\"forminator-field-textarea forminator-col forminator-col-12 \"><div class=\"forminator-field\"><label for=\"forminator-field-textarea-1_6a07c216a1f30\" id=\"forminator-field-textarea-1_6a07c216a1f30-label\" class=\"forminator-label\">Message<\/label><textarea name=\"textarea-1\" placeholder=\"Saisissez votre message\u2026\" id=\"forminator-field-textarea-1_6a07c216a1f30\" class=\"forminator-textarea\" rows=\"6\" style=\"--forminator-textarea-min-height:140px;\" maxlength=\"500\" ><\/textarea><span id=\"forminator-field-textarea-1_6a07c216a1f30-description\" class=\"forminator-description\"><span data-limit=\"500\" data-type=\"characters\" data-editor=\"\">0 \/ 500<\/span><\/span><\/div><\/div><\/div><div class=\"forminator-row\"><div id=\"captcha-1\" class=\"forminator-field-captcha forminator-col forminator-col-12 \"><div class=\"forminator-captcha-left forminator-g-recaptcha recaptcha-invisible\" data-theme=\"light\" data-badge=\"inline\" data-sitekey=\"6LcY7LAqAAAAANn6rejcRPrzNnWgcLCCMWbOz0hm\" data-size=\"invisible\"><\/div> <\/div><\/div><input type=\"hidden\" name=\"referer_url\" value=\"\" \/><div class=\"forminator-row forminator-row-last\"><div class=\"forminator-col\"><div class=\"forminator-field\"><button class=\"forminator-button forminator-button-submit\"><span>Envoyer le message<\/span><span aria-hidden=\"true\"><\/span><\/button><\/div><\/div><\/div><input type=\"hidden\" id=\"forminator_nonce\" name=\"forminator_nonce\" value=\"5c1c93a32f\" \/><input type=\"hidden\" name=\"_wp_http_referer\" value=\"\/en\/wp-json\/wp\/v2\/pages\/1988\" \/><input type=\"hidden\" name=\"form_id\" value=\"495\"><input type=\"hidden\" name=\"page_id\" value=\"1988\"><input type=\"hidden\" name=\"form_type\" value=\"default\"><input type=\"hidden\" name=\"current_url\" value=\"https:\/\/aezhenn-croisieres.bzh\/en\/info\/contact-form\/\"><input type=\"hidden\" name=\"render_id\" value=\"0\"><input type=\"hidden\" name=\"action\" value=\"forminator_submit_form_custom-forms\"><\/form><\/div>\n<\/div>\n<\/div>\n","protected":false},"excerpt":{"rendered":"<p>Contact Form Aezhenn Glaz7 rue Augustin de Boisanger29800 Landerneau, Francecontact@aezhenn-croisieres.bzh+33 6 52 34 07 86SAS with a capital of 5000 [&hellip;]<\/p>\n","protected":false},"author":1,"featured_media":0,"parent":1957,"menu_order":0,"comment_status":"closed","ping_status":"closed","template":"","meta":{"site-sidebar-layout":"default","site-content-layout":"","ast-site-content-layout":"default","site-content-style":"default","site-sidebar-style":"default","ast-global-header-display":"","ast-banner-title-visibility":"","ast-main-header-display":"","ast-hfb-above-header-display":"","ast-hfb-below-header-display":"","ast-hfb-mobile-header-display":"","site-post-title":"disabled","ast-breadcrumbs-content":"","ast-featured-img":"","footer-sml-layout":"","ast-disable-related-posts":"","theme-transparent-header-meta":"","adv-header-id-meta":"","stick-header-meta":"","header-above-stick-meta":"","header-main-stick-meta":"","header-below-stick-meta":"","astra-migrate-meta-layouts":"default","ast-page-background-enabled":"default","ast-page-background-meta":{"desktop":{"background-color":"var(--ast-global-color-4)","background-image":"","background-repeat":"repeat","background-position":"center center","background-size":"auto","background-attachment":"scroll","background-type":"","background-media":"","overlay-type":"","overlay-color":"","overlay-opacity":"","overlay-gradient":""},"tablet":{"background-color":"","background-image":"","background-repeat":"repeat","background-position":"center center","background-size":"auto","background-attachment":"scroll","background-type":"","background-media":"","overlay-type":"","overlay-color":"","overlay-opacity":"","overlay-gradient":""},"mobile":{"background-color":"","background-image":"","background-repeat":"repeat","background-position":"center center","background-size":"auto","background-attachment":"scroll","background-type":"","background-media":"","overlay-type":"","overlay-color":"","overlay-opacity":"","overlay-gradient":""}},"ast-content-background-meta":{"desktop":{"background-color":"var(--ast-global-color-5)","background-image":"","background-repeat":"repeat","background-position":"center center","background-size":"auto","background-attachment":"scroll","background-type":"","background-media":"","overlay-type":"","overlay-color":"","overlay-opacity":"","overlay-gradient":""},"tablet":{"background-color":"var(--ast-global-color-5)","background-image":"","background-repeat":"repeat","background-position":"center center","background-size":"auto","background-attachment":"scroll","background-type":"","background-media":"","overlay-type":"","overlay-color":"","overlay-opacity":"","overlay-gradient":""},"mobile":{"background-color":"var(--ast-global-color-5)","background-image":"","background-repeat":"repeat","background-position":"center center","background-size":"auto","background-attachment":"scroll","background-type":"","background-media":"","overlay-type":"","overlay-color":"","overlay-opacity":"","overlay-gradient":""}},"footnotes":""},"wf_page_folders":[23],"class_list":["post-1988","page","type-page","status-publish","hentry"],"yoast_head":"<!-- This site is optimized with the Yoast SEO plugin v27.6 - https:\/\/yoast.com\/product\/yoast-seo-wordpress\/ -->\n<title>Contact for Sailing Cruises and Training - Aezhenn Croisi\u00e8res<\/title>\n<meta name=\"description\" content=\"Contact Aezhenn Croisi\u00e8res to organize your sailing cruises, training, or services in Finist\u00e8re. We are here to meet your needs.\" \/>\n<meta name=\"robots\" content=\"index, follow, max-snippet:-1, max-image-preview:large, max-video-preview:-1\" \/>\n<link rel=\"canonical\" href=\"https:\/\/aezhenn-croisieres.bzh\/en\/info\/contact-form\/\" \/>\n<meta property=\"og:locale\" content=\"en_US\" \/>\n<meta property=\"og:type\" content=\"article\" \/>\n<meta property=\"og:title\" content=\"Contact for Sailing Cruises and Training - Aezhenn Croisi\u00e8res\" \/>\n<meta property=\"og:description\" content=\"Contact Aezhenn Croisi\u00e8res to organize your sailing cruises, training, or services in Finist\u00e8re. We are here to meet your needs.\" \/>\n<meta property=\"og:url\" content=\"https:\/\/aezhenn-croisieres.bzh\/en\/info\/contact-form\/\" \/>\n<meta property=\"og:site_name\" content=\"Croisi\u00e8res et formations maritimes en voilier au d\u00e9part de Brest avec skipper professionnel\" \/>\n<meta property=\"article:modified_time\" content=\"2026-03-25T17:25:11+00:00\" \/>\n<meta property=\"og:image\" content=\"https:\/\/aezhenn-croisieres.bzh\/wp-content\/uploads\/2024\/12\/email.webp\" \/>\n\t<meta property=\"og:image:width\" content=\"119\" \/>\n\t<meta property=\"og:image:height\" content=\"90\" \/>\n\t<meta property=\"og:image:type\" content=\"image\/webp\" \/>\n<meta name=\"twitter:card\" content=\"summary_large_image\" \/>\n<script type=\"application\/ld+json\" class=\"yoast-schema-graph\">{\"@context\":\"https:\\\/\\\/schema.org\",\"@graph\":[{\"@type\":\"WebPage\",\"@id\":\"https:\\\/\\\/aezhenn-croisieres.bzh\\\/en\\\/info\\\/contact-form\\\/\",\"url\":\"https:\\\/\\\/aezhenn-croisieres.bzh\\\/en\\\/info\\\/contact-form\\\/\",\"name\":\"Contact for Sailing Cruises and Training - Aezhenn Croisi\u00e8res\",\"isPartOf\":{\"@id\":\"https:\\\/\\\/aezhenn-croisieres.bzh\\\/en\\\/#website\"},\"primaryImageOfPage\":{\"@id\":\"https:\\\/\\\/aezhenn-croisieres.bzh\\\/en\\\/info\\\/contact-form\\\/#primaryimage\"},\"image\":{\"@id\":\"https:\\\/\\\/aezhenn-croisieres.bzh\\\/en\\\/info\\\/contact-form\\\/#primaryimage\"},\"thumbnailUrl\":\"https:\\\/\\\/aezhenn-croisieres.bzh\\\/wp-content\\\/uploads\\\/2024\\\/12\\\/email.webp\",\"datePublished\":\"2024-05-09T12:11:35+00:00\",\"dateModified\":\"2026-03-25T17:25:11+00:00\",\"description\":\"Contact Aezhenn Croisi\u00e8res to organize your sailing cruises, training, or services in Finist\u00e8re. We are here to meet your needs.\",\"breadcrumb\":{\"@id\":\"https:\\\/\\\/aezhenn-croisieres.bzh\\\/en\\\/info\\\/contact-form\\\/#breadcrumb\"},\"inLanguage\":\"en-US\",\"potentialAction\":[{\"@type\":\"ReadAction\",\"target\":[\"https:\\\/\\\/aezhenn-croisieres.bzh\\\/en\\\/info\\\/contact-form\\\/\"]}]},{\"@type\":\"ImageObject\",\"inLanguage\":\"en-US\",\"@id\":\"https:\\\/\\\/aezhenn-croisieres.bzh\\\/en\\\/info\\\/contact-form\\\/#primaryimage\",\"url\":\"https:\\\/\\\/aezhenn-croisieres.bzh\\\/wp-content\\\/uploads\\\/2024\\\/12\\\/email.webp\",\"contentUrl\":\"https:\\\/\\\/aezhenn-croisieres.bzh\\\/wp-content\\\/uploads\\\/2024\\\/12\\\/email.webp\"},{\"@type\":\"BreadcrumbList\",\"@id\":\"https:\\\/\\\/aezhenn-croisieres.bzh\\\/en\\\/info\\\/contact-form\\\/#breadcrumb\",\"itemListElement\":[{\"@type\":\"ListItem\",\"position\":1,\"name\":\"Accueil\",\"item\":\"https:\\\/\\\/aezhenn-croisieres.bzh\\\/en\\\/\"},{\"@type\":\"ListItem\",\"position\":2,\"name\":\"Info\",\"item\":\"https:\\\/\\\/aezhenn-croisieres.bzh\\\/en\\\/info\\\/\"},{\"@type\":\"ListItem\",\"position\":3,\"name\":\"Contact Form\"}]},{\"@type\":\"WebSite\",\"@id\":\"https:\\\/\\\/aezhenn-croisieres.bzh\\\/en\\\/#website\",\"url\":\"https:\\\/\\\/aezhenn-croisieres.bzh\\\/en\\\/\",\"name\":\"Croisi\u00e8res et formations maritimes en voilier au d\u00e9part de Brest avec skipper professionnel\",\"description\":\"Croisi\u00e8res et formations maritimes en voilier au d\u00e9part de Brest avec skipper professionnel\",\"publisher\":{\"@id\":\"https:\\\/\\\/aezhenn-croisieres.bzh\\\/en\\\/#organization\"},\"potentialAction\":[{\"@type\":\"SearchAction\",\"target\":{\"@type\":\"EntryPoint\",\"urlTemplate\":\"https:\\\/\\\/aezhenn-croisieres.bzh\\\/en\\\/?s={search_term_string}\"},\"query-input\":{\"@type\":\"PropertyValueSpecification\",\"valueRequired\":true,\"valueName\":\"search_term_string\"}}],\"inLanguage\":\"en-US\"},{\"@type\":\"Organization\",\"@id\":\"https:\\\/\\\/aezhenn-croisieres.bzh\\\/en\\\/#organization\",\"name\":\"Croisi\u00e8res et formations maritimes en voilier au d\u00e9part de Brest avec skipper professionnel\",\"url\":\"https:\\\/\\\/aezhenn-croisieres.bzh\\\/en\\\/\",\"logo\":{\"@type\":\"ImageObject\",\"inLanguage\":\"en-US\",\"@id\":\"https:\\\/\\\/aezhenn-croisieres.bzh\\\/en\\\/#\\\/schema\\\/logo\\\/image\\\/\",\"url\":\"https:\\\/\\\/aezhenn-croisieres.bzh\\\/wp-content\\\/uploads\\\/2024\\\/11\\\/cropped-aezhenn_glaz_S-1.webp\",\"contentUrl\":\"https:\\\/\\\/aezhenn-croisieres.bzh\\\/wp-content\\\/uploads\\\/2024\\\/11\\\/cropped-aezhenn_glaz_S-1.webp\",\"width\":156,\"height\":90,\"caption\":\"Croisi\u00e8res et formations maritimes en voilier au d\u00e9part de Brest avec skipper professionnel\"},\"image\":{\"@id\":\"https:\\\/\\\/aezhenn-croisieres.bzh\\\/en\\\/#\\\/schema\\\/logo\\\/image\\\/\"}}]}<\/script>\n<!-- \/ Yoast SEO plugin. -->","yoast_head_json":{"title":"Contact for Sailing Cruises and Training - Aezhenn Croisi\u00e8res","description":"Contact Aezhenn Croisi\u00e8res to organize your sailing cruises, training, or services in Finist\u00e8re. We are here to meet your needs.","robots":{"index":"index","follow":"follow","max-snippet":"max-snippet:-1","max-image-preview":"max-image-preview:large","max-video-preview":"max-video-preview:-1"},"canonical":"https:\/\/aezhenn-croisieres.bzh\/en\/info\/contact-form\/","og_locale":"en_US","og_type":"article","og_title":"Contact for Sailing Cruises and Training - Aezhenn Croisi\u00e8res","og_description":"Contact Aezhenn Croisi\u00e8res to organize your sailing cruises, training, or services in Finist\u00e8re. We are here to meet your needs.","og_url":"https:\/\/aezhenn-croisieres.bzh\/en\/info\/contact-form\/","og_site_name":"Croisi\u00e8res et formations maritimes en voilier au d\u00e9part de Brest avec skipper professionnel","article_modified_time":"2026-03-25T17:25:11+00:00","og_image":[{"width":119,"height":90,"url":"https:\/\/aezhenn-croisieres.bzh\/wp-content\/uploads\/2024\/12\/email.webp","type":"image\/webp"}],"twitter_card":"summary_large_image","schema":{"@context":"https:\/\/schema.org","@graph":[{"@type":"WebPage","@id":"https:\/\/aezhenn-croisieres.bzh\/en\/info\/contact-form\/","url":"https:\/\/aezhenn-croisieres.bzh\/en\/info\/contact-form\/","name":"Contact for Sailing Cruises and Training - Aezhenn Croisi\u00e8res","isPartOf":{"@id":"https:\/\/aezhenn-croisieres.bzh\/en\/#website"},"primaryImageOfPage":{"@id":"https:\/\/aezhenn-croisieres.bzh\/en\/info\/contact-form\/#primaryimage"},"image":{"@id":"https:\/\/aezhenn-croisieres.bzh\/en\/info\/contact-form\/#primaryimage"},"thumbnailUrl":"https:\/\/aezhenn-croisieres.bzh\/wp-content\/uploads\/2024\/12\/email.webp","datePublished":"2024-05-09T12:11:35+00:00","dateModified":"2026-03-25T17:25:11+00:00","description":"Contact Aezhenn Croisi\u00e8res to organize your sailing cruises, training, or services in Finist\u00e8re. We are here to meet your needs.","breadcrumb":{"@id":"https:\/\/aezhenn-croisieres.bzh\/en\/info\/contact-form\/#breadcrumb"},"inLanguage":"en-US","potentialAction":[{"@type":"ReadAction","target":["https:\/\/aezhenn-croisieres.bzh\/en\/info\/contact-form\/"]}]},{"@type":"ImageObject","inLanguage":"en-US","@id":"https:\/\/aezhenn-croisieres.bzh\/en\/info\/contact-form\/#primaryimage","url":"https:\/\/aezhenn-croisieres.bzh\/wp-content\/uploads\/2024\/12\/email.webp","contentUrl":"https:\/\/aezhenn-croisieres.bzh\/wp-content\/uploads\/2024\/12\/email.webp"},{"@type":"BreadcrumbList","@id":"https:\/\/aezhenn-croisieres.bzh\/en\/info\/contact-form\/#breadcrumb","itemListElement":[{"@type":"ListItem","position":1,"name":"Accueil","item":"https:\/\/aezhenn-croisieres.bzh\/en\/"},{"@type":"ListItem","position":2,"name":"Info","item":"https:\/\/aezhenn-croisieres.bzh\/en\/info\/"},{"@type":"ListItem","position":3,"name":"Contact Form"}]},{"@type":"WebSite","@id":"https:\/\/aezhenn-croisieres.bzh\/en\/#website","url":"https:\/\/aezhenn-croisieres.bzh\/en\/","name":"Croisi\u00e8res et formations maritimes en voilier au d\u00e9part de Brest avec skipper professionnel","description":"Croisi\u00e8res et formations maritimes en voilier au d\u00e9part de Brest avec skipper professionnel","publisher":{"@id":"https:\/\/aezhenn-croisieres.bzh\/en\/#organization"},"potentialAction":[{"@type":"SearchAction","target":{"@type":"EntryPoint","urlTemplate":"https:\/\/aezhenn-croisieres.bzh\/en\/?s={search_term_string}"},"query-input":{"@type":"PropertyValueSpecification","valueRequired":true,"valueName":"search_term_string"}}],"inLanguage":"en-US"},{"@type":"Organization","@id":"https:\/\/aezhenn-croisieres.bzh\/en\/#organization","name":"Croisi\u00e8res et formations maritimes en voilier au d\u00e9part de Brest avec skipper professionnel","url":"https:\/\/aezhenn-croisieres.bzh\/en\/","logo":{"@type":"ImageObject","inLanguage":"en-US","@id":"https:\/\/aezhenn-croisieres.bzh\/en\/#\/schema\/logo\/image\/","url":"https:\/\/aezhenn-croisieres.bzh\/wp-content\/uploads\/2024\/11\/cropped-aezhenn_glaz_S-1.webp","contentUrl":"https:\/\/aezhenn-croisieres.bzh\/wp-content\/uploads\/2024\/11\/cropped-aezhenn_glaz_S-1.webp","width":156,"height":90,"caption":"Croisi\u00e8res et formations maritimes en voilier au d\u00e9part de Brest avec skipper professionnel"},"image":{"@id":"https:\/\/aezhenn-croisieres.bzh\/en\/#\/schema\/logo\/image\/"}}]}},"_links":{"self":[{"href":"https:\/\/aezhenn-croisieres.bzh\/en\/wp-json\/wp\/v2\/pages\/1988","targetHints":{"allow":["GET"]}}],"collection":[{"href":"https:\/\/aezhenn-croisieres.bzh\/en\/wp-json\/wp\/v2\/pages"}],"about":[{"href":"https:\/\/aezhenn-croisieres.bzh\/en\/wp-json\/wp\/v2\/types\/page"}],"author":[{"embeddable":true,"href":"https:\/\/aezhenn-croisieres.bzh\/en\/wp-json\/wp\/v2\/users\/1"}],"replies":[{"embeddable":true,"href":"https:\/\/aezhenn-croisieres.bzh\/en\/wp-json\/wp\/v2\/comments?post=1988"}],"version-history":[{"count":1,"href":"https:\/\/aezhenn-croisieres.bzh\/en\/wp-json\/wp\/v2\/pages\/1988\/revisions"}],"predecessor-version":[{"id":1989,"href":"https:\/\/aezhenn-croisieres.bzh\/en\/wp-json\/wp\/v2\/pages\/1988\/revisions\/1989"}],"up":[{"embeddable":true,"href":"https:\/\/aezhenn-croisieres.bzh\/en\/wp-json\/wp\/v2\/pages\/1957"}],"wp:attachment":[{"href":"https:\/\/aezhenn-croisieres.bzh\/en\/wp-json\/wp\/v2\/media?parent=1988"}],"wp:term":[{"taxonomy":"wf_page_folders","embeddable":true,"href":"https:\/\/aezhenn-croisieres.bzh\/en\/wp-json\/wp\/v2\/wf_page_folders?post=1988"}],"curies":[{"name":"wp","href":"https:\/\/api.w.org\/{rel}","templated":true}]}}