{"id":1996,"date":"2024-05-09T16:32:15","date_gmt":"2024-05-09T14:32:15","guid":{"rendered":"https:\/\/aezhenn-croisieres.bzh\/info\/your-sailors-bag\/"},"modified":"2026-03-26T09:52:22","modified_gmt":"2026-03-26T08:52:22","slug":"your-sailors-bag","status":"publish","type":"page","link":"https:\/\/aezhenn-croisieres.bzh\/en\/info\/your-sailors-bag\/","title":{"rendered":"Your sailor&#8217;s bag"},"content":{"rendered":"\n<figure class=\"wp-block-image aligncenter size-full\"><img loading=\"lazy\" decoding=\"async\" width=\"80\" height=\"90\" src=\"https:\/\/aezhenn-croisieres.bzh\/wp-content\/uploads\/2024\/12\/backpack.webp\" alt=\"\" class=\"wp-image-1761\"\/><\/figure>\n\n<h1 class=\"wp-block-heading has-text-align-center has-ast-global-color-3-color has-text-color has-link-color has-large-font-size wp-elements-00b0f85bbc3b59553586e0c8844a8244\">Your sailor\u2019s bag on board <a href=\"https:\/\/aezhenn-croisieres.bzh\/en\/info\/the-sailboat\/\">Alwena<\/a><\/h1>\n\n<figure class=\"wp-block-image aligncenter size-full is-resized\"><img loading=\"lazy\" decoding=\"async\" width=\"320\" height=\"160\" src=\"https:\/\/aezhenn-croisieres.bzh\/wp-content\/uploads\/2024\/11\/health_logo.webp\" alt=\"CCMM medical form\" class=\"wp-image-1404\" style=\"width:auto;height:120px\" srcset=\"https:\/\/aezhenn-croisieres.bzh\/wp-content\/uploads\/2024\/11\/health_logo.webp 320w, https:\/\/aezhenn-croisieres.bzh\/wp-content\/uploads\/2024\/11\/health_logo-300x150.webp 300w\" sizes=\"auto, (max-width: 320px) 100vw, 320px\" \/><\/figure>\n\n<p class=\"has-text-align-center\">Please complete the <a href=\"https:\/\/www.chu-toulouse.fr\/-centre-de-consultation-medicale-maritime-ccmm-\">CCMM <\/a>medical form below and hand it in (in a sealed envelope) when boarding.<\/p>\n\n<p class=\"has-text-align-center\">Blank copies are also available on board if needed.<\/p>\n\n<div class=\"wp-block-columns are-vertically-aligned-center is-layout-flex wp-container-core-columns-is-layout-00264638 wp-block-columns-is-layout-flex\" style=\"margin-top:var(--wp--preset--spacing--40);margin-bottom:var(--wp--preset--spacing--40);padding-top:0;padding-right:var(--wp--preset--spacing--40);padding-bottom:0;padding-left:var(--wp--preset--spacing--40)\">\n<div class=\"wp-block-column is-layout-flow wp-block-column-is-layout-flow\"><\/div>\n\n\n\n<div class=\"wp-block-column is-vertically-aligned-center is-layout-flow wp-block-column-is-layout-flow\" style=\"flex-basis:100px\">\n<figure class=\"wp-block-image aligncenter size-full is-resized\"><a href=\"https:\/\/aezhenn-croisieres.bzh\/wp-content\/uploads\/2024\/05\/RNS_MED_fr.pdf\"><img loading=\"lazy\" decoding=\"async\" width=\"195\" height=\"240\" src=\"https:\/\/aezhenn-croisieres.bzh\/wp-content\/uploads\/2024\/12\/pdf_icon_fr.webp\" alt=\"\" class=\"wp-image-1736\" style=\"width:66px\"\/><\/a><\/figure>\n<\/div>\n\n\n\n<div class=\"wp-block-column is-vertically-aligned-center is-layout-flow wp-block-column-is-layout-flow\" style=\"flex-basis:100px\">\n<figure class=\"wp-block-image aligncenter size-full is-resized\"><a href=\"https:\/\/aezhenn-croisieres.bzh\/wp-content\/uploads\/2024\/05\/RNS_MED_en.pdf\"><img loading=\"lazy\" decoding=\"async\" width=\"195\" height=\"240\" src=\"https:\/\/aezhenn-croisieres.bzh\/wp-content\/uploads\/2024\/12\/pdf_icon_en.webp\" alt=\"\" class=\"wp-image-1737\" style=\"width:66px\"\/><\/a><\/figure>\n<\/div>\n\n\n\n<div class=\"wp-block-column is-layout-flow wp-block-column-is-layout-flow\"><\/div>\n<\/div>\n\n<figure class=\"wp-block-image aligncenter size-full\"><img loading=\"lazy\" decoding=\"async\" width=\"463\" height=\"160\" src=\"https:\/\/aezhenn-croisieres.bzh\/wp-content\/uploads\/2024\/11\/bags-1.webp\" alt=\"types of bags for sailing cruises\" class=\"wp-image-1406\" srcset=\"https:\/\/aezhenn-croisieres.bzh\/wp-content\/uploads\/2024\/11\/bags-1.webp 463w, https:\/\/aezhenn-croisieres.bzh\/wp-content\/uploads\/2024\/11\/bags-1-300x104.webp 300w\" sizes=\"auto, (max-width: 463px) 100vw, 463px\" \/><\/figure>\n\n<p class=\"has-text-align-center\">To carry your belongings, please use soft, flexible bags that can easily be stored in onboard lockers.<\/p>\n\n<div class=\"wp-block-columns is-layout-flex wp-container-core-columns-is-layout-8d88fe0f wp-block-columns-is-layout-flex\" style=\"padding-top:var(--wp--preset--spacing--20);padding-bottom:var(--wp--preset--spacing--20)\">\n<div class=\"wp-block-column is-layout-flow wp-block-column-is-layout-flow\" style=\"flex-basis:33.33%\">\n<figure class=\"wp-block-image aligncenter size-full\"><img loading=\"lazy\" decoding=\"async\" width=\"192\" height=\"240\" src=\"https:\/\/aezhenn-croisieres.bzh\/wp-content\/uploads\/2024\/11\/todo_list.webp\" alt=\"sailing cruise packing list\" class=\"wp-image-1407\" style=\"object-fit:cover\"\/><\/figure>\n<\/div>\n\n\n\n<div class=\"wp-block-column is-layout-flow wp-block-column-is-layout-flow\" style=\"flex-basis:66.66%\">\n<ul class=\"wp-block-list\">\n<li>sleeping bag and pillow, if needed<\/li>\n\n\n\n<li>hat or cap with strap<\/li>\n\n\n\n<li>sunglasses with strap<\/li>\n\n\n\n<li>sunscreen<\/li>\n\n\n\n<li>two pairs of closed-toe shoes (non-marking and clean soles): sailing shoes or possibly sneakers or running shoes<\/li>\n\n\n\n<li>sailing gloves (if you have them)<\/li>\n\n\n\n<li>waterproof jacket, salopettes and sailing boots<\/li>\n\n\n\n<li>fleece<\/li>\n\n\n\n<li>beanie<\/li>\n\n\n\n<li>headlamp<\/li>\n\n\n\n<li>toiletries including biodegradable soap or shower gel<\/li>\n\n\n\n<li>washcloth<\/li>\n\n\n\n<li>quick-drying towel<\/li>\n\n\n\n<li>swimsuit<\/li>\n\n\n\n<li>quick-drying beach towel<\/li>\n<\/ul>\n<\/div>\n<\/div>\n","protected":false},"excerpt":{"rendered":"<p>Your sailor\u2019s bag on board Alwena Please complete the CCMM medical form below and hand it in (in a sealed [&hellip;]<\/p>\n","protected":false},"author":1,"featured_media":0,"parent":1957,"menu_order":0,"comment_status":"closed","ping_status":"closed","template":"","meta":{"site-sidebar-layout":"default","site-content-layout":"","ast-site-content-layout":"default","site-content-style":"default","site-sidebar-style":"default","ast-global-header-display":"","ast-banner-title-visibility":"","ast-main-header-display":"","ast-hfb-above-header-display":"","ast-hfb-below-header-display":"","ast-hfb-mobile-header-display":"","site-post-title":"disabled","ast-breadcrumbs-content":"","ast-featured-img":"","footer-sml-layout":"","ast-disable-related-posts":"","theme-transparent-header-meta":"","adv-header-id-meta":"","stick-header-meta":"","header-above-stick-meta":"","header-main-stick-meta":"","header-below-stick-meta":"","astra-migrate-meta-layouts":"default","ast-page-background-enabled":"default","ast-page-background-meta":{"desktop":{"background-color":"var(--ast-global-color-4)","background-image":"","background-repeat":"repeat","background-position":"center center","background-size":"auto","background-attachment":"scroll","background-type":"","background-media":"","overlay-type":"","overlay-color":"","overlay-opacity":"","overlay-gradient":""},"tablet":{"background-color":"","background-image":"","background-repeat":"repeat","background-position":"center center","background-size":"auto","background-attachment":"scroll","background-type":"","background-media":"","overlay-type":"","overlay-color":"","overlay-opacity":"","overlay-gradient":""},"mobile":{"background-color":"","background-image":"","background-repeat":"repeat","background-position":"center center","background-size":"auto","background-attachment":"scroll","background-type":"","background-media":"","overlay-type":"","overlay-color":"","overlay-opacity":"","overlay-gradient":""}},"ast-content-background-meta":{"desktop":{"background-color":"var(--ast-global-color-5)","background-image":"","background-repeat":"repeat","background-position":"center center","background-size":"auto","background-attachment":"scroll","background-type":"","background-media":"","overlay-type":"","overlay-color":"","overlay-opacity":"","overlay-gradient":""},"tablet":{"background-color":"var(--ast-global-color-5)","background-image":"","background-repeat":"repeat","background-position":"center center","background-size":"auto","background-attachment":"scroll","background-type":"","background-media":"","overlay-type":"","overlay-color":"","overlay-opacity":"","overlay-gradient":""},"mobile":{"background-color":"var(--ast-global-color-5)","background-image":"","background-repeat":"repeat","background-position":"center center","background-size":"auto","background-attachment":"scroll","background-type":"","background-media":"","overlay-type":"","overlay-color":"","overlay-opacity":"","overlay-gradient":""}},"footnotes":""},"wf_page_folders":[23],"class_list":["post-1996","page","type-page","status-publish","hentry"],"yoast_head":"<!-- This site is optimized with the Yoast SEO plugin v27.6 - https:\/\/yoast.com\/product\/yoast-seo-wordpress\/ -->\n<title>Your sailor&#039;s bag for sailing cruises in Finist\u00e8re - Aezhenn Croisi\u00e8res<\/title>\n<meta name=\"description\" content=\"Prepare your sailor&#039;s bag for our sailing cruises in Finist\u00e8re. CCMM medical form, equipment, and tips for comfortable, worry-free sailing.\" \/>\n<meta name=\"robots\" content=\"index, follow, max-snippet:-1, max-image-preview:large, max-video-preview:-1\" \/>\n<link rel=\"canonical\" href=\"https:\/\/aezhenn-croisieres.bzh\/en\/info\/your-sailors-bag\/\" \/>\n<meta property=\"og:locale\" content=\"en_US\" \/>\n<meta property=\"og:type\" content=\"article\" \/>\n<meta property=\"og:title\" content=\"Your sailor&#039;s bag for sailing cruises in Finist\u00e8re - Aezhenn Croisi\u00e8res\" \/>\n<meta property=\"og:description\" content=\"Prepare your sailor&#039;s bag for our sailing cruises in Finist\u00e8re. CCMM medical form, equipment, and tips for comfortable, worry-free sailing.\" \/>\n<meta property=\"og:url\" content=\"https:\/\/aezhenn-croisieres.bzh\/en\/info\/your-sailors-bag\/\" \/>\n<meta property=\"og:site_name\" content=\"Croisi\u00e8res et formations maritimes en voilier au d\u00e9part de Brest avec skipper professionnel\" \/>\n<meta property=\"article:modified_time\" content=\"2026-03-26T08:52:22+00:00\" \/>\n<meta property=\"og:image\" content=\"https:\/\/aezhenn-croisieres.bzh\/wp-content\/uploads\/2024\/12\/backpack.webp\" \/>\n\t<meta property=\"og:image:width\" content=\"80\" \/>\n\t<meta property=\"og:image:height\" content=\"90\" \/>\n\t<meta property=\"og:image:type\" content=\"image\/webp\" \/>\n<meta name=\"twitter:card\" content=\"summary_large_image\" \/>\n<meta name=\"twitter:label1\" content=\"Est. reading time\" \/>\n\t<meta name=\"twitter:data1\" content=\"1 minute\" \/>\n<script type=\"application\/ld+json\" class=\"yoast-schema-graph\">{\"@context\":\"https:\\\/\\\/schema.org\",\"@graph\":[{\"@type\":\"WebPage\",\"@id\":\"https:\\\/\\\/aezhenn-croisieres.bzh\\\/en\\\/info\\\/your-sailors-bag\\\/\",\"url\":\"https:\\\/\\\/aezhenn-croisieres.bzh\\\/en\\\/info\\\/your-sailors-bag\\\/\",\"name\":\"Your sailor's bag for sailing cruises in Finist\u00e8re - Aezhenn Croisi\u00e8res\",\"isPartOf\":{\"@id\":\"https:\\\/\\\/aezhenn-croisieres.bzh\\\/en\\\/#website\"},\"primaryImageOfPage\":{\"@id\":\"https:\\\/\\\/aezhenn-croisieres.bzh\\\/en\\\/info\\\/your-sailors-bag\\\/#primaryimage\"},\"image\":{\"@id\":\"https:\\\/\\\/aezhenn-croisieres.bzh\\\/en\\\/info\\\/your-sailors-bag\\\/#primaryimage\"},\"thumbnailUrl\":\"https:\\\/\\\/aezhenn-croisieres.bzh\\\/wp-content\\\/uploads\\\/2024\\\/12\\\/backpack.webp\",\"datePublished\":\"2024-05-09T14:32:15+00:00\",\"dateModified\":\"2026-03-26T08:52:22+00:00\",\"description\":\"Prepare your sailor's bag for our sailing cruises in Finist\u00e8re. CCMM medical form, equipment, and tips for comfortable, worry-free sailing.\",\"breadcrumb\":{\"@id\":\"https:\\\/\\\/aezhenn-croisieres.bzh\\\/en\\\/info\\\/your-sailors-bag\\\/#breadcrumb\"},\"inLanguage\":\"en-US\",\"potentialAction\":[{\"@type\":\"ReadAction\",\"target\":[\"https:\\\/\\\/aezhenn-croisieres.bzh\\\/en\\\/info\\\/your-sailors-bag\\\/\"]}]},{\"@type\":\"ImageObject\",\"inLanguage\":\"en-US\",\"@id\":\"https:\\\/\\\/aezhenn-croisieres.bzh\\\/en\\\/info\\\/your-sailors-bag\\\/#primaryimage\",\"url\":\"https:\\\/\\\/aezhenn-croisieres.bzh\\\/wp-content\\\/uploads\\\/2024\\\/12\\\/backpack.webp\",\"contentUrl\":\"https:\\\/\\\/aezhenn-croisieres.bzh\\\/wp-content\\\/uploads\\\/2024\\\/12\\\/backpack.webp\"},{\"@type\":\"BreadcrumbList\",\"@id\":\"https:\\\/\\\/aezhenn-croisieres.bzh\\\/en\\\/info\\\/your-sailors-bag\\\/#breadcrumb\",\"itemListElement\":[{\"@type\":\"ListItem\",\"position\":1,\"name\":\"Accueil\",\"item\":\"https:\\\/\\\/aezhenn-croisieres.bzh\\\/en\\\/\"},{\"@type\":\"ListItem\",\"position\":2,\"name\":\"Info\",\"item\":\"https:\\\/\\\/aezhenn-croisieres.bzh\\\/en\\\/info\\\/\"},{\"@type\":\"ListItem\",\"position\":3,\"name\":\"Your sailor&#8217;s bag\"}]},{\"@type\":\"WebSite\",\"@id\":\"https:\\\/\\\/aezhenn-croisieres.bzh\\\/en\\\/#website\",\"url\":\"https:\\\/\\\/aezhenn-croisieres.bzh\\\/en\\\/\",\"name\":\"Croisi\u00e8res et formations maritimes en voilier au d\u00e9part de Brest avec skipper professionnel\",\"description\":\"Croisi\u00e8res et formations maritimes en voilier au d\u00e9part de Brest avec skipper professionnel\",\"publisher\":{\"@id\":\"https:\\\/\\\/aezhenn-croisieres.bzh\\\/en\\\/#organization\"},\"potentialAction\":[{\"@type\":\"SearchAction\",\"target\":{\"@type\":\"EntryPoint\",\"urlTemplate\":\"https:\\\/\\\/aezhenn-croisieres.bzh\\\/en\\\/?s={search_term_string}\"},\"query-input\":{\"@type\":\"PropertyValueSpecification\",\"valueRequired\":true,\"valueName\":\"search_term_string\"}}],\"inLanguage\":\"en-US\"},{\"@type\":\"Organization\",\"@id\":\"https:\\\/\\\/aezhenn-croisieres.bzh\\\/en\\\/#organization\",\"name\":\"Croisi\u00e8res et formations maritimes en voilier au d\u00e9part de Brest avec skipper professionnel\",\"url\":\"https:\\\/\\\/aezhenn-croisieres.bzh\\\/en\\\/\",\"logo\":{\"@type\":\"ImageObject\",\"inLanguage\":\"en-US\",\"@id\":\"https:\\\/\\\/aezhenn-croisieres.bzh\\\/en\\\/#\\\/schema\\\/logo\\\/image\\\/\",\"url\":\"https:\\\/\\\/aezhenn-croisieres.bzh\\\/wp-content\\\/uploads\\\/2024\\\/11\\\/cropped-aezhenn_glaz_S-1.webp\",\"contentUrl\":\"https:\\\/\\\/aezhenn-croisieres.bzh\\\/wp-content\\\/uploads\\\/2024\\\/11\\\/cropped-aezhenn_glaz_S-1.webp\",\"width\":156,\"height\":90,\"caption\":\"Croisi\u00e8res et formations maritimes en voilier au d\u00e9part de Brest avec skipper professionnel\"},\"image\":{\"@id\":\"https:\\\/\\\/aezhenn-croisieres.bzh\\\/en\\\/#\\\/schema\\\/logo\\\/image\\\/\"}}]}<\/script>\n<!-- \/ Yoast SEO plugin. -->","yoast_head_json":{"title":"Your sailor's bag for sailing cruises in Finist\u00e8re - Aezhenn Croisi\u00e8res","description":"Prepare your sailor's bag for our sailing cruises in Finist\u00e8re. CCMM medical form, equipment, and tips for comfortable, worry-free sailing.","robots":{"index":"index","follow":"follow","max-snippet":"max-snippet:-1","max-image-preview":"max-image-preview:large","max-video-preview":"max-video-preview:-1"},"canonical":"https:\/\/aezhenn-croisieres.bzh\/en\/info\/your-sailors-bag\/","og_locale":"en_US","og_type":"article","og_title":"Your sailor's bag for sailing cruises in Finist\u00e8re - Aezhenn Croisi\u00e8res","og_description":"Prepare your sailor's bag for our sailing cruises in Finist\u00e8re. CCMM medical form, equipment, and tips for comfortable, worry-free sailing.","og_url":"https:\/\/aezhenn-croisieres.bzh\/en\/info\/your-sailors-bag\/","og_site_name":"Croisi\u00e8res et formations maritimes en voilier au d\u00e9part de Brest avec skipper professionnel","article_modified_time":"2026-03-26T08:52:22+00:00","og_image":[{"width":80,"height":90,"url":"https:\/\/aezhenn-croisieres.bzh\/wp-content\/uploads\/2024\/12\/backpack.webp","type":"image\/webp"}],"twitter_card":"summary_large_image","twitter_misc":{"Est. reading time":"1 minute"},"schema":{"@context":"https:\/\/schema.org","@graph":[{"@type":"WebPage","@id":"https:\/\/aezhenn-croisieres.bzh\/en\/info\/your-sailors-bag\/","url":"https:\/\/aezhenn-croisieres.bzh\/en\/info\/your-sailors-bag\/","name":"Your sailor's bag for sailing cruises in Finist\u00e8re - Aezhenn Croisi\u00e8res","isPartOf":{"@id":"https:\/\/aezhenn-croisieres.bzh\/en\/#website"},"primaryImageOfPage":{"@id":"https:\/\/aezhenn-croisieres.bzh\/en\/info\/your-sailors-bag\/#primaryimage"},"image":{"@id":"https:\/\/aezhenn-croisieres.bzh\/en\/info\/your-sailors-bag\/#primaryimage"},"thumbnailUrl":"https:\/\/aezhenn-croisieres.bzh\/wp-content\/uploads\/2024\/12\/backpack.webp","datePublished":"2024-05-09T14:32:15+00:00","dateModified":"2026-03-26T08:52:22+00:00","description":"Prepare your sailor's bag for our sailing cruises in Finist\u00e8re. CCMM medical form, equipment, and tips for comfortable, worry-free sailing.","breadcrumb":{"@id":"https:\/\/aezhenn-croisieres.bzh\/en\/info\/your-sailors-bag\/#breadcrumb"},"inLanguage":"en-US","potentialAction":[{"@type":"ReadAction","target":["https:\/\/aezhenn-croisieres.bzh\/en\/info\/your-sailors-bag\/"]}]},{"@type":"ImageObject","inLanguage":"en-US","@id":"https:\/\/aezhenn-croisieres.bzh\/en\/info\/your-sailors-bag\/#primaryimage","url":"https:\/\/aezhenn-croisieres.bzh\/wp-content\/uploads\/2024\/12\/backpack.webp","contentUrl":"https:\/\/aezhenn-croisieres.bzh\/wp-content\/uploads\/2024\/12\/backpack.webp"},{"@type":"BreadcrumbList","@id":"https:\/\/aezhenn-croisieres.bzh\/en\/info\/your-sailors-bag\/#breadcrumb","itemListElement":[{"@type":"ListItem","position":1,"name":"Accueil","item":"https:\/\/aezhenn-croisieres.bzh\/en\/"},{"@type":"ListItem","position":2,"name":"Info","item":"https:\/\/aezhenn-croisieres.bzh\/en\/info\/"},{"@type":"ListItem","position":3,"name":"Your sailor&#8217;s bag"}]},{"@type":"WebSite","@id":"https:\/\/aezhenn-croisieres.bzh\/en\/#website","url":"https:\/\/aezhenn-croisieres.bzh\/en\/","name":"Croisi\u00e8res et formations maritimes en voilier au d\u00e9part de Brest avec skipper professionnel","description":"Croisi\u00e8res et formations maritimes en voilier au d\u00e9part de Brest avec skipper professionnel","publisher":{"@id":"https:\/\/aezhenn-croisieres.bzh\/en\/#organization"},"potentialAction":[{"@type":"SearchAction","target":{"@type":"EntryPoint","urlTemplate":"https:\/\/aezhenn-croisieres.bzh\/en\/?s={search_term_string}"},"query-input":{"@type":"PropertyValueSpecification","valueRequired":true,"valueName":"search_term_string"}}],"inLanguage":"en-US"},{"@type":"Organization","@id":"https:\/\/aezhenn-croisieres.bzh\/en\/#organization","name":"Croisi\u00e8res et formations maritimes en voilier au d\u00e9part de Brest avec skipper professionnel","url":"https:\/\/aezhenn-croisieres.bzh\/en\/","logo":{"@type":"ImageObject","inLanguage":"en-US","@id":"https:\/\/aezhenn-croisieres.bzh\/en\/#\/schema\/logo\/image\/","url":"https:\/\/aezhenn-croisieres.bzh\/wp-content\/uploads\/2024\/11\/cropped-aezhenn_glaz_S-1.webp","contentUrl":"https:\/\/aezhenn-croisieres.bzh\/wp-content\/uploads\/2024\/11\/cropped-aezhenn_glaz_S-1.webp","width":156,"height":90,"caption":"Croisi\u00e8res et formations maritimes en voilier au d\u00e9part de Brest avec skipper professionnel"},"image":{"@id":"https:\/\/aezhenn-croisieres.bzh\/en\/#\/schema\/logo\/image\/"}}]}},"_links":{"self":[{"href":"https:\/\/aezhenn-croisieres.bzh\/en\/wp-json\/wp\/v2\/pages\/1996","targetHints":{"allow":["GET"]}}],"collection":[{"href":"https:\/\/aezhenn-croisieres.bzh\/en\/wp-json\/wp\/v2\/pages"}],"about":[{"href":"https:\/\/aezhenn-croisieres.bzh\/en\/wp-json\/wp\/v2\/types\/page"}],"author":[{"embeddable":true,"href":"https:\/\/aezhenn-croisieres.bzh\/en\/wp-json\/wp\/v2\/users\/1"}],"replies":[{"embeddable":true,"href":"https:\/\/aezhenn-croisieres.bzh\/en\/wp-json\/wp\/v2\/comments?post=1996"}],"version-history":[{"count":1,"href":"https:\/\/aezhenn-croisieres.bzh\/en\/wp-json\/wp\/v2\/pages\/1996\/revisions"}],"predecessor-version":[{"id":1997,"href":"https:\/\/aezhenn-croisieres.bzh\/en\/wp-json\/wp\/v2\/pages\/1996\/revisions\/1997"}],"up":[{"embeddable":true,"href":"https:\/\/aezhenn-croisieres.bzh\/en\/wp-json\/wp\/v2\/pages\/1957"}],"wp:attachment":[{"href":"https:\/\/aezhenn-croisieres.bzh\/en\/wp-json\/wp\/v2\/media?parent=1996"}],"wp:term":[{"taxonomy":"wf_page_folders","embeddable":true,"href":"https:\/\/aezhenn-croisieres.bzh\/en\/wp-json\/wp\/v2\/wf_page_folders?post=1996"}],"curies":[{"name":"wp","href":"https:\/\/api.w.org\/{rel}","templated":true}]}}