{"id":2014,"date":"2024-06-03T12:31:57","date_gmt":"2024-06-03T10:31:57","guid":{"rendered":"https:\/\/aezhenn-croisieres.bzh\/cruising-courses\/shorebased-courses\/"},"modified":"2026-03-26T15:19:15","modified_gmt":"2026-03-26T14:19:15","slug":"shorebased-courses","status":"publish","type":"page","link":"https:\/\/aezhenn-croisieres.bzh\/en\/cruising-courses\/shorebased-courses\/","title":{"rendered":"Shorebased Courses"},"content":{"rendered":"\n<figure class=\"wp-block-image aligncenter size-full\"><img loading=\"lazy\" decoding=\"async\" width=\"102\" height=\"90\" src=\"https:\/\/aezhenn-croisieres.bzh\/wp-content\/uploads\/2024\/12\/anchor.webp\" alt=\"\" class=\"wp-image-1777\"\/><\/figure>\n\n<h1 class=\"wp-block-heading has-text-align-center has-ast-global-color-3-color has-text-color has-link-color has-large-font-size wp-elements-33f9595cecbd0e44f1248049e3253860\">Shorebased courses<\/h1>\n\n<p>These courses help you gain the theoretical, technical and sometimes even regulatory knowledge you need to successfully and safely complete your sailing cruise.<\/p>\n\n<p>They take place aboard <a href=\"https:\/\/aezhenn-croisieres.bzh\/en\/info\/the-sailboat\/\">Alwena<\/a> or in Landerneau.<\/p>\n\n<div class=\"wp-block-media-text is-stacked-on-mobile is-vertically-aligned-center\" style=\"grid-template-columns:30% auto\"><figure class=\"wp-block-media-text__media\"><img loading=\"lazy\" decoding=\"async\" width=\"400\" height=\"208\" src=\"https:\/\/aezhenn-croisieres.bzh\/wp-content\/uploads\/2024\/11\/small_boat.webp\" alt=\"Shorebased courses\" class=\"wp-image-1454 size-full\" srcset=\"https:\/\/aezhenn-croisieres.bzh\/wp-content\/uploads\/2024\/11\/small_boat.webp 400w, https:\/\/aezhenn-croisieres.bzh\/wp-content\/uploads\/2024\/11\/small_boat-300x156.webp 300w\" sizes=\"auto, (max-width: 400px) 100vw, 400px\" \/><\/figure><div class=\"wp-block-media-text__content\">\n<ul class=\"wp-block-list\">\n<li><a href=\"https:\/\/aezhenn-croisieres.bzh\/en\/cruising-courses\/shorebased-courses\/short-range-certificate-src\/\">Short Range Certificate<\/a><\/li>\n\n\n\n<li><a href=\"https:\/\/aezhenn-croisieres.bzh\/en\/cruising-courses\/shorebased-courses\/nautical-chart-navigation\/\">Nautical chart navigation<\/a><\/li>\n\n\n\n<li><a href=\"https:\/\/aezhenn-croisieres.bzh\/en\/cruising-courses\/shorebased-courses\/essential-navigation-and-seamanship\/\">Navigation and essential seamanship skills<\/a><\/li>\n\n\n\n<li><a href=\"https:\/\/aezhenn-croisieres.bzh\/en\/cruising-courses\/shorebased-courses\/day-skipper\/\">Day skipper<\/a><\/li>\n\n\n\n<li><a href=\"https:\/\/aezhenn-croisieres.bzh\/en\/cruising-courses\/shorebased-courses\/coastal-and-offshore-skipper\/\">Coastal and offshore skipper<\/a><\/li>\n\n\n\n<li><a href=\"https:\/\/aezhenn-croisieres.bzh\/en\/cruising-courses\/shorebased-courses\/ocean-skipper\/\">Ocean skipper<\/a><\/li>\n<\/ul>\n<\/div><\/div>\n\n<div class=\"wp-block-media-text is-stacked-on-mobile\" style=\"grid-template-columns:30% auto\"><figure class=\"wp-block-media-text__media\"><img loading=\"lazy\" decoding=\"async\" width=\"400\" height=\"346\" src=\"https:\/\/aezhenn-croisieres.bzh\/wp-content\/uploads\/2024\/11\/nautinav.webp\" alt=\"maritime training tools\" class=\"wp-image-1456 size-full\" srcset=\"https:\/\/aezhenn-croisieres.bzh\/wp-content\/uploads\/2024\/11\/nautinav.webp 400w, https:\/\/aezhenn-croisieres.bzh\/wp-content\/uploads\/2024\/11\/nautinav-300x260.webp 300w\" sizes=\"auto, (max-width: 400px) 100vw, 400px\" \/><\/figure><div class=\"wp-block-media-text__content\">\n<p>To help you visualize and ultimately understand situations, I use a set of buoys to assemble, ship models with their day shapes, and playing cards.<\/p>\n\n\n\n<p>The exercises are always paired with reference books so you can come back to them later and, little by little, build up your own sailor\u2019s library.<\/p>\n<\/div><\/div>\n","protected":false},"excerpt":{"rendered":"<p>Shorebased courses These courses help you gain the theoretical, technical and sometimes even regulatory knowledge you need to successfully and [&hellip;]<\/p>\n","protected":false},"author":1,"featured_media":0,"parent":1968,"menu_order":0,"comment_status":"closed","ping_status":"closed","template":"","meta":{"site-sidebar-layout":"default","site-content-layout":"","ast-site-content-layout":"default","site-content-style":"default","site-sidebar-style":"default","ast-global-header-display":"","ast-banner-title-visibility":"","ast-main-header-display":"","ast-hfb-above-header-display":"","ast-hfb-below-header-display":"","ast-hfb-mobile-header-display":"","site-post-title":"disabled","ast-breadcrumbs-content":"","ast-featured-img":"","footer-sml-layout":"","ast-disable-related-posts":"","theme-transparent-header-meta":"","adv-header-id-meta":"","stick-header-meta":"","header-above-stick-meta":"","header-main-stick-meta":"","header-below-stick-meta":"","astra-migrate-meta-layouts":"default","ast-page-background-enabled":"default","ast-page-background-meta":{"desktop":{"background-color":"var(--ast-global-color-4)","background-image":"","background-repeat":"repeat","background-position":"center center","background-size":"auto","background-attachment":"scroll","background-type":"","background-media":"","overlay-type":"","overlay-color":"","overlay-opacity":"","overlay-gradient":""},"tablet":{"background-color":"","background-image":"","background-repeat":"repeat","background-position":"center center","background-size":"auto","background-attachment":"scroll","background-type":"","background-media":"","overlay-type":"","overlay-color":"","overlay-opacity":"","overlay-gradient":""},"mobile":{"background-color":"","background-image":"","background-repeat":"repeat","background-position":"center center","background-size":"auto","background-attachment":"scroll","background-type":"","background-media":"","overlay-type":"","overlay-color":"","overlay-opacity":"","overlay-gradient":""}},"ast-content-background-meta":{"desktop":{"background-color":"var(--ast-global-color-5)","background-image":"","background-repeat":"repeat","background-position":"center center","background-size":"auto","background-attachment":"scroll","background-type":"","background-media":"","overlay-type":"","overlay-color":"","overlay-opacity":"","overlay-gradient":""},"tablet":{"background-color":"var(--ast-global-color-5)","background-image":"","background-repeat":"repeat","background-position":"center center","background-size":"auto","background-attachment":"scroll","background-type":"","background-media":"","overlay-type":"","overlay-color":"","overlay-opacity":"","overlay-gradient":""},"mobile":{"background-color":"var(--ast-global-color-5)","background-image":"","background-repeat":"repeat","background-position":"center center","background-size":"auto","background-attachment":"scroll","background-type":"","background-media":"","overlay-type":"","overlay-color":"","overlay-opacity":"","overlay-gradient":""}},"footnotes":""},"wf_page_folders":[21],"class_list":["post-2014","page","type-page","status-publish","hentry"],"yoast_head":"<!-- This site is optimized with the Yoast SEO plugin v27.6 - https:\/\/yoast.com\/product\/yoast-seo-wordpress\/ -->\n<title>Shorebased courses on a sailing vessel - Aezhenn Croisi\u00e8res<\/title>\n<meta name=\"description\" content=\"Learn cruising yacht sailing in Brittany with Aezhenn Croisi\u00e8res. Maritime training courses tailored to all levels to help you master the marine environment and the art of sailing at sea.\" \/>\n<meta name=\"robots\" content=\"index, follow, max-snippet:-1, max-image-preview:large, max-video-preview:-1\" \/>\n<link rel=\"canonical\" href=\"https:\/\/aezhenn-croisieres.bzh\/en\/cruising-courses\/shorebased-courses\/\" \/>\n<meta property=\"og:locale\" content=\"en_US\" \/>\n<meta property=\"og:type\" content=\"article\" \/>\n<meta property=\"og:title\" content=\"Shorebased courses on a sailing vessel - Aezhenn Croisi\u00e8res\" \/>\n<meta property=\"og:description\" content=\"Learn cruising yacht sailing in Brittany with Aezhenn Croisi\u00e8res. Maritime training courses tailored to all levels to help you master the marine environment and the art of sailing at sea.\" \/>\n<meta property=\"og:url\" content=\"https:\/\/aezhenn-croisieres.bzh\/en\/cruising-courses\/shorebased-courses\/\" \/>\n<meta property=\"og:site_name\" content=\"Croisi\u00e8res et formations maritimes en voilier au d\u00e9part de Brest avec skipper professionnel\" \/>\n<meta property=\"article:modified_time\" content=\"2026-03-26T14:19:15+00:00\" \/>\n<meta property=\"og:image\" content=\"https:\/\/aezhenn-croisieres.bzh\/wp-content\/uploads\/2024\/12\/anchor.webp\" \/>\n\t<meta property=\"og:image:width\" content=\"102\" \/>\n\t<meta property=\"og:image:height\" content=\"90\" \/>\n\t<meta property=\"og:image:type\" content=\"image\/webp\" \/>\n<meta name=\"twitter:card\" content=\"summary_large_image\" \/>\n<meta name=\"twitter:label1\" content=\"Est. reading time\" \/>\n\t<meta name=\"twitter:data1\" content=\"1 minute\" \/>\n<script type=\"application\/ld+json\" class=\"yoast-schema-graph\">{\"@context\":\"https:\\\/\\\/schema.org\",\"@graph\":[{\"@type\":\"WebPage\",\"@id\":\"https:\\\/\\\/aezhenn-croisieres.bzh\\\/en\\\/cruising-courses\\\/shorebased-courses\\\/\",\"url\":\"https:\\\/\\\/aezhenn-croisieres.bzh\\\/en\\\/cruising-courses\\\/shorebased-courses\\\/\",\"name\":\"Shorebased courses on a sailing vessel - Aezhenn Croisi\u00e8res\",\"isPartOf\":{\"@id\":\"https:\\\/\\\/aezhenn-croisieres.bzh\\\/en\\\/#website\"},\"primaryImageOfPage\":{\"@id\":\"https:\\\/\\\/aezhenn-croisieres.bzh\\\/en\\\/cruising-courses\\\/shorebased-courses\\\/#primaryimage\"},\"image\":{\"@id\":\"https:\\\/\\\/aezhenn-croisieres.bzh\\\/en\\\/cruising-courses\\\/shorebased-courses\\\/#primaryimage\"},\"thumbnailUrl\":\"https:\\\/\\\/aezhenn-croisieres.bzh\\\/wp-content\\\/uploads\\\/2024\\\/12\\\/anchor.webp\",\"datePublished\":\"2024-06-03T10:31:57+00:00\",\"dateModified\":\"2026-03-26T14:19:15+00:00\",\"description\":\"Learn cruising yacht sailing in Brittany with Aezhenn Croisi\u00e8res. Maritime training courses tailored to all levels to help you master the marine environment and the art of sailing at sea.\",\"breadcrumb\":{\"@id\":\"https:\\\/\\\/aezhenn-croisieres.bzh\\\/en\\\/cruising-courses\\\/shorebased-courses\\\/#breadcrumb\"},\"inLanguage\":\"en-US\",\"potentialAction\":[{\"@type\":\"ReadAction\",\"target\":[\"https:\\\/\\\/aezhenn-croisieres.bzh\\\/en\\\/cruising-courses\\\/shorebased-courses\\\/\"]}]},{\"@type\":\"ImageObject\",\"inLanguage\":\"en-US\",\"@id\":\"https:\\\/\\\/aezhenn-croisieres.bzh\\\/en\\\/cruising-courses\\\/shorebased-courses\\\/#primaryimage\",\"url\":\"https:\\\/\\\/aezhenn-croisieres.bzh\\\/wp-content\\\/uploads\\\/2024\\\/12\\\/anchor.webp\",\"contentUrl\":\"https:\\\/\\\/aezhenn-croisieres.bzh\\\/wp-content\\\/uploads\\\/2024\\\/12\\\/anchor.webp\"},{\"@type\":\"BreadcrumbList\",\"@id\":\"https:\\\/\\\/aezhenn-croisieres.bzh\\\/en\\\/cruising-courses\\\/shorebased-courses\\\/#breadcrumb\",\"itemListElement\":[{\"@type\":\"ListItem\",\"position\":1,\"name\":\"Accueil\",\"item\":\"https:\\\/\\\/aezhenn-croisieres.bzh\\\/en\\\/\"},{\"@type\":\"ListItem\",\"position\":2,\"name\":\"Training\",\"item\":\"https:\\\/\\\/aezhenn-croisieres.bzh\\\/en\\\/cruising-courses\\\/\"},{\"@type\":\"ListItem\",\"position\":3,\"name\":\"Shorebased Courses\"}]},{\"@type\":\"WebSite\",\"@id\":\"https:\\\/\\\/aezhenn-croisieres.bzh\\\/en\\\/#website\",\"url\":\"https:\\\/\\\/aezhenn-croisieres.bzh\\\/en\\\/\",\"name\":\"Croisi\u00e8res et formations maritimes en voilier au d\u00e9part de Brest avec skipper professionnel\",\"description\":\"Croisi\u00e8res et formations maritimes en voilier au d\u00e9part de Brest avec skipper professionnel\",\"publisher\":{\"@id\":\"https:\\\/\\\/aezhenn-croisieres.bzh\\\/en\\\/#organization\"},\"potentialAction\":[{\"@type\":\"SearchAction\",\"target\":{\"@type\":\"EntryPoint\",\"urlTemplate\":\"https:\\\/\\\/aezhenn-croisieres.bzh\\\/en\\\/?s={search_term_string}\"},\"query-input\":{\"@type\":\"PropertyValueSpecification\",\"valueRequired\":true,\"valueName\":\"search_term_string\"}}],\"inLanguage\":\"en-US\"},{\"@type\":\"Organization\",\"@id\":\"https:\\\/\\\/aezhenn-croisieres.bzh\\\/en\\\/#organization\",\"name\":\"Croisi\u00e8res et formations maritimes en voilier au d\u00e9part de Brest avec skipper professionnel\",\"url\":\"https:\\\/\\\/aezhenn-croisieres.bzh\\\/en\\\/\",\"logo\":{\"@type\":\"ImageObject\",\"inLanguage\":\"en-US\",\"@id\":\"https:\\\/\\\/aezhenn-croisieres.bzh\\\/en\\\/#\\\/schema\\\/logo\\\/image\\\/\",\"url\":\"https:\\\/\\\/aezhenn-croisieres.bzh\\\/wp-content\\\/uploads\\\/2024\\\/11\\\/cropped-aezhenn_glaz_S-1.webp\",\"contentUrl\":\"https:\\\/\\\/aezhenn-croisieres.bzh\\\/wp-content\\\/uploads\\\/2024\\\/11\\\/cropped-aezhenn_glaz_S-1.webp\",\"width\":156,\"height\":90,\"caption\":\"Croisi\u00e8res et formations maritimes en voilier au d\u00e9part de Brest avec skipper professionnel\"},\"image\":{\"@id\":\"https:\\\/\\\/aezhenn-croisieres.bzh\\\/en\\\/#\\\/schema\\\/logo\\\/image\\\/\"}}]}<\/script>\n<!-- \/ Yoast SEO plugin. -->","yoast_head_json":{"title":"Shorebased courses on a sailing vessel - Aezhenn Croisi\u00e8res","description":"Learn cruising yacht sailing in Brittany with Aezhenn Croisi\u00e8res. Maritime training courses tailored to all levels to help you master the marine environment and the art of sailing at sea.","robots":{"index":"index","follow":"follow","max-snippet":"max-snippet:-1","max-image-preview":"max-image-preview:large","max-video-preview":"max-video-preview:-1"},"canonical":"https:\/\/aezhenn-croisieres.bzh\/en\/cruising-courses\/shorebased-courses\/","og_locale":"en_US","og_type":"article","og_title":"Shorebased courses on a sailing vessel - Aezhenn Croisi\u00e8res","og_description":"Learn cruising yacht sailing in Brittany with Aezhenn Croisi\u00e8res. Maritime training courses tailored to all levels to help you master the marine environment and the art of sailing at sea.","og_url":"https:\/\/aezhenn-croisieres.bzh\/en\/cruising-courses\/shorebased-courses\/","og_site_name":"Croisi\u00e8res et formations maritimes en voilier au d\u00e9part de Brest avec skipper professionnel","article_modified_time":"2026-03-26T14:19:15+00:00","og_image":[{"width":102,"height":90,"url":"https:\/\/aezhenn-croisieres.bzh\/wp-content\/uploads\/2024\/12\/anchor.webp","type":"image\/webp"}],"twitter_card":"summary_large_image","twitter_misc":{"Est. reading time":"1 minute"},"schema":{"@context":"https:\/\/schema.org","@graph":[{"@type":"WebPage","@id":"https:\/\/aezhenn-croisieres.bzh\/en\/cruising-courses\/shorebased-courses\/","url":"https:\/\/aezhenn-croisieres.bzh\/en\/cruising-courses\/shorebased-courses\/","name":"Shorebased courses on a sailing vessel - Aezhenn Croisi\u00e8res","isPartOf":{"@id":"https:\/\/aezhenn-croisieres.bzh\/en\/#website"},"primaryImageOfPage":{"@id":"https:\/\/aezhenn-croisieres.bzh\/en\/cruising-courses\/shorebased-courses\/#primaryimage"},"image":{"@id":"https:\/\/aezhenn-croisieres.bzh\/en\/cruising-courses\/shorebased-courses\/#primaryimage"},"thumbnailUrl":"https:\/\/aezhenn-croisieres.bzh\/wp-content\/uploads\/2024\/12\/anchor.webp","datePublished":"2024-06-03T10:31:57+00:00","dateModified":"2026-03-26T14:19:15+00:00","description":"Learn cruising yacht sailing in Brittany with Aezhenn Croisi\u00e8res. Maritime training courses tailored to all levels to help you master the marine environment and the art of sailing at sea.","breadcrumb":{"@id":"https:\/\/aezhenn-croisieres.bzh\/en\/cruising-courses\/shorebased-courses\/#breadcrumb"},"inLanguage":"en-US","potentialAction":[{"@type":"ReadAction","target":["https:\/\/aezhenn-croisieres.bzh\/en\/cruising-courses\/shorebased-courses\/"]}]},{"@type":"ImageObject","inLanguage":"en-US","@id":"https:\/\/aezhenn-croisieres.bzh\/en\/cruising-courses\/shorebased-courses\/#primaryimage","url":"https:\/\/aezhenn-croisieres.bzh\/wp-content\/uploads\/2024\/12\/anchor.webp","contentUrl":"https:\/\/aezhenn-croisieres.bzh\/wp-content\/uploads\/2024\/12\/anchor.webp"},{"@type":"BreadcrumbList","@id":"https:\/\/aezhenn-croisieres.bzh\/en\/cruising-courses\/shorebased-courses\/#breadcrumb","itemListElement":[{"@type":"ListItem","position":1,"name":"Accueil","item":"https:\/\/aezhenn-croisieres.bzh\/en\/"},{"@type":"ListItem","position":2,"name":"Training","item":"https:\/\/aezhenn-croisieres.bzh\/en\/cruising-courses\/"},{"@type":"ListItem","position":3,"name":"Shorebased Courses"}]},{"@type":"WebSite","@id":"https:\/\/aezhenn-croisieres.bzh\/en\/#website","url":"https:\/\/aezhenn-croisieres.bzh\/en\/","name":"Croisi\u00e8res et formations maritimes en voilier au d\u00e9part de Brest avec skipper professionnel","description":"Croisi\u00e8res et formations maritimes en voilier au d\u00e9part de Brest avec skipper professionnel","publisher":{"@id":"https:\/\/aezhenn-croisieres.bzh\/en\/#organization"},"potentialAction":[{"@type":"SearchAction","target":{"@type":"EntryPoint","urlTemplate":"https:\/\/aezhenn-croisieres.bzh\/en\/?s={search_term_string}"},"query-input":{"@type":"PropertyValueSpecification","valueRequired":true,"valueName":"search_term_string"}}],"inLanguage":"en-US"},{"@type":"Organization","@id":"https:\/\/aezhenn-croisieres.bzh\/en\/#organization","name":"Croisi\u00e8res et formations maritimes en voilier au d\u00e9part de Brest avec skipper professionnel","url":"https:\/\/aezhenn-croisieres.bzh\/en\/","logo":{"@type":"ImageObject","inLanguage":"en-US","@id":"https:\/\/aezhenn-croisieres.bzh\/en\/#\/schema\/logo\/image\/","url":"https:\/\/aezhenn-croisieres.bzh\/wp-content\/uploads\/2024\/11\/cropped-aezhenn_glaz_S-1.webp","contentUrl":"https:\/\/aezhenn-croisieres.bzh\/wp-content\/uploads\/2024\/11\/cropped-aezhenn_glaz_S-1.webp","width":156,"height":90,"caption":"Croisi\u00e8res et formations maritimes en voilier au d\u00e9part de Brest avec skipper professionnel"},"image":{"@id":"https:\/\/aezhenn-croisieres.bzh\/en\/#\/schema\/logo\/image\/"}}]}},"_links":{"self":[{"href":"https:\/\/aezhenn-croisieres.bzh\/en\/wp-json\/wp\/v2\/pages\/2014","targetHints":{"allow":["GET"]}}],"collection":[{"href":"https:\/\/aezhenn-croisieres.bzh\/en\/wp-json\/wp\/v2\/pages"}],"about":[{"href":"https:\/\/aezhenn-croisieres.bzh\/en\/wp-json\/wp\/v2\/types\/page"}],"author":[{"embeddable":true,"href":"https:\/\/aezhenn-croisieres.bzh\/en\/wp-json\/wp\/v2\/users\/1"}],"replies":[{"embeddable":true,"href":"https:\/\/aezhenn-croisieres.bzh\/en\/wp-json\/wp\/v2\/comments?post=2014"}],"version-history":[{"count":9,"href":"https:\/\/aezhenn-croisieres.bzh\/en\/wp-json\/wp\/v2\/pages\/2014\/revisions"}],"predecessor-version":[{"id":2062,"href":"https:\/\/aezhenn-croisieres.bzh\/en\/wp-json\/wp\/v2\/pages\/2014\/revisions\/2062"}],"up":[{"embeddable":true,"href":"https:\/\/aezhenn-croisieres.bzh\/en\/wp-json\/wp\/v2\/pages\/1968"}],"wp:attachment":[{"href":"https:\/\/aezhenn-croisieres.bzh\/en\/wp-json\/wp\/v2\/media?parent=2014"}],"wp:term":[{"taxonomy":"wf_page_folders","embeddable":true,"href":"https:\/\/aezhenn-croisieres.bzh\/en\/wp-json\/wp\/v2\/wf_page_folders?post=2014"}],"curies":[{"name":"wp","href":"https:\/\/api.w.org\/{rel}","templated":true}]}}