{"id":2051,"date":"2024-06-03T12:31:27","date_gmt":"2024-06-03T10:31:27","guid":{"rendered":"https:\/\/aezhenn-croisieres.bzh\/cruising-courses\/onboard-training-course\/"},"modified":"2026-04-01T14:18:23","modified_gmt":"2026-04-01T12:18:23","slug":"onboard-training-course","status":"publish","type":"page","link":"https:\/\/aezhenn-croisieres.bzh\/en\/cruising-courses\/onboard-training-course\/","title":{"rendered":"Onboard Courses"},"content":{"rendered":"\n<figure class=\"wp-block-image aligncenter size-full\"><img loading=\"lazy\" decoding=\"async\" width=\"99\" height=\"90\" src=\"https:\/\/aezhenn-croisieres.bzh\/wp-content\/uploads\/2024\/12\/sailboat.webp\" alt=\"\" class=\"wp-image-1759\"\/><\/figure>\n\n<h1 class=\"wp-block-heading has-text-align-center has-ast-global-color-3-color has-text-color has-link-color has-large-font-size wp-elements-006ae82200da55b4b06966d366d5c4ea\">Onboard Training Course<\/h1>\n\n<p>As with shorebased training, it is essential to progress step by step by consolidating what you have learned. These courses aboard the sailboat <a href=\"https:\/\/aezhenn-croisieres.bzh\/en\/info\/the-sailboat\/\">Alwena<\/a>, while underway, provide an opportunity to put into practice the situations, concepts, and content covered in shorebased courses.<\/p>\n\n<p>Of course, depending on your skills, I can offer you a personalized program tailored to your needs and\/or expectations. <\/p>\n\n<p>To assess your level, the programs below detail the expected skills:<\/p>\n\n<div class=\"wp-block-media-text is-stacked-on-mobile is-vertically-aligned-top\" style=\"grid-template-columns:30% auto\"><figure class=\"wp-block-media-text__media\"><img loading=\"lazy\" decoding=\"async\" width=\"400\" height=\"531\" src=\"https:\/\/aezhenn-croisieres.bzh\/wp-content\/uploads\/2024\/11\/Alwena_03.webp\" alt=\"Sailing Cruises Training\" class=\"wp-image-1458 size-full\" srcset=\"https:\/\/aezhenn-croisieres.bzh\/wp-content\/uploads\/2024\/11\/Alwena_03.webp 400w, https:\/\/aezhenn-croisieres.bzh\/wp-content\/uploads\/2024\/11\/Alwena_03-226x300.webp 226w\" sizes=\"auto, (max-width: 400px) 100vw, 400px\" \/><\/figure><div class=\"wp-block-media-text__content\">\n<ul class=\"wp-block-list\">\n<li><a href=\"https:\/\/aezhenn-croisieres.bzh\/en\/cruising-courses\/onboard-training-course\/start-sailing-level-1\/\">Start sailing (Level 1)<\/a><\/li>\n\n\n\n<li><a href=\"https:\/\/aezhenn-croisieres.bzh\/en\/cruising-courses\/onboard-training-course\/basics-skills-level-2\/\">Basics skills (Level 2)<\/a><\/li>\n\n\n\n<li><a href=\"https:\/\/aezhenn-croisieres.bzh\/en\/cruising-courses\/onboard-training-course\/competent-crew\/\">Competent Crew<\/a><\/li>\n\n\n\n<li><a href=\"https:\/\/aezhenn-croisieres.bzh\/en\/cruising-courses\/onboard-training-course\/day-skipper-practical\/\">Day Skipper<\/a><\/li>\n\n\n\n<li>Maneuvering Under Power<\/li>\n\n\n\n<li><a href=\"https:\/\/aezhenn-croisieres.bzh\/en\/cruising-courses\/onboard-training-course\/coastal-and-offshore-skipper-practical\/\">Coastal and Offshore Skipper<\/a><\/li>\n<\/ul>\n<\/div><\/div>\n\n<figure class=\"wp-block-image aligncenter size-full\"><img loading=\"lazy\" decoding=\"async\" width=\"91\" height=\"90\" src=\"https:\/\/aezhenn-croisieres.bzh\/wp-content\/uploads\/2024\/12\/lifering.webp\" alt=\"\" class=\"wp-image-1781\"\/><\/figure>\n\n<div class=\"wp-block-media-text has-media-on-the-right is-stacked-on-mobile is-vertically-aligned-top\" style=\"padding-top:var(--wp--preset--spacing--50);padding-bottom:var(--wp--preset--spacing--50);grid-template-columns:auto 37%\"><div class=\"wp-block-media-text__content\">\n<p id=\"securite\">Since safety is THE priority, I offer you a one-day course with the following program:<\/p>\n\n\n\n<ul class=\"wp-block-list\">\n<li>Safety Briefing<\/li>\n\n\n\n<li>Weather<\/li>\n\n\n\n<li style=\"margin-top:0;margin-bottom:0\">Safety Equipment<\/li>\n\n\n\n<li>Rescue (calls and organization)<\/li>\n\n\n\n<li>Pyrotechnics<\/li>\n\n\n\n<li>Man Overboard (prevention and recovery) <\/li>\n\n\n\n<li>Fire (prevention and firefighting)<\/li>\n\n\n\n<li>Abandoning Ship (using a life raft)<\/li>\n<\/ul>\n<\/div><figure class=\"wp-block-media-text__media\"><img loading=\"lazy\" decoding=\"async\" width=\"400\" height=\"368\" src=\"https:\/\/aezhenn-croisieres.bzh\/wp-content\/uploads\/2024\/11\/secu_02.webp\" alt=\"Safety Course\" class=\"wp-image-1460 size-full\" srcset=\"https:\/\/aezhenn-croisieres.bzh\/wp-content\/uploads\/2024\/11\/secu_02.webp 400w, https:\/\/aezhenn-croisieres.bzh\/wp-content\/uploads\/2024\/11\/secu_02-300x276.webp 300w\" sizes=\"auto, (max-width: 400px) 100vw, 400px\" \/><\/figure><\/div>\n","protected":false},"excerpt":{"rendered":"<p>Onboard Training Course As with shorebased training, it is essential to progress step by step by consolidating what you have [&hellip;]<\/p>\n","protected":false},"author":1,"featured_media":0,"parent":1968,"menu_order":0,"comment_status":"closed","ping_status":"closed","template":"","meta":{"site-sidebar-layout":"default","site-content-layout":"","ast-site-content-layout":"default","site-content-style":"default","site-sidebar-style":"default","ast-global-header-display":"","ast-banner-title-visibility":"","ast-main-header-display":"","ast-hfb-above-header-display":"","ast-hfb-below-header-display":"","ast-hfb-mobile-header-display":"","site-post-title":"disabled","ast-breadcrumbs-content":"","ast-featured-img":"","footer-sml-layout":"","ast-disable-related-posts":"","theme-transparent-header-meta":"","adv-header-id-meta":"","stick-header-meta":"","header-above-stick-meta":"","header-main-stick-meta":"","header-below-stick-meta":"","astra-migrate-meta-layouts":"default","ast-page-background-enabled":"default","ast-page-background-meta":{"desktop":{"background-color":"var(--ast-global-color-4)","background-image":"","background-repeat":"repeat","background-position":"center center","background-size":"auto","background-attachment":"scroll","background-type":"","background-media":"","overlay-type":"","overlay-color":"","overlay-opacity":"","overlay-gradient":""},"tablet":{"background-color":"","background-image":"","background-repeat":"repeat","background-position":"center center","background-size":"auto","background-attachment":"scroll","background-type":"","background-media":"","overlay-type":"","overlay-color":"","overlay-opacity":"","overlay-gradient":""},"mobile":{"background-color":"","background-image":"","background-repeat":"repeat","background-position":"center center","background-size":"auto","background-attachment":"scroll","background-type":"","background-media":"","overlay-type":"","overlay-color":"","overlay-opacity":"","overlay-gradient":""}},"ast-content-background-meta":{"desktop":{"background-color":"var(--ast-global-color-5)","background-image":"","background-repeat":"repeat","background-position":"center center","background-size":"auto","background-attachment":"scroll","background-type":"","background-media":"","overlay-type":"","overlay-color":"","overlay-opacity":"","overlay-gradient":""},"tablet":{"background-color":"var(--ast-global-color-5)","background-image":"","background-repeat":"repeat","background-position":"center center","background-size":"auto","background-attachment":"scroll","background-type":"","background-media":"","overlay-type":"","overlay-color":"","overlay-opacity":"","overlay-gradient":""},"mobile":{"background-color":"var(--ast-global-color-5)","background-image":"","background-repeat":"repeat","background-position":"center center","background-size":"auto","background-attachment":"scroll","background-type":"","background-media":"","overlay-type":"","overlay-color":"","overlay-opacity":"","overlay-gradient":""}},"footnotes":""},"wf_page_folders":[22],"class_list":["post-2051","page","type-page","status-publish","hentry"],"yoast_head":"<!-- This site is optimized with the Yoast SEO plugin v27.6 - https:\/\/yoast.com\/product\/yoast-seo-wordpress\/ -->\n<title>Sailing Cruises Training in Brittany - Aezhenn Croisi\u00e8res<\/title>\n<meta name=\"description\" content=\"Sailing cruises training in Brittany: learn navigation, maneuvers and life at sea with Aezhenn Croisi\u00e8res. Practical training for beginners and experienced sailors, adapted to all levels.\" \/>\n<meta name=\"robots\" content=\"index, follow, max-snippet:-1, max-image-preview:large, max-video-preview:-1\" \/>\n<link rel=\"canonical\" href=\"https:\/\/aezhenn-croisieres.bzh\/en\/cruising-courses\/onboard-training-course\/\" \/>\n<meta property=\"og:locale\" content=\"en_US\" \/>\n<meta property=\"og:type\" content=\"article\" \/>\n<meta property=\"og:title\" content=\"Sailing Cruises Training in Brittany - Aezhenn Croisi\u00e8res\" \/>\n<meta property=\"og:description\" content=\"Sailing cruises training in Brittany: learn navigation, maneuvers and life at sea with Aezhenn Croisi\u00e8res. Practical training for beginners and experienced sailors, adapted to all levels.\" \/>\n<meta property=\"og:url\" content=\"https:\/\/aezhenn-croisieres.bzh\/en\/cruising-courses\/onboard-training-course\/\" \/>\n<meta property=\"og:site_name\" content=\"Croisi\u00e8res et formations maritimes en voilier au d\u00e9part de Brest avec skipper professionnel\" \/>\n<meta property=\"article:modified_time\" content=\"2026-04-01T12:18:23+00:00\" \/>\n<meta property=\"og:image\" content=\"https:\/\/aezhenn-croisieres.bzh\/wp-content\/uploads\/2024\/12\/sailboat.webp\" \/>\n\t<meta property=\"og:image:width\" content=\"99\" \/>\n\t<meta property=\"og:image:height\" content=\"90\" \/>\n\t<meta property=\"og:image:type\" content=\"image\/webp\" \/>\n<meta name=\"twitter:card\" content=\"summary_large_image\" \/>\n<meta name=\"twitter:label1\" content=\"Est. reading time\" \/>\n\t<meta name=\"twitter:data1\" content=\"1 minute\" \/>\n<script type=\"application\/ld+json\" class=\"yoast-schema-graph\">{\"@context\":\"https:\\\/\\\/schema.org\",\"@graph\":[{\"@type\":\"WebPage\",\"@id\":\"https:\\\/\\\/aezhenn-croisieres.bzh\\\/en\\\/cruising-courses\\\/onboard-training-course\\\/\",\"url\":\"https:\\\/\\\/aezhenn-croisieres.bzh\\\/en\\\/cruising-courses\\\/onboard-training-course\\\/\",\"name\":\"Sailing Cruises Training in Brittany - Aezhenn Croisi\u00e8res\",\"isPartOf\":{\"@id\":\"https:\\\/\\\/aezhenn-croisieres.bzh\\\/en\\\/#website\"},\"primaryImageOfPage\":{\"@id\":\"https:\\\/\\\/aezhenn-croisieres.bzh\\\/en\\\/cruising-courses\\\/onboard-training-course\\\/#primaryimage\"},\"image\":{\"@id\":\"https:\\\/\\\/aezhenn-croisieres.bzh\\\/en\\\/cruising-courses\\\/onboard-training-course\\\/#primaryimage\"},\"thumbnailUrl\":\"https:\\\/\\\/aezhenn-croisieres.bzh\\\/wp-content\\\/uploads\\\/2024\\\/12\\\/sailboat.webp\",\"datePublished\":\"2024-06-03T10:31:27+00:00\",\"dateModified\":\"2026-04-01T12:18:23+00:00\",\"description\":\"Sailing cruises training in Brittany: learn navigation, maneuvers and life at sea with Aezhenn Croisi\u00e8res. Practical training for beginners and experienced sailors, adapted to all levels.\",\"breadcrumb\":{\"@id\":\"https:\\\/\\\/aezhenn-croisieres.bzh\\\/en\\\/cruising-courses\\\/onboard-training-course\\\/#breadcrumb\"},\"inLanguage\":\"en-US\",\"potentialAction\":[{\"@type\":\"ReadAction\",\"target\":[\"https:\\\/\\\/aezhenn-croisieres.bzh\\\/en\\\/cruising-courses\\\/onboard-training-course\\\/\"]}]},{\"@type\":\"ImageObject\",\"inLanguage\":\"en-US\",\"@id\":\"https:\\\/\\\/aezhenn-croisieres.bzh\\\/en\\\/cruising-courses\\\/onboard-training-course\\\/#primaryimage\",\"url\":\"https:\\\/\\\/aezhenn-croisieres.bzh\\\/wp-content\\\/uploads\\\/2024\\\/12\\\/sailboat.webp\",\"contentUrl\":\"https:\\\/\\\/aezhenn-croisieres.bzh\\\/wp-content\\\/uploads\\\/2024\\\/12\\\/sailboat.webp\"},{\"@type\":\"BreadcrumbList\",\"@id\":\"https:\\\/\\\/aezhenn-croisieres.bzh\\\/en\\\/cruising-courses\\\/onboard-training-course\\\/#breadcrumb\",\"itemListElement\":[{\"@type\":\"ListItem\",\"position\":1,\"name\":\"Accueil\",\"item\":\"https:\\\/\\\/aezhenn-croisieres.bzh\\\/en\\\/\"},{\"@type\":\"ListItem\",\"position\":2,\"name\":\"Training\",\"item\":\"https:\\\/\\\/aezhenn-croisieres.bzh\\\/en\\\/cruising-courses\\\/\"},{\"@type\":\"ListItem\",\"position\":3,\"name\":\"Onboard Courses\"}]},{\"@type\":\"WebSite\",\"@id\":\"https:\\\/\\\/aezhenn-croisieres.bzh\\\/en\\\/#website\",\"url\":\"https:\\\/\\\/aezhenn-croisieres.bzh\\\/en\\\/\",\"name\":\"Croisi\u00e8res et formations maritimes en voilier au d\u00e9part de Brest avec skipper professionnel\",\"description\":\"Croisi\u00e8res et formations maritimes en voilier au d\u00e9part de Brest avec skipper professionnel\",\"publisher\":{\"@id\":\"https:\\\/\\\/aezhenn-croisieres.bzh\\\/en\\\/#organization\"},\"potentialAction\":[{\"@type\":\"SearchAction\",\"target\":{\"@type\":\"EntryPoint\",\"urlTemplate\":\"https:\\\/\\\/aezhenn-croisieres.bzh\\\/en\\\/?s={search_term_string}\"},\"query-input\":{\"@type\":\"PropertyValueSpecification\",\"valueRequired\":true,\"valueName\":\"search_term_string\"}}],\"inLanguage\":\"en-US\"},{\"@type\":\"Organization\",\"@id\":\"https:\\\/\\\/aezhenn-croisieres.bzh\\\/en\\\/#organization\",\"name\":\"Croisi\u00e8res et formations maritimes en voilier au d\u00e9part de Brest avec skipper professionnel\",\"url\":\"https:\\\/\\\/aezhenn-croisieres.bzh\\\/en\\\/\",\"logo\":{\"@type\":\"ImageObject\",\"inLanguage\":\"en-US\",\"@id\":\"https:\\\/\\\/aezhenn-croisieres.bzh\\\/en\\\/#\\\/schema\\\/logo\\\/image\\\/\",\"url\":\"https:\\\/\\\/aezhenn-croisieres.bzh\\\/wp-content\\\/uploads\\\/2024\\\/11\\\/cropped-aezhenn_glaz_S-1.webp\",\"contentUrl\":\"https:\\\/\\\/aezhenn-croisieres.bzh\\\/wp-content\\\/uploads\\\/2024\\\/11\\\/cropped-aezhenn_glaz_S-1.webp\",\"width\":156,\"height\":90,\"caption\":\"Croisi\u00e8res et formations maritimes en voilier au d\u00e9part de Brest avec skipper professionnel\"},\"image\":{\"@id\":\"https:\\\/\\\/aezhenn-croisieres.bzh\\\/en\\\/#\\\/schema\\\/logo\\\/image\\\/\"}}]}<\/script>\n<!-- \/ Yoast SEO plugin. -->","yoast_head_json":{"title":"Sailing Cruises Training in Brittany - Aezhenn Croisi\u00e8res","description":"Sailing cruises training in Brittany: learn navigation, maneuvers and life at sea with Aezhenn Croisi\u00e8res. Practical training for beginners and experienced sailors, adapted to all levels.","robots":{"index":"index","follow":"follow","max-snippet":"max-snippet:-1","max-image-preview":"max-image-preview:large","max-video-preview":"max-video-preview:-1"},"canonical":"https:\/\/aezhenn-croisieres.bzh\/en\/cruising-courses\/onboard-training-course\/","og_locale":"en_US","og_type":"article","og_title":"Sailing Cruises Training in Brittany - Aezhenn Croisi\u00e8res","og_description":"Sailing cruises training in Brittany: learn navigation, maneuvers and life at sea with Aezhenn Croisi\u00e8res. Practical training for beginners and experienced sailors, adapted to all levels.","og_url":"https:\/\/aezhenn-croisieres.bzh\/en\/cruising-courses\/onboard-training-course\/","og_site_name":"Croisi\u00e8res et formations maritimes en voilier au d\u00e9part de Brest avec skipper professionnel","article_modified_time":"2026-04-01T12:18:23+00:00","og_image":[{"width":99,"height":90,"url":"https:\/\/aezhenn-croisieres.bzh\/wp-content\/uploads\/2024\/12\/sailboat.webp","type":"image\/webp"}],"twitter_card":"summary_large_image","twitter_misc":{"Est. reading time":"1 minute"},"schema":{"@context":"https:\/\/schema.org","@graph":[{"@type":"WebPage","@id":"https:\/\/aezhenn-croisieres.bzh\/en\/cruising-courses\/onboard-training-course\/","url":"https:\/\/aezhenn-croisieres.bzh\/en\/cruising-courses\/onboard-training-course\/","name":"Sailing Cruises Training in Brittany - Aezhenn Croisi\u00e8res","isPartOf":{"@id":"https:\/\/aezhenn-croisieres.bzh\/en\/#website"},"primaryImageOfPage":{"@id":"https:\/\/aezhenn-croisieres.bzh\/en\/cruising-courses\/onboard-training-course\/#primaryimage"},"image":{"@id":"https:\/\/aezhenn-croisieres.bzh\/en\/cruising-courses\/onboard-training-course\/#primaryimage"},"thumbnailUrl":"https:\/\/aezhenn-croisieres.bzh\/wp-content\/uploads\/2024\/12\/sailboat.webp","datePublished":"2024-06-03T10:31:27+00:00","dateModified":"2026-04-01T12:18:23+00:00","description":"Sailing cruises training in Brittany: learn navigation, maneuvers and life at sea with Aezhenn Croisi\u00e8res. Practical training for beginners and experienced sailors, adapted to all levels.","breadcrumb":{"@id":"https:\/\/aezhenn-croisieres.bzh\/en\/cruising-courses\/onboard-training-course\/#breadcrumb"},"inLanguage":"en-US","potentialAction":[{"@type":"ReadAction","target":["https:\/\/aezhenn-croisieres.bzh\/en\/cruising-courses\/onboard-training-course\/"]}]},{"@type":"ImageObject","inLanguage":"en-US","@id":"https:\/\/aezhenn-croisieres.bzh\/en\/cruising-courses\/onboard-training-course\/#primaryimage","url":"https:\/\/aezhenn-croisieres.bzh\/wp-content\/uploads\/2024\/12\/sailboat.webp","contentUrl":"https:\/\/aezhenn-croisieres.bzh\/wp-content\/uploads\/2024\/12\/sailboat.webp"},{"@type":"BreadcrumbList","@id":"https:\/\/aezhenn-croisieres.bzh\/en\/cruising-courses\/onboard-training-course\/#breadcrumb","itemListElement":[{"@type":"ListItem","position":1,"name":"Accueil","item":"https:\/\/aezhenn-croisieres.bzh\/en\/"},{"@type":"ListItem","position":2,"name":"Training","item":"https:\/\/aezhenn-croisieres.bzh\/en\/cruising-courses\/"},{"@type":"ListItem","position":3,"name":"Onboard Courses"}]},{"@type":"WebSite","@id":"https:\/\/aezhenn-croisieres.bzh\/en\/#website","url":"https:\/\/aezhenn-croisieres.bzh\/en\/","name":"Croisi\u00e8res et formations maritimes en voilier au d\u00e9part de Brest avec skipper professionnel","description":"Croisi\u00e8res et formations maritimes en voilier au d\u00e9part de Brest avec skipper professionnel","publisher":{"@id":"https:\/\/aezhenn-croisieres.bzh\/en\/#organization"},"potentialAction":[{"@type":"SearchAction","target":{"@type":"EntryPoint","urlTemplate":"https:\/\/aezhenn-croisieres.bzh\/en\/?s={search_term_string}"},"query-input":{"@type":"PropertyValueSpecification","valueRequired":true,"valueName":"search_term_string"}}],"inLanguage":"en-US"},{"@type":"Organization","@id":"https:\/\/aezhenn-croisieres.bzh\/en\/#organization","name":"Croisi\u00e8res et formations maritimes en voilier au d\u00e9part de Brest avec skipper professionnel","url":"https:\/\/aezhenn-croisieres.bzh\/en\/","logo":{"@type":"ImageObject","inLanguage":"en-US","@id":"https:\/\/aezhenn-croisieres.bzh\/en\/#\/schema\/logo\/image\/","url":"https:\/\/aezhenn-croisieres.bzh\/wp-content\/uploads\/2024\/11\/cropped-aezhenn_glaz_S-1.webp","contentUrl":"https:\/\/aezhenn-croisieres.bzh\/wp-content\/uploads\/2024\/11\/cropped-aezhenn_glaz_S-1.webp","width":156,"height":90,"caption":"Croisi\u00e8res et formations maritimes en voilier au d\u00e9part de Brest avec skipper professionnel"},"image":{"@id":"https:\/\/aezhenn-croisieres.bzh\/en\/#\/schema\/logo\/image\/"}}]}},"_links":{"self":[{"href":"https:\/\/aezhenn-croisieres.bzh\/en\/wp-json\/wp\/v2\/pages\/2051","targetHints":{"allow":["GET"]}}],"collection":[{"href":"https:\/\/aezhenn-croisieres.bzh\/en\/wp-json\/wp\/v2\/pages"}],"about":[{"href":"https:\/\/aezhenn-croisieres.bzh\/en\/wp-json\/wp\/v2\/types\/page"}],"author":[{"embeddable":true,"href":"https:\/\/aezhenn-croisieres.bzh\/en\/wp-json\/wp\/v2\/users\/1"}],"replies":[{"embeddable":true,"href":"https:\/\/aezhenn-croisieres.bzh\/en\/wp-json\/wp\/v2\/comments?post=2051"}],"version-history":[{"count":14,"href":"https:\/\/aezhenn-croisieres.bzh\/en\/wp-json\/wp\/v2\/pages\/2051\/revisions"}],"predecessor-version":[{"id":2109,"href":"https:\/\/aezhenn-croisieres.bzh\/en\/wp-json\/wp\/v2\/pages\/2051\/revisions\/2109"}],"up":[{"embeddable":true,"href":"https:\/\/aezhenn-croisieres.bzh\/en\/wp-json\/wp\/v2\/pages\/1968"}],"wp:attachment":[{"href":"https:\/\/aezhenn-croisieres.bzh\/en\/wp-json\/wp\/v2\/media?parent=2051"}],"wp:term":[{"taxonomy":"wf_page_folders","embeddable":true,"href":"https:\/\/aezhenn-croisieres.bzh\/en\/wp-json\/wp\/v2\/wf_page_folders?post=2051"}],"curies":[{"name":"wp","href":"https:\/\/api.w.org\/{rel}","templated":true}]}}