{"id":2065,"date":"2024-06-05T15:30:54","date_gmt":"2024-06-05T13:30:54","guid":{"rendered":"https:\/\/aezhenn-croisieres.bzh\/cruising-courses\/onboard-training-course\/start-sailing-level-1\/"},"modified":"2026-04-01T16:37:52","modified_gmt":"2026-04-01T14:37:52","slug":"start-sailing-level-1","status":"publish","type":"page","link":"https:\/\/aezhenn-croisieres.bzh\/en\/cruising-courses\/onboard-training-course\/start-sailing-level-1\/","title":{"rendered":"Start Sailing (Level 1)"},"content":{"rendered":"\n<h1 class=\"wp-block-heading has-text-align-center has-ast-global-color-3-color has-text-color has-link-color has-large-font-size wp-elements-64fe844371583aac1970a5ce27c1bc9e\">Start Sailing (Level 1)<\/h1>\n\n<p>This course provides a short introduction to sailing for novices. By the end of the course you will have a basic understanding of yacht handling under sail, including practical techniques and background knowledge.<\/p>\n\n<p>It is recommended that all participants consolidate this short introduction with the <a href=\"https:\/\/aezhenn-croisieres.bzh\/en\/cruising-courses\/shorebased-courses\/essential-navigation-and-seamanship\/\">Essential Navigation and Seamanship Skills<\/a>.<\/p>\n\n<p>Duration: 16 hours<\/p>\n\n<p>Recommended minimum age: 12 years<\/p>\n\n<div class=\"wp-block-media-text is-stacked-on-mobile is-vertically-aligned-top\" style=\"grid-template-columns:25% auto\"><figure class=\"wp-block-media-text__media\"><img loading=\"lazy\" decoding=\"async\" width=\"300\" height=\"300\" src=\"https:\/\/aezhenn-croisieres.bzh\/wp-content\/uploads\/2024\/11\/rose_des_vents.webp\" alt=\"\" class=\"wp-image-1466 size-full\" srcset=\"https:\/\/aezhenn-croisieres.bzh\/wp-content\/uploads\/2024\/11\/rose_des_vents.webp 300w, https:\/\/aezhenn-croisieres.bzh\/wp-content\/uploads\/2024\/11\/rose_des_vents-150x150.webp 150w, https:\/\/aezhenn-croisieres.bzh\/wp-content\/uploads\/2024\/11\/rose_des_vents-100x100.webp 100w\" sizes=\"auto, (max-width: 300px) 100vw, 300px\" \/><\/figure><div class=\"wp-block-media-text__content\">\n<div class=\"wp-block-pdf-viewer-block-standard\" style=\"text-align:center\"><div class=\"uploaded-pdf\"><a href=\"https:\/\/aezhenn-croisieres.bzh\/wp-content\/uploads\/2026\/03\/01Prt_Start_sailing-level-1.pdf\" data-width=\"\" data-height=\"\"><\/a><\/div><\/div>\n<\/div><\/div>\n","protected":false},"excerpt":{"rendered":"<p>Start Sailing (Level 1) This course provides a short introduction to sailing for novices. By the end of the course [&hellip;]<\/p>\n","protected":false},"author":1,"featured_media":0,"parent":2051,"menu_order":0,"comment_status":"closed","ping_status":"closed","template":"","meta":{"site-sidebar-layout":"default","site-content-layout":"","ast-site-content-layout":"default","site-content-style":"default","site-sidebar-style":"default","ast-global-header-display":"","ast-banner-title-visibility":"","ast-main-header-display":"","ast-hfb-above-header-display":"","ast-hfb-below-header-display":"","ast-hfb-mobile-header-display":"","site-post-title":"disabled","ast-breadcrumbs-content":"","ast-featured-img":"","footer-sml-layout":"","ast-disable-related-posts":"","theme-transparent-header-meta":"","adv-header-id-meta":"","stick-header-meta":"","header-above-stick-meta":"","header-main-stick-meta":"","header-below-stick-meta":"","astra-migrate-meta-layouts":"default","ast-page-background-enabled":"default","ast-page-background-meta":{"desktop":{"background-color":"var(--ast-global-color-4)","background-image":"","background-repeat":"repeat","background-position":"center center","background-size":"auto","background-attachment":"scroll","background-type":"","background-media":"","overlay-type":"","overlay-color":"","overlay-opacity":"","overlay-gradient":""},"tablet":{"background-color":"","background-image":"","background-repeat":"repeat","background-position":"center center","background-size":"auto","background-attachment":"scroll","background-type":"","background-media":"","overlay-type":"","overlay-color":"","overlay-opacity":"","overlay-gradient":""},"mobile":{"background-color":"","background-image":"","background-repeat":"repeat","background-position":"center center","background-size":"auto","background-attachment":"scroll","background-type":"","background-media":"","overlay-type":"","overlay-color":"","overlay-opacity":"","overlay-gradient":""}},"ast-content-background-meta":{"desktop":{"background-color":"var(--ast-global-color-5)","background-image":"","background-repeat":"repeat","background-position":"center center","background-size":"auto","background-attachment":"scroll","background-type":"","background-media":"","overlay-type":"","overlay-color":"","overlay-opacity":"","overlay-gradient":""},"tablet":{"background-color":"var(--ast-global-color-5)","background-image":"","background-repeat":"repeat","background-position":"center center","background-size":"auto","background-attachment":"scroll","background-type":"","background-media":"","overlay-type":"","overlay-color":"","overlay-opacity":"","overlay-gradient":""},"mobile":{"background-color":"var(--ast-global-color-5)","background-image":"","background-repeat":"repeat","background-position":"center center","background-size":"auto","background-attachment":"scroll","background-type":"","background-media":"","overlay-type":"","overlay-color":"","overlay-opacity":"","overlay-gradient":""}},"footnotes":""},"wf_page_folders":[22],"class_list":["post-2065","page","type-page","status-publish","hentry"],"yoast_head":"<!-- This site is optimized with the Yoast SEO plugin v27.6 - https:\/\/yoast.com\/product\/yoast-seo-wordpress\/ -->\n<title>Start Sailing - Aezhenn Croisi\u00e8res<\/title>\n<meta name=\"description\" content=\"Discover how to get started with liveaboard sailing cruises with Aezhenn Croisi\u00e8res. Benefit from practical advice, personalized support, and tailored training to sail with confidence on Breton waters. Learn the basics of sailing and embark on a maritime adventure!\" \/>\n<meta name=\"robots\" content=\"index, follow, max-snippet:-1, max-image-preview:large, max-video-preview:-1\" \/>\n<link rel=\"canonical\" href=\"https:\/\/aezhenn-croisieres.bzh\/en\/cruising-courses\/onboard-training-course\/start-sailing-level-1\/\" \/>\n<meta property=\"og:locale\" content=\"en_US\" \/>\n<meta property=\"og:type\" content=\"article\" \/>\n<meta property=\"og:title\" content=\"Start Sailing - Aezhenn Croisi\u00e8res\" \/>\n<meta property=\"og:description\" content=\"Discover how to get started with liveaboard sailing cruises with Aezhenn Croisi\u00e8res. Benefit from practical advice, personalized support, and tailored training to sail with confidence on Breton waters. Learn the basics of sailing and embark on a maritime adventure!\" \/>\n<meta property=\"og:url\" content=\"https:\/\/aezhenn-croisieres.bzh\/en\/cruising-courses\/onboard-training-course\/start-sailing-level-1\/\" \/>\n<meta property=\"og:site_name\" content=\"Croisi\u00e8res et formations maritimes en voilier au d\u00e9part de Brest avec skipper professionnel\" \/>\n<meta property=\"article:modified_time\" content=\"2026-04-01T14:37:52+00:00\" \/>\n<meta property=\"og:image\" content=\"https:\/\/aezhenn-croisieres.bzh\/wp-content\/uploads\/2024\/11\/rose_des_vents.webp\" \/>\n\t<meta property=\"og:image:width\" content=\"300\" \/>\n\t<meta property=\"og:image:height\" content=\"300\" \/>\n\t<meta property=\"og:image:type\" content=\"image\/webp\" \/>\n<meta name=\"twitter:card\" content=\"summary_large_image\" \/>\n<script type=\"application\/ld+json\" class=\"yoast-schema-graph\">{\"@context\":\"https:\\\/\\\/schema.org\",\"@graph\":[{\"@type\":\"WebPage\",\"@id\":\"https:\\\/\\\/aezhenn-croisieres.bzh\\\/en\\\/cruising-courses\\\/onboard-training-course\\\/start-sailing-level-1\\\/\",\"url\":\"https:\\\/\\\/aezhenn-croisieres.bzh\\\/en\\\/cruising-courses\\\/onboard-training-course\\\/start-sailing-level-1\\\/\",\"name\":\"Start Sailing - Aezhenn Croisi\u00e8res\",\"isPartOf\":{\"@id\":\"https:\\\/\\\/aezhenn-croisieres.bzh\\\/en\\\/#website\"},\"primaryImageOfPage\":{\"@id\":\"https:\\\/\\\/aezhenn-croisieres.bzh\\\/en\\\/cruising-courses\\\/onboard-training-course\\\/start-sailing-level-1\\\/#primaryimage\"},\"image\":{\"@id\":\"https:\\\/\\\/aezhenn-croisieres.bzh\\\/en\\\/cruising-courses\\\/onboard-training-course\\\/start-sailing-level-1\\\/#primaryimage\"},\"thumbnailUrl\":\"https:\\\/\\\/aezhenn-croisieres.bzh\\\/wp-content\\\/uploads\\\/2024\\\/11\\\/rose_des_vents.webp\",\"datePublished\":\"2024-06-05T13:30:54+00:00\",\"dateModified\":\"2026-04-01T14:37:52+00:00\",\"description\":\"Discover how to get started with liveaboard sailing cruises with Aezhenn Croisi\u00e8res. Benefit from practical advice, personalized support, and tailored training to sail with confidence on Breton waters. Learn the basics of sailing and embark on a maritime adventure!\",\"breadcrumb\":{\"@id\":\"https:\\\/\\\/aezhenn-croisieres.bzh\\\/en\\\/cruising-courses\\\/onboard-training-course\\\/start-sailing-level-1\\\/#breadcrumb\"},\"inLanguage\":\"en-US\",\"potentialAction\":[{\"@type\":\"ReadAction\",\"target\":[\"https:\\\/\\\/aezhenn-croisieres.bzh\\\/en\\\/cruising-courses\\\/onboard-training-course\\\/start-sailing-level-1\\\/\"]}]},{\"@type\":\"ImageObject\",\"inLanguage\":\"en-US\",\"@id\":\"https:\\\/\\\/aezhenn-croisieres.bzh\\\/en\\\/cruising-courses\\\/onboard-training-course\\\/start-sailing-level-1\\\/#primaryimage\",\"url\":\"https:\\\/\\\/aezhenn-croisieres.bzh\\\/wp-content\\\/uploads\\\/2024\\\/11\\\/rose_des_vents.webp\",\"contentUrl\":\"https:\\\/\\\/aezhenn-croisieres.bzh\\\/wp-content\\\/uploads\\\/2024\\\/11\\\/rose_des_vents.webp\"},{\"@type\":\"BreadcrumbList\",\"@id\":\"https:\\\/\\\/aezhenn-croisieres.bzh\\\/en\\\/cruising-courses\\\/onboard-training-course\\\/start-sailing-level-1\\\/#breadcrumb\",\"itemListElement\":[{\"@type\":\"ListItem\",\"position\":1,\"name\":\"Accueil\",\"item\":\"https:\\\/\\\/aezhenn-croisieres.bzh\\\/en\\\/\"},{\"@type\":\"ListItem\",\"position\":2,\"name\":\"Training\",\"item\":\"https:\\\/\\\/aezhenn-croisieres.bzh\\\/en\\\/cruising-courses\\\/\"},{\"@type\":\"ListItem\",\"position\":3,\"name\":\"Onboard Courses\",\"item\":\"https:\\\/\\\/aezhenn-croisieres.bzh\\\/en\\\/cruising-courses\\\/onboard-training-course\\\/\"},{\"@type\":\"ListItem\",\"position\":4,\"name\":\"Start Sailing (Level 1)\"}]},{\"@type\":\"WebSite\",\"@id\":\"https:\\\/\\\/aezhenn-croisieres.bzh\\\/en\\\/#website\",\"url\":\"https:\\\/\\\/aezhenn-croisieres.bzh\\\/en\\\/\",\"name\":\"Croisi\u00e8res et formations maritimes en voilier au d\u00e9part de Brest avec skipper professionnel\",\"description\":\"Croisi\u00e8res et formations maritimes en voilier au d\u00e9part de Brest avec skipper professionnel\",\"publisher\":{\"@id\":\"https:\\\/\\\/aezhenn-croisieres.bzh\\\/en\\\/#organization\"},\"potentialAction\":[{\"@type\":\"SearchAction\",\"target\":{\"@type\":\"EntryPoint\",\"urlTemplate\":\"https:\\\/\\\/aezhenn-croisieres.bzh\\\/en\\\/?s={search_term_string}\"},\"query-input\":{\"@type\":\"PropertyValueSpecification\",\"valueRequired\":true,\"valueName\":\"search_term_string\"}}],\"inLanguage\":\"en-US\"},{\"@type\":\"Organization\",\"@id\":\"https:\\\/\\\/aezhenn-croisieres.bzh\\\/en\\\/#organization\",\"name\":\"Croisi\u00e8res et formations maritimes en voilier au d\u00e9part de Brest avec skipper professionnel\",\"url\":\"https:\\\/\\\/aezhenn-croisieres.bzh\\\/en\\\/\",\"logo\":{\"@type\":\"ImageObject\",\"inLanguage\":\"en-US\",\"@id\":\"https:\\\/\\\/aezhenn-croisieres.bzh\\\/en\\\/#\\\/schema\\\/logo\\\/image\\\/\",\"url\":\"https:\\\/\\\/aezhenn-croisieres.bzh\\\/wp-content\\\/uploads\\\/2024\\\/11\\\/cropped-aezhenn_glaz_S-1.webp\",\"contentUrl\":\"https:\\\/\\\/aezhenn-croisieres.bzh\\\/wp-content\\\/uploads\\\/2024\\\/11\\\/cropped-aezhenn_glaz_S-1.webp\",\"width\":156,\"height\":90,\"caption\":\"Croisi\u00e8res et formations maritimes en voilier au d\u00e9part de Brest avec skipper professionnel\"},\"image\":{\"@id\":\"https:\\\/\\\/aezhenn-croisieres.bzh\\\/en\\\/#\\\/schema\\\/logo\\\/image\\\/\"}}]}<\/script>\n<!-- \/ Yoast SEO plugin. -->","yoast_head_json":{"title":"Start Sailing - Aezhenn Croisi\u00e8res","description":"Discover how to get started with liveaboard sailing cruises with Aezhenn Croisi\u00e8res. Benefit from practical advice, personalized support, and tailored training to sail with confidence on Breton waters. Learn the basics of sailing and embark on a maritime adventure!","robots":{"index":"index","follow":"follow","max-snippet":"max-snippet:-1","max-image-preview":"max-image-preview:large","max-video-preview":"max-video-preview:-1"},"canonical":"https:\/\/aezhenn-croisieres.bzh\/en\/cruising-courses\/onboard-training-course\/start-sailing-level-1\/","og_locale":"en_US","og_type":"article","og_title":"Start Sailing - Aezhenn Croisi\u00e8res","og_description":"Discover how to get started with liveaboard sailing cruises with Aezhenn Croisi\u00e8res. Benefit from practical advice, personalized support, and tailored training to sail with confidence on Breton waters. Learn the basics of sailing and embark on a maritime adventure!","og_url":"https:\/\/aezhenn-croisieres.bzh\/en\/cruising-courses\/onboard-training-course\/start-sailing-level-1\/","og_site_name":"Croisi\u00e8res et formations maritimes en voilier au d\u00e9part de Brest avec skipper professionnel","article_modified_time":"2026-04-01T14:37:52+00:00","og_image":[{"width":300,"height":300,"url":"https:\/\/aezhenn-croisieres.bzh\/wp-content\/uploads\/2024\/11\/rose_des_vents.webp","type":"image\/webp"}],"twitter_card":"summary_large_image","schema":{"@context":"https:\/\/schema.org","@graph":[{"@type":"WebPage","@id":"https:\/\/aezhenn-croisieres.bzh\/en\/cruising-courses\/onboard-training-course\/start-sailing-level-1\/","url":"https:\/\/aezhenn-croisieres.bzh\/en\/cruising-courses\/onboard-training-course\/start-sailing-level-1\/","name":"Start Sailing - Aezhenn Croisi\u00e8res","isPartOf":{"@id":"https:\/\/aezhenn-croisieres.bzh\/en\/#website"},"primaryImageOfPage":{"@id":"https:\/\/aezhenn-croisieres.bzh\/en\/cruising-courses\/onboard-training-course\/start-sailing-level-1\/#primaryimage"},"image":{"@id":"https:\/\/aezhenn-croisieres.bzh\/en\/cruising-courses\/onboard-training-course\/start-sailing-level-1\/#primaryimage"},"thumbnailUrl":"https:\/\/aezhenn-croisieres.bzh\/wp-content\/uploads\/2024\/11\/rose_des_vents.webp","datePublished":"2024-06-05T13:30:54+00:00","dateModified":"2026-04-01T14:37:52+00:00","description":"Discover how to get started with liveaboard sailing cruises with Aezhenn Croisi\u00e8res. Benefit from practical advice, personalized support, and tailored training to sail with confidence on Breton waters. Learn the basics of sailing and embark on a maritime adventure!","breadcrumb":{"@id":"https:\/\/aezhenn-croisieres.bzh\/en\/cruising-courses\/onboard-training-course\/start-sailing-level-1\/#breadcrumb"},"inLanguage":"en-US","potentialAction":[{"@type":"ReadAction","target":["https:\/\/aezhenn-croisieres.bzh\/en\/cruising-courses\/onboard-training-course\/start-sailing-level-1\/"]}]},{"@type":"ImageObject","inLanguage":"en-US","@id":"https:\/\/aezhenn-croisieres.bzh\/en\/cruising-courses\/onboard-training-course\/start-sailing-level-1\/#primaryimage","url":"https:\/\/aezhenn-croisieres.bzh\/wp-content\/uploads\/2024\/11\/rose_des_vents.webp","contentUrl":"https:\/\/aezhenn-croisieres.bzh\/wp-content\/uploads\/2024\/11\/rose_des_vents.webp"},{"@type":"BreadcrumbList","@id":"https:\/\/aezhenn-croisieres.bzh\/en\/cruising-courses\/onboard-training-course\/start-sailing-level-1\/#breadcrumb","itemListElement":[{"@type":"ListItem","position":1,"name":"Accueil","item":"https:\/\/aezhenn-croisieres.bzh\/en\/"},{"@type":"ListItem","position":2,"name":"Training","item":"https:\/\/aezhenn-croisieres.bzh\/en\/cruising-courses\/"},{"@type":"ListItem","position":3,"name":"Onboard Courses","item":"https:\/\/aezhenn-croisieres.bzh\/en\/cruising-courses\/onboard-training-course\/"},{"@type":"ListItem","position":4,"name":"Start Sailing (Level 1)"}]},{"@type":"WebSite","@id":"https:\/\/aezhenn-croisieres.bzh\/en\/#website","url":"https:\/\/aezhenn-croisieres.bzh\/en\/","name":"Croisi\u00e8res et formations maritimes en voilier au d\u00e9part de Brest avec skipper professionnel","description":"Croisi\u00e8res et formations maritimes en voilier au d\u00e9part de Brest avec skipper professionnel","publisher":{"@id":"https:\/\/aezhenn-croisieres.bzh\/en\/#organization"},"potentialAction":[{"@type":"SearchAction","target":{"@type":"EntryPoint","urlTemplate":"https:\/\/aezhenn-croisieres.bzh\/en\/?s={search_term_string}"},"query-input":{"@type":"PropertyValueSpecification","valueRequired":true,"valueName":"search_term_string"}}],"inLanguage":"en-US"},{"@type":"Organization","@id":"https:\/\/aezhenn-croisieres.bzh\/en\/#organization","name":"Croisi\u00e8res et formations maritimes en voilier au d\u00e9part de Brest avec skipper professionnel","url":"https:\/\/aezhenn-croisieres.bzh\/en\/","logo":{"@type":"ImageObject","inLanguage":"en-US","@id":"https:\/\/aezhenn-croisieres.bzh\/en\/#\/schema\/logo\/image\/","url":"https:\/\/aezhenn-croisieres.bzh\/wp-content\/uploads\/2024\/11\/cropped-aezhenn_glaz_S-1.webp","contentUrl":"https:\/\/aezhenn-croisieres.bzh\/wp-content\/uploads\/2024\/11\/cropped-aezhenn_glaz_S-1.webp","width":156,"height":90,"caption":"Croisi\u00e8res et formations maritimes en voilier au d\u00e9part de Brest avec skipper professionnel"},"image":{"@id":"https:\/\/aezhenn-croisieres.bzh\/en\/#\/schema\/logo\/image\/"}}]}},"_links":{"self":[{"href":"https:\/\/aezhenn-croisieres.bzh\/en\/wp-json\/wp\/v2\/pages\/2065","targetHints":{"allow":["GET"]}}],"collection":[{"href":"https:\/\/aezhenn-croisieres.bzh\/en\/wp-json\/wp\/v2\/pages"}],"about":[{"href":"https:\/\/aezhenn-croisieres.bzh\/en\/wp-json\/wp\/v2\/types\/page"}],"author":[{"embeddable":true,"href":"https:\/\/aezhenn-croisieres.bzh\/en\/wp-json\/wp\/v2\/users\/1"}],"replies":[{"embeddable":true,"href":"https:\/\/aezhenn-croisieres.bzh\/en\/wp-json\/wp\/v2\/comments?post=2065"}],"version-history":[{"count":8,"href":"https:\/\/aezhenn-croisieres.bzh\/en\/wp-json\/wp\/v2\/pages\/2065\/revisions"}],"predecessor-version":[{"id":2145,"href":"https:\/\/aezhenn-croisieres.bzh\/en\/wp-json\/wp\/v2\/pages\/2065\/revisions\/2145"}],"up":[{"embeddable":true,"href":"https:\/\/aezhenn-croisieres.bzh\/en\/wp-json\/wp\/v2\/pages\/2051"}],"wp:attachment":[{"href":"https:\/\/aezhenn-croisieres.bzh\/en\/wp-json\/wp\/v2\/media?parent=2065"}],"wp:term":[{"taxonomy":"wf_page_folders","embeddable":true,"href":"https:\/\/aezhenn-croisieres.bzh\/en\/wp-json\/wp\/v2\/wf_page_folders?post=2065"}],"curies":[{"name":"wp","href":"https:\/\/api.w.org\/{rel}","templated":true}]}}